{"id":737,"date":"2022-06-01T10:11:22","date_gmt":"2022-06-01T10:11:22","guid":{"rendered":"https:\/\/api-hk.com\/?page_id=737"},"modified":"2024-10-20T21:19:36","modified_gmt":"2024-10-20T21:19:36","slug":"acerca-de-nosotros","status":"publish","type":"page","link":"https:\/\/www.api-hk.com\/es\/acerca-de-nosotros\/","title":{"rendered":"Sobre nosotros"},"content":{"rendered":"<div data-elementor-type=\"wp-page\" data-elementor-id=\"737\" class=\"elementor elementor-737\">\n\t\t\t\t\t\t<section class=\"elementor-section elementor-top-section elementor-element elementor-element-f8b4e3e elementor-section-content-middle custom_sub_header sec-banner elementor-section-boxed elementor-section-height-default elementor-section-height-default\" data-id=\"f8b4e3e\" data-element_type=\"section\" data-settings=\"{&quot;background_background&quot;:&quot;classic&quot;}\">\n\t\t\t\t\t\t<div class=\"elementor-container elementor-column-gap-default\">\n\t\t\t\t\t<div class=\"elementor-column elementor-col-100 elementor-top-column elementor-element elementor-element-be5b53a\" data-id=\"be5b53a\" data-element_type=\"column\">\n\t\t\t<div class=\"elementor-widget-wrap elementor-element-populated\">\n\t\t\t\t\t\t<div class=\"elementor-element elementor-element-0f6d509 elementor-widget elementor-widget-shortcode\" data-id=\"0f6d509\" data-element_type=\"widget\" data-widget_type=\"shortcode.default\">\n\t\t\t\t<div class=\"elementor-widget-container\">\n\t\t\t\t\t<div class=\"elementor-shortcode\"><h1 class=\"sub_header_title\">Sobre nosotros<\/h1><\/div>\n\t\t\t\t<\/div>\n\t\t\t\t<\/div>\n\t\t\t\t\t<\/div>\n\t\t<\/div>\n\t\t\t\t\t<\/div>\n\t\t<\/section>\n\t\t\t\t<section class=\"elementor-section elementor-top-section elementor-element elementor-element-361659d elementor-section-content-middle custom_bread_ elementor-section-boxed elementor-section-height-default elementor-section-height-default\" data-id=\"361659d\" data-element_type=\"section\" data-settings=\"{&quot;background_background&quot;:&quot;classic&quot;}\">\n\t\t\t\t\t\t\t<div class=\"elementor-background-overlay\"><\/div>\n\t\t\t\t\t\t\t<div class=\"elementor-container elementor-column-gap-default\">\n\t\t\t\t\t<div class=\"elementor-column elementor-col-100 elementor-top-column elementor-element elementor-element-67f6be1\" data-id=\"67f6be1\" data-element_type=\"column\">\n\t\t\t<div class=\"elementor-widget-wrap elementor-element-populated\">\n\t\t\t\t\t\t<div class=\"elementor-element elementor-element-5ad1221 elementor-widget elementor-widget-shortcode\" data-id=\"5ad1221\" data-element_type=\"widget\" data-widget_type=\"shortcode.default\">\n\t\t\t\t<div class=\"elementor-widget-container\">\n\t\t\t<div class='breadcrumb_list'><a href=\"https:\/\/www.api-hk.com\/es\" >Inicio<\/a><\/div>\t\t<div class=\"elementor-shortcode\"><\/div>\n\t\t\t\t<\/div>\n\t\t\t\t<\/div>\n\t\t\t\t\t<\/div>\n\t\t<\/div>\n\t\t\t\t\t<\/div>\n\t\t<\/section>\n\t\t\t\t<section class=\"elementor-section elementor-top-section elementor-element elementor-element-6434f4c elementor-section-boxed elementor-section-height-default elementor-section-height-default\" data-id=\"6434f4c\" data-element_type=\"section\">\n\t\t\t\t\t\t<div class=\"elementor-container elementor-column-gap-default\">\n\t\t\t\t\t<div class=\"elementor-column elementor-col-100 elementor-top-column elementor-element elementor-element-3dafac4\" data-id=\"3dafac4\" data-element_type=\"column\">\n\t\t\t<div class=\"elementor-widget-wrap elementor-element-populated\">\n\t\t\t\t\t\t<div class=\"elementor-element elementor-element-1202619 elementor-widget elementor-widget-heading\" data-id=\"1202619\" data-element_type=\"widget\" data-widget_type=\"heading.default\">\n\t\t\t\t<div class=\"elementor-widget-container\">\n\t\t\t<style>\/*! elementor - v3.21.0 - 18-04-2024 *\/\n.elementor-heading-title{padding:0;margin:0;line-height:1}.elementor-widget-heading .elementor-heading-title[class*=elementor-size-]>a{color:inherit;font-size:inherit;line-height:inherit}.elementor-widget-heading .elementor-heading-title.elementor-size-small{font-size:15px}.elementor-widget-heading .elementor-heading-title.elementor-size-medium{font-size:19px}.elementor-widget-heading .elementor-heading-title.elementor-size-large{font-size:29px}.elementor-widget-heading .elementor-heading-title.elementor-size-xl{font-size:39px}.elementor-widget-heading .elementor-heading-title.elementor-size-xxl{font-size:59px}<\/style><h2 class=\"elementor-heading-title elementor-size-default\">La historia de API, casi tres d\u00e9cadas en Asia ofreciendo Garant\u00eda de Calidad para Art\u00edculos para el Hogar<\/h2>\t\t<\/div>\n\t\t\t\t<\/div>\n\t\t\t\t\t<\/div>\n\t\t<\/div>\n\t\t\t\t\t<\/div>\n\t\t<\/section>\n\t\t\t\t<section class=\"elementor-section elementor-top-section elementor-element elementor-element-f55001d elementor-section-boxed elementor-section-height-default elementor-section-height-default\" data-id=\"f55001d\" data-element_type=\"section\">\n\t\t\t\t\t\t<div class=\"elementor-container elementor-column-gap-default\">\n\t\t\t\t\t<div class=\"elementor-column elementor-col-100 elementor-top-column elementor-element elementor-element-4ec1626\" data-id=\"4ec1626\" data-element_type=\"column\">\n\t\t\t<div class=\"elementor-widget-wrap elementor-element-populated\">\n\t\t\t\t\t\t<div class=\"elementor-element elementor-element-ed670a3 We offer a range of quality assurance solutions for household goods brands, retailers, and importers all over the world, including: elementor-invisible elementor-widget elementor-widget-text-editor\" data-id=\"ed670a3\" data-element_type=\"widget\" data-settings=\"{&quot;_animation&quot;:&quot;fadeInLeft&quot;}\" data-widget_type=\"text-editor.default\">\n\t\t\t\t<div class=\"elementor-widget-container\">\n\t\t\t<style>\/*! elementor - v3.21.0 - 18-04-2024 *\/\n.elementor-widget-text-editor.elementor-drop-cap-view-stacked .elementor-drop-cap{background-color:#69727d;color:#fff}.elementor-widget-text-editor.elementor-drop-cap-view-framed .elementor-drop-cap{color:#69727d;border:3px solid;background-color:transparent}.elementor-widget-text-editor:not(.elementor-drop-cap-view-default) .elementor-drop-cap{margin-top:8px}.elementor-widget-text-editor:not(.elementor-drop-cap-view-default) .elementor-drop-cap-letter{width:1em;height:1em}.elementor-widget-text-editor .elementor-drop-cap{float:left;text-align:center;line-height:1;font-size:50px}.elementor-widget-text-editor .elementor-drop-cap-letter{display:inline-block}<\/style>\t\t\t\t<p>Originalmente el departamento de control de calidad de la oficina de compras del Grupo Parisot, uno de los mayores fabricantes de muebles de Europa, API cuenta con una trayectoria de 30 a\u00f1os en pruebas de muebles y garant\u00eda de calidad para art\u00edculos del hogar.<\/p><p>API se estableci\u00f3 en 1994 como una empresa independiente. Especializada en el control de calidad de equipos para el hogar, API ha construido progresivamente una s\u00f3lida experiencia y reconocimiento en su campo.<\/p>\t\t\t\t\t\t<\/div>\n\t\t\t\t<\/div>\n\t\t\t\t\t<\/div>\n\t\t<\/div>\n\t\t\t\t\t<\/div>\n\t\t<\/section>\n\t\t\t\t<section class=\"elementor-section elementor-top-section elementor-element elementor-element-db51053 elementor-section-boxed elementor-section-height-default elementor-section-height-default\" data-id=\"db51053\" data-element_type=\"section\">\n\t\t\t\t\t\t<div class=\"elementor-container elementor-column-gap-default\">\n\t\t\t\t\t<div class=\"elementor-column elementor-col-50 elementor-top-column elementor-element elementor-element-52b0632\" data-id=\"52b0632\" data-element_type=\"column\">\n\t\t\t<div class=\"elementor-widget-wrap elementor-element-populated\">\n\t\t\t\t\t\t<div class=\"elementor-element elementor-element-0b0fbd2 elementor-invisible elementor-widget elementor-widget-image\" data-id=\"0b0fbd2\" data-element_type=\"widget\" data-settings=\"{&quot;_animation&quot;:&quot;fadeInLeft&quot;}\" data-widget_type=\"image.default\">\n\t\t\t\t<div class=\"elementor-widget-container\">\n\t\t\t<style>\/*! elementor - v3.21.0 - 18-04-2024 *\/\n.elementor-widget-image{text-align:center}.elementor-widget-image a{display:inline-block}.elementor-widget-image a img[src$=\".svg\"]{width:48px}.elementor-widget-image img{vertical-align:middle;display:inline-block}<\/style>\t\t\t\t\t\t\t\t\t\t<img fetchpriority=\"high\" decoding=\"async\" width=\"600\" height=\"611\" src=\"https:\/\/www.api-hk.com\/wp-content\/uploads\/2022\/06\/about_2.jpg\" class=\"attachment-full size-full wp-image-1997\" alt=\"Soluciones de garant\u00eda de calidad de API&#039;s en art\u00edculos para el hogar\" \/>\t\t\t\t\t\t\t\t\t\t\t\t\t<\/div>\n\t\t\t\t<\/div>\n\t\t\t\t\t<\/div>\n\t\t<\/div>\n\t\t\t\t<div class=\"elementor-column elementor-col-50 elementor-top-column elementor-element elementor-element-3eb7cd6 service-para-1\" data-id=\"3eb7cd6\" data-element_type=\"column\">\n\t\t\t<div class=\"elementor-widget-wrap elementor-element-populated\">\n\t\t\t\t\t\t<div class=\"elementor-element elementor-element-6b02e07 elementor-invisible elementor-widget elementor-widget-text-editor\" data-id=\"6b02e07\" data-element_type=\"widget\" data-settings=\"{&quot;_animation&quot;:&quot;fadeInRight&quot;}\" data-widget_type=\"text-editor.default\">\n\t\t\t\t<div class=\"elementor-widget-container\">\n\t\t\t\t\t\t\t<p>El enfoque principal de la API es el aseguramiento de la calidad de los art\u00edculos del hogar, a saber:<\/p><ul><li><a href=\"https:\/\/www.api-hk.com\/es\/furniture-quality-management\/\">Muebles<\/a><\/li><li><a href=\"https:\/\/www.api-hk.com\/es\/food-contact-kitchenware\/\">Utensilios de cocina y menaje de cocina<\/a><\/li><li><a href=\"https:\/\/www.api-hk.com\/es\/gestion-de-la-calidad-de-los-productos-electricos\/\">Productos el\u00e9ctricos<\/a><\/li><li><a href=\"https:\/\/www.api-hk.com\/es\/home-and-festive-decoration\/\">Decoraciones festivas<\/a><\/li><li><a href=\"https:\/\/www.api-hk.com\/es\/tools-diy-products-quality-management\/\">Herramientas para mejoras del hogar y bricolaje<\/a><\/li><li><a href=\"https:\/\/www.api-hk.com\/es\/toy-quality-management\/\">Juguetes y art\u00edculos para el cuidado infantil<\/a><\/li><\/ul><p>Ofrecemos una gama de soluciones de control de calidad para marcas de art\u00edculos para el hogar, minoristas e importadores de todo el mundo, que incluyen:<\/p><ul><li><a href=\"https:\/\/www.api-hk.com\/es\/household-goods-quality-assurance-solutions-from-api\/factory-auditing-solutions\/\">Soluciones de auditor\u00eda de bienes del hogar<\/a><\/li><li><a href=\"https:\/\/www.api-hk.com\/es\/soluciones-de-inspeccion-de-calidad-de-articulos-domesticos\/\">Soluciones de inspecci\u00f3n de calidad de art\u00edculos para el hogar<\/a><\/li><li><a href=\"https:\/\/www.api-hk.com\/es\/household-goods-lab-testing-solutions\/\">Soluciones de pruebas de laboratorio para art\u00edculos del hogar<\/a><\/li><li><a href=\"https:\/\/www.api-hk.com\/es\/customized-qa-qc-solutions-for-household-goods\/\">Soluciones personalizadas de QA\/QC para art\u00edculos para el hogar<\/a><\/li><\/ul><p>Las soluciones de garant\u00eda de calidad de API est\u00e1n dise\u00f1adas para garantizar que la cadena de suministro y la calidad de sus productos sean del m\u00e1s alto nivel posible, y que cumplan con las regulaciones de su regi\u00f3n.<\/p>\t\t\t\t\t\t<\/div>\n\t\t\t\t<\/div>\n\t\t\t\t\t<\/div>\n\t\t<\/div>\n\t\t\t\t\t<\/div>\n\t\t<\/section>\n\t\t\t\t<section class=\"elementor-section elementor-top-section elementor-element elementor-element-a4b6e74 about_section elementor-section-boxed elementor-section-height-default elementor-section-height-default\" data-id=\"a4b6e74\" data-element_type=\"section\" data-settings=\"{&quot;background_background&quot;:&quot;classic&quot;}\">\n\t\t\t\t\t\t<div class=\"elementor-container elementor-column-gap-default\">\n\t\t\t\t\t<div class=\"elementor-column elementor-col-100 elementor-top-column elementor-element elementor-element-4c77f30\" data-id=\"4c77f30\" data-element_type=\"column\">\n\t\t\t<div class=\"elementor-widget-wrap elementor-element-populated\">\n\t\t\t\t\t\t<div class=\"elementor-element elementor-element-974ff83 elementor-invisible elementor-widget elementor-widget-heading\" data-id=\"974ff83\" data-element_type=\"widget\" data-settings=\"{&quot;_animation&quot;:&quot;fadeInDown&quot;}\" data-widget_type=\"heading.default\">\n\t\t\t\t<div class=\"elementor-widget-container\">\n\t\t\t<h3 class=\"elementor-heading-title elementor-size-default\">Hitos de la API<\/h3>\t\t<\/div>\n\t\t\t\t<\/div>\n\t\t\t\t<div class=\"elementor-element elementor-element-c344843 animated-slow elementor-invisible elementor-widget elementor-widget-html\" data-id=\"c344843\" data-element_type=\"widget\" data-settings=\"{&quot;_animation&quot;:&quot;fadeInRight&quot;}\" data-widget_type=\"html.default\">\n\t\t\t\t<div class=\"elementor-widget-container\">\n\t\t\t<ul class=\"timeline\">\r\n\r\n\t<!-- Item 1 -->\r\n\t<li>\r\n\t\t<div class=\"direction-r\">\r\n\t\t\t<div class=\"flag-wrapper\">\r\n\t\t\t\t<span class=\"flag\">1981<\/span>\r\n\t\t\t<\/div>\r\n\t\t\t<div class=\"desc\">Creaci\u00f3n de la oficina de compras de Parisot Asia Pac\u00edfico.<\/div>\r\n\t\t<\/div>\r\n\t<\/li>\r\n  \r\n\t<!-- Item 2 -->\r\n\t<li>\r\n\t\t<div class=\"direction-l\">\r\n\t\t\t<div class=\"flag-wrapper\">\r\n\t\t\t\t<span class=\"flag\">1994<\/span>\r\n\t\t\t<\/div>\r\n\t\t\t<div class=\"desc\">Creaci\u00f3n de API, como empresa de servicios de inspecci\u00f3n de terceros.<\/div>\r\n\t\t<\/div>\r\n\t<\/li>\r\n\r\n\t<!-- Item 3 -->\r\n\t<li>\r\n\t\t<div class=\"direction-r\">\r\n\t\t\t<div class=\"flag-wrapper\">\r\n\t\t\t\t<span class=\"flag\">2002<\/span>\r\n\t\t\t<\/div>\r\n\t\t\t<div class=\"desc\">API es una escisi\u00f3n del Grupo Parisot a trav\u00e9s de una Compra de Gesti\u00f3n con Apalancamiento (LMBO) ejecutada con \u00e9xito. La direcci\u00f3n se hace cargo de la empresa.<\/div>\r\n\t\t<\/div>\r\n\t<\/li>\r\n\t<!-- Item 4-->\r\n\t<li>\r\n\t\t<div class=\"direction-l\">\r\n\t\t\t<div class=\"flag-wrapper\">\r\n\t\t\t\t<span class=\"flag\">2004<\/span>\r\n\t\t\t<\/div>\r\n\t\t\t<div class=\"desc\">Creaci\u00f3n de API Lab Testing Ltd, inicialmente como una instalaci\u00f3n de laboratorio para juguetes.<\/div>\r\n\t\t<\/div>\r\n\t<\/li>\r\n\t<!-- Item 5-->\r\n\t<li>\r\n\t\t<div class=\"direction-r\">\r\n\t\t\t<div class=\"flag-wrapper\">\r\n\t\t\t\t<span class=\"flag\">2005<\/span>\r\n\t\t\t<\/div>\r\n\t\t\t<div class=\"desc\">Acreditaciones obtenidas con HKIAS y HOKLAS.<\/div>\r\n\t\t<\/div>\r\n\t<\/li>\r\n\t<!-- Item 6-->\r\n\t<li>\r\n\t\t<div class=\"direction-l\">\r\n\t\t\t<div class=\"flag-wrapper\">\r\n\t\t\t\t<span class=\"flag\">2007<\/span>\r\n\t\t\t<\/div>\r\n\t\t\t<div class=\"desc\">Creaci\u00f3n de auditor\u00eda de API.<\/div>\r\n\t\t<\/div>\r\n\t<\/li>\r\n\t<!-- Item 7-->\r\n\t<li>\r\n\t\t<div class=\"direction-r\">\r\n\t\t\t<div class=\"flag-wrapper\">\r\n\t\t\t\t<span class=\"flag\">2008<\/span>\r\n\t\t\t<\/div>\r\n\t\t\t<div class=\"desc\">Licencias AQSIQ obtenidas en China para operar como una empresa de propiedad extranjera en su totalidad.<\/div>\r\n\t\t<\/div>\r\n\t<\/li>\r\n\t<!-- Item 8-->\r\n\t<li>\r\n\t\t<div class=\"direction-l\">\r\n\t\t\t<div class=\"flag-wrapper\">\r\n\t\t\t\t<span class=\"flag\">2009<\/span>\r\n\t\t\t<\/div>\r\n\t\t\t<div class=\"desc\"><a href=\"https:\/\/www.worms-safety.com\/\">WORMS SAFETY<\/a> toma una participaci\u00f3n mayoritaria en API.<\/div>\r\n\t\t<\/div>\r\n\t<\/li>\r\n\t<!-- Item 9-->\r\n\t<li>\r\n\t\t<div class=\"direction-r\">\r\n\t\t\t<div class=\"flag-wrapper\">\r\n\t\t\t\t<span class=\"flag\">2010<\/span>\r\n\t\t\t<\/div>\r\n\t\t\t<div class=\"desc\">Reconocimiento de la auditor\u00eda de API por <a href=\"https:\/\/ics-asso.org\/audit-companies\/\">ICS (Iniciativa por el Cumplimiento y la Sostenibilidad)<\/a> como entidad auditora aprobada para auditor\u00edas sociales.<\/div>\r\n\t\t<\/div>\r\n\t<\/li>\r\n\t<!-- Item 10-->\r\n\t<li>\r\n\t\t<div class=\"direction-l\">\r\n\t\t\t<div class=\"flag-wrapper\">\r\n\t\t\t\t<span class=\"flag\">2011<\/span>\r\n\t\t\t<\/div>\r\n\t\t\t<div class=\"desc\">Gran inauguraci\u00f3n en noviembre de nuestra entidad de pruebas de laboratorio en Francia \u2013 dentro de las instalaciones y con el apoyo de ALBHADES PROVENCE SARL.<\/div>\r\n\t\t<\/div>\r\n\t<\/li>\r\n\r\n\t<!-- Item 11-->\r\n\t<li>\r\n\t\t<div class=\"direction-r\">\r\n\t\t\t<div class=\"flag-wrapper\">\r\n\t\t\t\t<span class=\"flag\">2012<\/span>\r\n\t\t\t<\/div>\r\n\t\t\t<div class=\"desc\">La API obtiene el Organismo Notificado de la Uni\u00f3n Europea para Juguetes del laboratorio de pruebas europeo.<\/div>\r\n\t\t<\/div>\r\n\t<\/li>\r\n\t<!-- Item 12-->\r\n\t<li>\r\n\t\t<div class=\"direction-l\">\r\n\t\t\t<div class=\"flag-wrapper\">\r\n\t\t\t\t<span class=\"flag\">2015<\/span>\r\n\t\t\t<\/div>\r\n\t\t\t<div class=\"desc\">API se convierte en un miembro de <a href=\"https:\/\/www.sedex.com\/about\/who-we-work-with\/affiliate-auditors\/\">SEDEX<\/a>, como entidad de auditor\u00eda aprobada para auditor\u00edas sociales<\/div>\r\n\t\t<\/div>\r\n\t<\/li>\r\n  \r\n<\/ul>\r\n\t\t<\/div>\n\t\t\t\t<\/div>\n\t\t\t\t\t<\/div>\n\t\t<\/div>\n\t\t\t\t\t<\/div>\n\t\t<\/section>\n\t\t\t\t<\/div>","protected":false},"excerpt":{"rendered":"<p>API\u2019s history, nearly three decades in Asia offering Quality Assurance for Household Goods Originally the quality control department of the buying office of the Parisot Group, one of the largest furniture manufacturers in Europe, API boasts a 30 year track record in furniture testing and quality assurance for household goods. API was established in 1994 [&hellip;]<\/p>","protected":false},"author":1,"featured_media":0,"parent":0,"menu_order":0,"comment_status":"closed","ping_status":"closed","template":"elementor_header_footer","meta":{"footnotes":""},"class_list":["post-737","page","type-page","status-publish","hentry"],"yoast_head":"<!-- This site is optimized with the Yoast SEO Premium plugin v22.5 (Yoast SEO v22.5) - https:\/\/yoast.com\/wordpress\/plugins\/seo\/ -->\n<title>About Us - Quality Assurance Experts<\/title>\n<meta name=\"description\" content=\"30 Years&#039; experience in providing Quality Assurance for Household Goods. Services: Quality Control, Audits, Lab Testing, Sustainability...\" \/>\n<meta name=\"robots\" content=\"index, follow, max-snippet:-1, max-image-preview:large, max-video-preview:-1\" \/>\n<link rel=\"canonical\" href=\"https:\/\/www.api-hk.com\/es\/acerca-de-nosotros\/\" \/>\n<meta property=\"og:locale\" content=\"es_ES\" \/>\n<meta property=\"og:type\" content=\"article\" \/>\n<meta property=\"og:title\" content=\"About Us\" \/>\n<meta property=\"og:description\" content=\"30 Years&#039; experience in providing Quality Assurance for Household Goods. Services: Quality Control, Audits, Lab Testing, Sustainability...\" \/>\n<meta property=\"og:url\" content=\"https:\/\/www.api-hk.com\/es\/acerca-de-nosotros\/\" \/>\n<meta property=\"og:site_name\" content=\"API, The Household Goods and Toys Quality Experts\" \/>\n<meta property=\"article:modified_time\" content=\"2024-10-20T21:19:36+00:00\" \/>\n<meta property=\"og:image\" content=\"https:\/\/www.api-hk.com\/wp-content\/uploads\/2022\/06\/about_2.jpg\" \/>\n<script type=\"application\/ld+json\" class=\"yoast-schema-graph\">{\"@context\":\"https:\/\/schema.org\",\"@graph\":[{\"@type\":\"WebPage\",\"@id\":\"https:\/\/www.api-hk.com\/about-us\/\",\"url\":\"https:\/\/www.api-hk.com\/about-us\/\",\"name\":\"About Us - Quality Assurance Experts\",\"isPartOf\":{\"@id\":\"https:\/\/www.api-hk.com\/#website\"},\"primaryImageOfPage\":{\"@id\":\"https:\/\/www.api-hk.com\/about-us\/#primaryimage\"},\"image\":{\"@id\":\"https:\/\/www.api-hk.com\/about-us\/#primaryimage\"},\"thumbnailUrl\":\"https:\/\/www.api-hk.com\/wp-content\/uploads\/2022\/06\/about_2.jpg\",\"datePublished\":\"2022-06-01T10:11:22+00:00\",\"dateModified\":\"2024-10-20T21:19:36+00:00\",\"description\":\"30 Years' experience in providing Quality Assurance for Household Goods. Services: Quality Control, Audits, Lab Testing, Sustainability...\",\"breadcrumb\":{\"@id\":\"https:\/\/www.api-hk.com\/about-us\/#breadcrumb\"},\"inLanguage\":\"es\",\"potentialAction\":[{\"@type\":\"ReadAction\",\"target\":[\"https:\/\/www.api-hk.com\/about-us\/\"]}]},{\"@type\":\"ImageObject\",\"inLanguage\":\"es\",\"@id\":\"https:\/\/www.api-hk.com\/about-us\/#primaryimage\",\"url\":\"https:\/\/www.api-hk.com\/wp-content\/uploads\/2022\/06\/about_2.jpg\",\"contentUrl\":\"https:\/\/www.api-hk.com\/wp-content\/uploads\/2022\/06\/about_2.jpg\"},{\"@type\":\"BreadcrumbList\",\"@id\":\"https:\/\/www.api-hk.com\/about-us\/#breadcrumb\",\"itemListElement\":[{\"@type\":\"ListItem\",\"position\":1,\"name\":\"Home\",\"item\":\"https:\/\/www.api-hk.com\/\"},{\"@type\":\"ListItem\",\"position\":2,\"name\":\"About Us\"}]},{\"@type\":\"WebSite\",\"@id\":\"https:\/\/www.api-hk.com\/#website\",\"url\":\"https:\/\/www.api-hk.com\/\",\"name\":\"API, The Household Goods and Toys Quality Experts\",\"description\":\"Quality management solutions for household goods and toys\",\"publisher\":{\"@id\":\"https:\/\/www.api-hk.com\/#organization\"},\"potentialAction\":[{\"@type\":\"SearchAction\",\"target\":{\"@type\":\"EntryPoint\",\"urlTemplate\":\"https:\/\/www.api-hk.com\/?s={search_term_string}\"},\"query-input\":\"required name=search_term_string\"}],\"inLanguage\":\"es\"},{\"@type\":\"Organization\",\"@id\":\"https:\/\/www.api-hk.com\/#organization\",\"name\":\"API, The Household Goods and Toys Quality Experts\",\"url\":\"https:\/\/www.api-hk.com\/\",\"logo\":{\"@type\":\"ImageObject\",\"inLanguage\":\"es\",\"@id\":\"https:\/\/www.api-hk.com\/#\/schema\/logo\/image\/\",\"url\":\"https:\/\/www.api-hk.com\/wp-content\/uploads\/2023\/06\/ALL-LOGO-API-NEW-BASE-LINE-EXE-color-scaled-1.jpeg\",\"contentUrl\":\"https:\/\/www.api-hk.com\/wp-content\/uploads\/2023\/06\/ALL-LOGO-API-NEW-BASE-LINE-EXE-color-scaled-1.jpeg\",\"width\":2560,\"height\":704,\"caption\":\"API, The Household Goods and Toys Quality Experts\"},\"image\":{\"@id\":\"https:\/\/www.api-hk.com\/#\/schema\/logo\/image\/\"},\"sameAs\":[\"https:\/\/www.youtube.com\/channel\/UCt1TMbm4WdCJnCknRFmmBSw\",\"https:\/\/www.linkedin.com\/company\/asia-pacific-inspection-ltd-\/\"]}]}<\/script>\n<!-- \/ Yoast SEO Premium plugin. -->","yoast_head_json":{"title":"Sobre Nosotros - Expertos en Garant\u00eda de Calidad","description":"30 a\u00f1os de experiencia en el suministro de Garant\u00eda de Calidad para Art\u00edculos para el Hogar. Servicios: Control de Calidad, Auditor\u00edas, Pruebas de Laboratorio, Sostenibilidad...","robots":{"index":"index","follow":"follow","max-snippet":"max-snippet:-1","max-image-preview":"max-image-preview:large","max-video-preview":"max-video-preview:-1"},"canonical":"https:\/\/www.api-hk.com\/es\/acerca-de-nosotros\/","og_locale":"es_ES","og_type":"article","og_title":"About Us","og_description":"30 Years' experience in providing Quality Assurance for Household Goods. Services: Quality Control, Audits, Lab Testing, Sustainability...","og_url":"https:\/\/www.api-hk.com\/es\/acerca-de-nosotros\/","og_site_name":"API, The Household Goods and Toys Quality Experts","article_modified_time":"2024-10-20T21:19:36+00:00","og_image":[{"url":"https:\/\/www.api-hk.com\/wp-content\/uploads\/2022\/06\/about_2.jpg"}],"schema":{"@context":"https:\/\/schema.org","@graph":[{"@type":"WebPage","@id":"https:\/\/www.api-hk.com\/about-us\/","url":"https:\/\/www.api-hk.com\/about-us\/","name":"Sobre Nosotros - Expertos en Garant\u00eda de Calidad","isPartOf":{"@id":"https:\/\/www.api-hk.com\/#website"},"primaryImageOfPage":{"@id":"https:\/\/www.api-hk.com\/about-us\/#primaryimage"},"image":{"@id":"https:\/\/www.api-hk.com\/about-us\/#primaryimage"},"thumbnailUrl":"https:\/\/www.api-hk.com\/wp-content\/uploads\/2022\/06\/about_2.jpg","datePublished":"2022-06-01T10:11:22+00:00","dateModified":"2024-10-20T21:19:36+00:00","description":"30 a\u00f1os de experiencia en el suministro de Garant\u00eda de Calidad para Art\u00edculos para el Hogar. Servicios: Control de Calidad, Auditor\u00edas, Pruebas de Laboratorio, Sostenibilidad...","breadcrumb":{"@id":"https:\/\/www.api-hk.com\/about-us\/#breadcrumb"},"inLanguage":"es","potentialAction":[{"@type":"ReadAction","target":["https:\/\/www.api-hk.com\/about-us\/"]}]},{"@type":"ImageObject","inLanguage":"es","@id":"https:\/\/www.api-hk.com\/about-us\/#primaryimage","url":"https:\/\/www.api-hk.com\/wp-content\/uploads\/2022\/06\/about_2.jpg","contentUrl":"https:\/\/www.api-hk.com\/wp-content\/uploads\/2022\/06\/about_2.jpg"},{"@type":"BreadcrumbList","@id":"https:\/\/www.api-hk.com\/about-us\/#breadcrumb","itemListElement":[{"@type":"ListItem","position":1,"name":"Home","item":"https:\/\/www.api-hk.com\/"},{"@type":"ListItem","position":2,"name":"About Us"}]},{"@type":"WebSite","@id":"https:\/\/www.api-hk.com\/#website","url":"https:\/\/www.api-hk.com\/","name":"API, Los Expertos en Calidad de Art\u00edculos para el Hogar y Juguetes","description":"Soluciones de gesti\u00f3n de calidad para art\u00edculos del hogar y juguetes","publisher":{"@id":"https:\/\/www.api-hk.com\/#organization"},"potentialAction":[{"@type":"SearchAction","target":{"@type":"EntryPoint","urlTemplate":"https:\/\/www.api-hk.com\/?s={search_term_string}"},"query-input":"required name=search_term_string"}],"inLanguage":"es"},{"@type":"Organization","@id":"https:\/\/www.api-hk.com\/#organization","name":"API, Los Expertos en Calidad de Art\u00edculos para el Hogar y Juguetes","url":"https:\/\/www.api-hk.com\/","logo":{"@type":"ImageObject","inLanguage":"es","@id":"https:\/\/www.api-hk.com\/#\/schema\/logo\/image\/","url":"https:\/\/www.api-hk.com\/wp-content\/uploads\/2023\/06\/ALL-LOGO-API-NEW-BASE-LINE-EXE-color-scaled-1.jpeg","contentUrl":"https:\/\/www.api-hk.com\/wp-content\/uploads\/2023\/06\/ALL-LOGO-API-NEW-BASE-LINE-EXE-color-scaled-1.jpeg","width":2560,"height":704,"caption":"API, The Household Goods and Toys Quality Experts"},"image":{"@id":"https:\/\/www.api-hk.com\/#\/schema\/logo\/image\/"},"sameAs":["https:\/\/www.youtube.com\/channel\/UCt1TMbm4WdCJnCknRFmmBSw","https:\/\/www.linkedin.com\/company\/asia-pacific-inspection-ltd-\/"]}]}},"_links":{"self":[{"href":"https:\/\/www.api-hk.com\/es\/wp-json\/wp\/v2\/pages\/737","targetHints":{"allow":["GET"]}}],"collection":[{"href":"https:\/\/www.api-hk.com\/es\/wp-json\/wp\/v2\/pages"}],"about":[{"href":"https:\/\/www.api-hk.com\/es\/wp-json\/wp\/v2\/types\/page"}],"author":[{"embeddable":true,"href":"https:\/\/www.api-hk.com\/es\/wp-json\/wp\/v2\/users\/1"}],"replies":[{"embeddable":true,"href":"https:\/\/www.api-hk.com\/es\/wp-json\/wp\/v2\/comments?post=737"}],"version-history":[{"count":0,"href":"https:\/\/www.api-hk.com\/es\/wp-json\/wp\/v2\/pages\/737\/revisions"}],"wp:attachment":[{"href":"https:\/\/www.api-hk.com\/es\/wp-json\/wp\/v2\/media?parent=737"}],"curies":[{"name":"wp","href":"https:\/\/api.w.org\/{rel}","templated":true}]}}