{"id":4935,"date":"2022-06-28T06:02:19","date_gmt":"2022-06-28T06:02:19","guid":{"rendered":"https:\/\/api-hk.com\/?page_id=4935"},"modified":"2023-12-12T08:51:07","modified_gmt":"2023-12-12T08:51:07","slug":"auditoria-medioambiental-de-la-fabrica","status":"publish","type":"page","link":"https:\/\/www.api-hk.com\/es\/auditoria-medioambiental-de-la-fabrica\/","title":{"rendered":"Auditor\u00eda medioambiental de f\u00e1bricas"},"content":{"rendered":"<div data-elementor-type=\"wp-page\" data-elementor-id=\"4935\" class=\"elementor elementor-4935\">\n\t\t\t\t\t\t<section class=\"elementor-section elementor-top-section elementor-element elementor-element-ce63f5c elementor-section-content-middle custom_sub_header sec-banner elementor-section-boxed elementor-section-height-default elementor-section-height-default\" data-id=\"ce63f5c\" data-element_type=\"section\" data-settings=\"{&quot;background_background&quot;:&quot;classic&quot;}\">\n\t\t\t\t\t\t<div class=\"elementor-container elementor-column-gap-default\">\n\t\t\t\t\t<div class=\"elementor-column elementor-col-100 elementor-top-column elementor-element elementor-element-e2b1d89\" data-id=\"e2b1d89\" data-element_type=\"column\">\n\t\t\t<div class=\"elementor-widget-wrap elementor-element-populated\">\n\t\t\t\t\t\t<div class=\"elementor-element elementor-element-ef8f158 elementor-widget elementor-widget-shortcode\" data-id=\"ef8f158\" data-element_type=\"widget\" data-widget_type=\"shortcode.default\">\n\t\t\t\t<div class=\"elementor-widget-container\">\n\t\t\t\t\t<div class=\"elementor-shortcode\"><h1 class=\"sub_header_title\">Auditor\u00eda medioambiental de f\u00e1bricas<\/h1><\/div>\n\t\t\t\t<\/div>\n\t\t\t\t<\/div>\n\t\t\t\t\t<\/div>\n\t\t<\/div>\n\t\t\t\t\t<\/div>\n\t\t<\/section>\n\t\t\t\t<section class=\"elementor-section elementor-top-section elementor-element elementor-element-4d61ad4 elementor-section-content-middle custom_bread_ elementor-section-boxed elementor-section-height-default elementor-section-height-default\" data-id=\"4d61ad4\" data-element_type=\"section\" data-settings=\"{&quot;background_background&quot;:&quot;classic&quot;}\">\n\t\t\t\t\t\t\t<div class=\"elementor-background-overlay\"><\/div>\n\t\t\t\t\t\t\t<div class=\"elementor-container elementor-column-gap-default\">\n\t\t\t\t\t<div class=\"elementor-column elementor-col-100 elementor-top-column elementor-element elementor-element-c355e66\" data-id=\"c355e66\" data-element_type=\"column\">\n\t\t\t<div class=\"elementor-widget-wrap elementor-element-populated\">\n\t\t\t\t\t\t<div class=\"elementor-element elementor-element-4dd16b8 elementor-widget elementor-widget-shortcode\" data-id=\"4dd16b8\" data-element_type=\"widget\" data-widget_type=\"shortcode.default\">\n\t\t\t\t<div class=\"elementor-widget-container\">\n\t\t\t<div class='breadcrumb_list'><a href=\"https:\/\/www.api-hk.com\/es\" >Inicio<\/a><\/div>\t\t<div class=\"elementor-shortcode\"><\/div>\n\t\t\t\t<\/div>\n\t\t\t\t<\/div>\n\t\t\t\t\t<\/div>\n\t\t<\/div>\n\t\t\t\t\t<\/div>\n\t\t<\/section>\n\t\t\t\t<section class=\"elementor-section elementor-top-section elementor-element elementor-element-a9f9783 elementor-section-boxed elementor-section-height-default elementor-section-height-default\" data-id=\"a9f9783\" data-element_type=\"section\">\n\t\t\t\t\t\t<div class=\"elementor-container elementor-column-gap-default\">\n\t\t\t\t\t<div class=\"elementor-column elementor-col-100 elementor-top-column elementor-element elementor-element-b7e61af\" data-id=\"b7e61af\" data-element_type=\"column\">\n\t\t\t<div class=\"elementor-widget-wrap elementor-element-populated\">\n\t\t\t\t\t\t<div class=\"elementor-element elementor-element-c8cb993 service-para-1 animated-slow elementor-invisible elementor-widget elementor-widget-text-editor\" data-id=\"c8cb993\" data-element_type=\"widget\" data-settings=\"{&quot;_animation&quot;:&quot;fadeInRight&quot;}\" data-widget_type=\"text-editor.default\">\n\t\t\t\t<div class=\"elementor-widget-container\">\n\t\t\t<style>\/*! elementor - v3.21.0 - 18-04-2024 *\/\n.elementor-widget-text-editor.elementor-drop-cap-view-stacked .elementor-drop-cap{background-color:#69727d;color:#fff}.elementor-widget-text-editor.elementor-drop-cap-view-framed .elementor-drop-cap{color:#69727d;border:3px solid;background-color:transparent}.elementor-widget-text-editor:not(.elementor-drop-cap-view-default) .elementor-drop-cap{margin-top:8px}.elementor-widget-text-editor:not(.elementor-drop-cap-view-default) .elementor-drop-cap-letter{width:1em;height:1em}.elementor-widget-text-editor .elementor-drop-cap{float:left;text-align:center;line-height:1;font-size:50px}.elementor-widget-text-editor .elementor-drop-cap-letter{display:inline-block}<\/style>\t\t\t\t<p>La auditor\u00eda medioambiental de f\u00e1brica: esta auditor\u00eda de calidad eval\u00faa las actividades medioambientales actuales de tu proveedor, como la eliminaci\u00f3n de residuos, el almacenamiento de residuos, las emisiones a la atm\u00f3sfera y la contaminaci\u00f3n ac\u00fastica.<\/p><p>Un auditor de calidad externo evaluar\u00e1 lo siguiente:<\/p><p><a href=\"https:\/\/www.iso.org\/standard\/60857.html\">ISO14001:15<\/a> - Se trata de la norma internacional para implantar un sistema de gesti\u00f3n medioambiental (SGM) para tu marca de art\u00edculos para el hogar, lo fundamental a tener en cuenta aqu\u00ed es que el cumplimiento de esta norma es voluntario.<\/p><h2>\u00a0<\/h2><h2>Este sistema de auditor\u00eda medioambiental de f\u00e1bricas se basa en los siguientes componentes clave:<\/h2><ul><li><strong>Contexto de la organizaci\u00f3n<\/strong> - Esto te obliga a ser m\u00e1s consciente de c\u00f3mo tu proceso de producci\u00f3n afecta actualmente al medio ambiente y qu\u00e9 se puede hacer para cambiarlo. Esto requiere bastante planificaci\u00f3n, pero este tipo de introspecci\u00f3n en profundidad solo beneficia a tu organizaci\u00f3n.<\/li><li><strong>Liderazgo<\/strong> - Es necesario que los l\u00edderes se centren m\u00e1s en sus funciones y responsabilidades y las comprendan mejor para alcanzar los objetivos del SME.<\/li><li><strong>Planificaci\u00f3n<\/strong> - Es necesario tener en cuenta los procesos de planificaci\u00f3n integrada y estrat\u00e9gica a la luz de las mejores pr\u00e1cticas medioambientales de cara al futuro.<\/li><li><strong>Ayuda<\/strong> - Esto determinar\u00e1 qu\u00e9 recursos se ponen a disposici\u00f3n, como la formaci\u00f3n, para garantizar que un proveedor cumpla los objetivos de SGMA.<\/li><li><strong>Operaci\u00f3n<\/strong> - \u00bfC\u00f3mo consigue tu marca implantar planes y procesos de SGMA para cumplir los objetivos medioambientales?<\/li><li><strong>Evaluaci\u00f3n del rendimiento<\/strong> - Esto significa que hay que medir y analizar continuamente el rendimiento y los resultados del SGA adoptado.<\/li><li><strong>Mejora<\/strong> - \u00bfC\u00f3mo tratar\u00e1 tu marca las no conformidades? \u00bfC\u00f3mo te comprometes con un ciclo de calidad de mejora continua para tu marca?<\/li><\/ul>\t\t\t\t\t\t<\/div>\n\t\t\t\t<\/div>\n\t\t\t\t\t<\/div>\n\t\t<\/div>\n\t\t\t\t\t<\/div>\n\t\t<\/section>\n\t\t\t\t<section class=\"elementor-section elementor-top-section elementor-element elementor-element-fd16d07 FTA-sec1 elementor-section-boxed elementor-section-height-default elementor-section-height-default\" data-id=\"fd16d07\" data-element_type=\"section\" data-settings=\"{&quot;background_background&quot;:&quot;classic&quot;}\">\n\t\t\t\t\t\t\t<div class=\"elementor-background-overlay\"><\/div>\n\t\t\t\t\t\t\t<div class=\"elementor-container elementor-column-gap-default\">\n\t\t\t\t\t<div class=\"elementor-column elementor-col-50 elementor-top-column elementor-element elementor-element-4a0a59d\" data-id=\"4a0a59d\" data-element_type=\"column\">\n\t\t\t<div class=\"elementor-widget-wrap elementor-element-populated\">\n\t\t\t\t\t\t<div class=\"elementor-element elementor-element-ebfdda5 sec-1_img animated-slow elementor-invisible elementor-widget elementor-widget-image\" data-id=\"ebfdda5\" data-element_type=\"widget\" data-settings=\"{&quot;_animation&quot;:&quot;fadeInLeft&quot;}\" data-widget_type=\"image.default\">\n\t\t\t\t<div class=\"elementor-widget-container\">\n\t\t\t<style>\/*! elementor - v3.21.0 - 18-04-2024 *\/\n.elementor-widget-image{text-align:center}.elementor-widget-image a{display:inline-block}.elementor-widget-image a img[src$=\".svg\"]{width:48px}.elementor-widget-image img{vertical-align:middle;display:inline-block}<\/style>\t\t\t\t\t\t\t\t\t\t<img fetchpriority=\"high\" decoding=\"async\" width=\"279\" height=\"344\" src=\"https:\/\/www.api-hk.com\/wp-content\/uploads\/2022\/06\/iso_14001.jpg\" class=\"attachment-large size-large wp-image-3421\" alt=\"Auditor\u00eda medioambiental de f\u00e1brica ISO14001\" \/>\t\t\t\t\t\t\t\t\t\t\t\t\t<\/div>\n\t\t\t\t<\/div>\n\t\t\t\t\t<\/div>\n\t\t<\/div>\n\t\t\t\t<div class=\"elementor-column elementor-col-50 elementor-top-column elementor-element elementor-element-2365bc2\" data-id=\"2365bc2\" data-element_type=\"column\">\n\t\t\t<div class=\"elementor-widget-wrap elementor-element-populated\">\n\t\t\t\t\t\t<div class=\"elementor-element elementor-element-7f89d70 service-para-1 animated-slow elementor-invisible elementor-widget elementor-widget-text-editor\" data-id=\"7f89d70\" data-element_type=\"widget\" data-settings=\"{&quot;_animation&quot;:&quot;fadeInRight&quot;}\" data-widget_type=\"text-editor.default\">\n\t\t\t\t<div class=\"elementor-widget-container\">\n\t\t\t\t\t\t\t<h2>Las principales ventajas de cumplir con un SGA como ISO 14001:15<\/h2><ul><li>Mejora la reputaci\u00f3n de la empresa y la confianza de las partes interesadas mediante la comunicaci\u00f3n estrat\u00e9gica.<\/li><li>Consigue objetivos empresariales estrat\u00e9gicos incorporando las cuestiones medioambientales a las estrategias de gesti\u00f3n empresarial.<\/li><li>Fomenta un mejor comportamiento medioambiental de tus proveedores.<\/li><li>Este sistema proporciona responsabilidad y crea una plataforma para establecer relaciones sostenibles con tus proveedores.<\/li><li>Mejora la eficiencia de los recursos, reduce su producci\u00f3n de residuos, lo que reduce sus costes.<\/li><li>Puede abrir oportunidades de mercado para tu marca.<\/li><\/ul><h2>Ventajas de esta auditor\u00eda medioambiental de f\u00e1brica<\/h2><ul><li>Garantiza el cumplimiento de la legislaci\u00f3n<\/li><li>Reduce el impacto ambiental.<\/li><li>Reduce el consumo de agua y energ\u00eda, lo que repercute en tu cuenta de resultados.<\/li><\/ul><p>Puede que tu proveedor a\u00fan no necesite esta norma, o que est\u00e9s pensando en adoptar pr\u00e1cticas medioambientales en los procesos de fabricaci\u00f3n, pero una auditor\u00eda de calidad como esta te ayudar\u00e1 a crear tu propio SGMA para una futura certificaci\u00f3n.<\/p>\t\t\t\t\t\t<\/div>\n\t\t\t\t<\/div>\n\t\t\t\t\t<\/div>\n\t\t<\/div>\n\t\t\t\t\t<\/div>\n\t\t<\/section>\n\t\t\t\t<section class=\"elementor-section elementor-top-section elementor-element elementor-element-53aa03f elementor-section-boxed elementor-section-height-default elementor-section-height-default\" data-id=\"53aa03f\" data-element_type=\"section\">\n\t\t\t\t\t\t<div class=\"elementor-container elementor-column-gap-default\">\n\t\t\t\t\t<div class=\"elementor-column elementor-col-100 elementor-top-column elementor-element elementor-element-5007d0a\" data-id=\"5007d0a\" data-element_type=\"column\">\n\t\t\t<div class=\"elementor-widget-wrap elementor-element-populated\">\n\t\t\t\t\t\t<div class=\"elementor-element elementor-element-9468c52 elementor-widget elementor-widget-text-editor\" data-id=\"9468c52\" data-element_type=\"widget\" data-widget_type=\"text-editor.default\">\n\t\t\t\t<div class=\"elementor-widget-container\">\n\t\t\t\t\t\t\t<h5>Leer m\u00e1s: <a href=\"https:\/\/www.api-hk.com\/es\/why-every-company-should-use-environmental-auditing\/\">Por qu\u00e9 todas las empresas deber\u00edan recurrir a la auditor\u00eda medioambiental\u00a0<\/a><\/h5>\t\t\t\t\t\t<\/div>\n\t\t\t\t<\/div>\n\t\t\t\t\t<\/div>\n\t\t<\/div>\n\t\t\t\t\t<\/div>\n\t\t<\/section>\n\t\t\t\t<\/div>","protected":false},"excerpt":{"rendered":"<p>The Factory Environmental Audit: this quality audit assesses your supplier&#8217;s current environmental activities such as waste disposal, waste storage, emissions to air and noise pollution. A third party quality auditor, will assess the following: ISO14001:15 &#8211; This is the international standard for implementing an environmental management system (EMS) for your household goods brand, the key [&hellip;]<\/p>","protected":false},"author":2,"featured_media":0,"parent":0,"menu_order":0,"comment_status":"closed","ping_status":"closed","template":"elementor_header_footer","meta":{"footnotes":""},"class_list":["post-4935","page","type-page","status-publish","hentry"],"yoast_head":"<!-- This site is optimized with the Yoast SEO Premium plugin v22.5 (Yoast SEO v22.5) - https:\/\/yoast.com\/wordpress\/plugins\/seo\/ -->\n<title>Factory Environmental Audit<\/title>\n<meta name=\"description\" content=\"Factory Environmental Audit to assess supplier\u2019s ISO14001:15 environmental management system (EMS). Eg. Waste disposal, waste storage...\" \/>\n<meta name=\"robots\" content=\"index, follow, max-snippet:-1, max-image-preview:large, max-video-preview:-1\" \/>\n<link rel=\"canonical\" href=\"https:\/\/www.api-hk.com\/es\/auditoria-medioambiental-de-la-fabrica\/\" \/>\n<meta property=\"og:locale\" content=\"es_ES\" \/>\n<meta property=\"og:type\" content=\"article\" \/>\n<meta property=\"og:title\" content=\"Factory Environmental Audit\" \/>\n<meta property=\"og:description\" content=\"Factory Environmental Audit to assess supplier\u2019s ISO14001:15 environmental management system (EMS). Eg. Waste disposal, waste storage...\" \/>\n<meta property=\"og:url\" content=\"https:\/\/www.api-hk.com\/es\/auditoria-medioambiental-de-la-fabrica\/\" \/>\n<meta property=\"og:site_name\" content=\"API, The Household Goods and Toys Quality Experts\" \/>\n<meta property=\"article:modified_time\" content=\"2023-12-12T08:51:07+00:00\" \/>\n<meta property=\"og:image\" content=\"https:\/\/www.api-hk.com\/wp-content\/uploads\/2022\/06\/iso_14001.jpg\" \/>\n<script type=\"application\/ld+json\" class=\"yoast-schema-graph\">{\"@context\":\"https:\/\/schema.org\",\"@graph\":[{\"@type\":\"WebPage\",\"@id\":\"https:\/\/www.api-hk.com\/factory-environmental-audit\/\",\"url\":\"https:\/\/www.api-hk.com\/factory-environmental-audit\/\",\"name\":\"Factory Environmental Audit\",\"isPartOf\":{\"@id\":\"https:\/\/www.api-hk.com\/#website\"},\"primaryImageOfPage\":{\"@id\":\"https:\/\/www.api-hk.com\/factory-environmental-audit\/#primaryimage\"},\"image\":{\"@id\":\"https:\/\/www.api-hk.com\/factory-environmental-audit\/#primaryimage\"},\"thumbnailUrl\":\"https:\/\/www.api-hk.com\/wp-content\/uploads\/2022\/06\/iso_14001.jpg\",\"datePublished\":\"2022-06-28T06:02:19+00:00\",\"dateModified\":\"2023-12-12T08:51:07+00:00\",\"description\":\"Factory Environmental Audit to assess supplier\u2019s ISO14001:15 environmental management system (EMS). Eg. Waste disposal, waste storage...\",\"breadcrumb\":{\"@id\":\"https:\/\/www.api-hk.com\/factory-environmental-audit\/#breadcrumb\"},\"inLanguage\":\"es\",\"potentialAction\":[{\"@type\":\"ReadAction\",\"target\":[\"https:\/\/www.api-hk.com\/factory-environmental-audit\/\"]}]},{\"@type\":\"ImageObject\",\"inLanguage\":\"es\",\"@id\":\"https:\/\/www.api-hk.com\/factory-environmental-audit\/#primaryimage\",\"url\":\"https:\/\/www.api-hk.com\/wp-content\/uploads\/2022\/06\/iso_14001.jpg\",\"contentUrl\":\"https:\/\/www.api-hk.com\/wp-content\/uploads\/2022\/06\/iso_14001.jpg\"},{\"@type\":\"BreadcrumbList\",\"@id\":\"https:\/\/www.api-hk.com\/factory-environmental-audit\/#breadcrumb\",\"itemListElement\":[{\"@type\":\"ListItem\",\"position\":1,\"name\":\"Home\",\"item\":\"https:\/\/www.api-hk.com\/\"},{\"@type\":\"ListItem\",\"position\":2,\"name\":\"Factory Environmental Audit\"}]},{\"@type\":\"WebSite\",\"@id\":\"https:\/\/www.api-hk.com\/#website\",\"url\":\"https:\/\/www.api-hk.com\/\",\"name\":\"API, The Household Goods and Toys Quality Experts\",\"description\":\"Quality management solutions for household goods and toys\",\"publisher\":{\"@id\":\"https:\/\/www.api-hk.com\/#organization\"},\"potentialAction\":[{\"@type\":\"SearchAction\",\"target\":{\"@type\":\"EntryPoint\",\"urlTemplate\":\"https:\/\/www.api-hk.com\/?s={search_term_string}\"},\"query-input\":\"required name=search_term_string\"}],\"inLanguage\":\"es\"},{\"@type\":\"Organization\",\"@id\":\"https:\/\/www.api-hk.com\/#organization\",\"name\":\"API, The Household Goods and Toys Quality Experts\",\"url\":\"https:\/\/www.api-hk.com\/\",\"logo\":{\"@type\":\"ImageObject\",\"inLanguage\":\"es\",\"@id\":\"https:\/\/www.api-hk.com\/#\/schema\/logo\/image\/\",\"url\":\"https:\/\/www.api-hk.com\/wp-content\/uploads\/2023\/06\/ALL-LOGO-API-NEW-BASE-LINE-EXE-color-scaled-1.jpeg\",\"contentUrl\":\"https:\/\/www.api-hk.com\/wp-content\/uploads\/2023\/06\/ALL-LOGO-API-NEW-BASE-LINE-EXE-color-scaled-1.jpeg\",\"width\":2560,\"height\":704,\"caption\":\"API, The Household Goods and Toys Quality Experts\"},\"image\":{\"@id\":\"https:\/\/www.api-hk.com\/#\/schema\/logo\/image\/\"},\"sameAs\":[\"https:\/\/www.youtube.com\/channel\/UCt1TMbm4WdCJnCknRFmmBSw\",\"https:\/\/www.linkedin.com\/company\/asia-pacific-inspection-ltd-\/\"]}]}<\/script>\n<!-- \/ Yoast SEO Premium plugin. -->","yoast_head_json":{"title":"Auditor\u00eda medioambiental de f\u00e1bricas","description":"Auditor\u00eda medioambiental de f\u00e1brica para evaluar el sistema de gesti\u00f3n medioambiental (SGM) ISO14001:15 del proveedor. Por ejemplo, eliminaci\u00f3n de residuos, almacenamiento de residuos...","robots":{"index":"index","follow":"follow","max-snippet":"max-snippet:-1","max-image-preview":"max-image-preview:large","max-video-preview":"max-video-preview:-1"},"canonical":"https:\/\/www.api-hk.com\/es\/auditoria-medioambiental-de-la-fabrica\/","og_locale":"es_ES","og_type":"article","og_title":"Factory Environmental Audit","og_description":"Factory Environmental Audit to assess supplier\u2019s ISO14001:15 environmental management system (EMS). Eg. Waste disposal, waste storage...","og_url":"https:\/\/www.api-hk.com\/es\/auditoria-medioambiental-de-la-fabrica\/","og_site_name":"API, The Household Goods and Toys Quality Experts","article_modified_time":"2023-12-12T08:51:07+00:00","og_image":[{"url":"https:\/\/www.api-hk.com\/wp-content\/uploads\/2022\/06\/iso_14001.jpg"}],"schema":{"@context":"https:\/\/schema.org","@graph":[{"@type":"WebPage","@id":"https:\/\/www.api-hk.com\/factory-environmental-audit\/","url":"https:\/\/www.api-hk.com\/factory-environmental-audit\/","name":"Auditor\u00eda medioambiental de f\u00e1bricas","isPartOf":{"@id":"https:\/\/www.api-hk.com\/#website"},"primaryImageOfPage":{"@id":"https:\/\/www.api-hk.com\/factory-environmental-audit\/#primaryimage"},"image":{"@id":"https:\/\/www.api-hk.com\/factory-environmental-audit\/#primaryimage"},"thumbnailUrl":"https:\/\/www.api-hk.com\/wp-content\/uploads\/2022\/06\/iso_14001.jpg","datePublished":"2022-06-28T06:02:19+00:00","dateModified":"2023-12-12T08:51:07+00:00","description":"Auditor\u00eda medioambiental de f\u00e1brica para evaluar el sistema de gesti\u00f3n medioambiental (SGM) ISO14001:15 del proveedor. Por ejemplo, eliminaci\u00f3n de residuos, almacenamiento de residuos...","breadcrumb":{"@id":"https:\/\/www.api-hk.com\/factory-environmental-audit\/#breadcrumb"},"inLanguage":"es","potentialAction":[{"@type":"ReadAction","target":["https:\/\/www.api-hk.com\/factory-environmental-audit\/"]}]},{"@type":"ImageObject","inLanguage":"es","@id":"https:\/\/www.api-hk.com\/factory-environmental-audit\/#primaryimage","url":"https:\/\/www.api-hk.com\/wp-content\/uploads\/2022\/06\/iso_14001.jpg","contentUrl":"https:\/\/www.api-hk.com\/wp-content\/uploads\/2022\/06\/iso_14001.jpg"},{"@type":"BreadcrumbList","@id":"https:\/\/www.api-hk.com\/factory-environmental-audit\/#breadcrumb","itemListElement":[{"@type":"ListItem","position":1,"name":"Home","item":"https:\/\/www.api-hk.com\/"},{"@type":"ListItem","position":2,"name":"Factory Environmental Audit"}]},{"@type":"WebSite","@id":"https:\/\/www.api-hk.com\/#website","url":"https:\/\/www.api-hk.com\/","name":"API, Los Expertos en Calidad de Art\u00edculos para el Hogar y Juguetes","description":"Soluciones de gesti\u00f3n de calidad para art\u00edculos del hogar y juguetes","publisher":{"@id":"https:\/\/www.api-hk.com\/#organization"},"potentialAction":[{"@type":"SearchAction","target":{"@type":"EntryPoint","urlTemplate":"https:\/\/www.api-hk.com\/?s={search_term_string}"},"query-input":"required name=search_term_string"}],"inLanguage":"es"},{"@type":"Organization","@id":"https:\/\/www.api-hk.com\/#organization","name":"API, Los Expertos en Calidad de Art\u00edculos para el Hogar y Juguetes","url":"https:\/\/www.api-hk.com\/","logo":{"@type":"ImageObject","inLanguage":"es","@id":"https:\/\/www.api-hk.com\/#\/schema\/logo\/image\/","url":"https:\/\/www.api-hk.com\/wp-content\/uploads\/2023\/06\/ALL-LOGO-API-NEW-BASE-LINE-EXE-color-scaled-1.jpeg","contentUrl":"https:\/\/www.api-hk.com\/wp-content\/uploads\/2023\/06\/ALL-LOGO-API-NEW-BASE-LINE-EXE-color-scaled-1.jpeg","width":2560,"height":704,"caption":"API, The Household Goods and Toys Quality Experts"},"image":{"@id":"https:\/\/www.api-hk.com\/#\/schema\/logo\/image\/"},"sameAs":["https:\/\/www.youtube.com\/channel\/UCt1TMbm4WdCJnCknRFmmBSw","https:\/\/www.linkedin.com\/company\/asia-pacific-inspection-ltd-\/"]}]}},"_links":{"self":[{"href":"https:\/\/www.api-hk.com\/es\/wp-json\/wp\/v2\/pages\/4935","targetHints":{"allow":["GET"]}}],"collection":[{"href":"https:\/\/www.api-hk.com\/es\/wp-json\/wp\/v2\/pages"}],"about":[{"href":"https:\/\/www.api-hk.com\/es\/wp-json\/wp\/v2\/types\/page"}],"author":[{"embeddable":true,"href":"https:\/\/www.api-hk.com\/es\/wp-json\/wp\/v2\/users\/2"}],"replies":[{"embeddable":true,"href":"https:\/\/www.api-hk.com\/es\/wp-json\/wp\/v2\/comments?post=4935"}],"version-history":[{"count":0,"href":"https:\/\/www.api-hk.com\/es\/wp-json\/wp\/v2\/pages\/4935\/revisions"}],"wp:attachment":[{"href":"https:\/\/www.api-hk.com\/es\/wp-json\/wp\/v2\/media?parent=4935"}],"curies":[{"name":"wp","href":"https:\/\/api.w.org\/{rel}","templated":true}]}}