{"id":4064,"date":"2022-06-17T07:11:28","date_gmt":"2022-06-17T07:11:28","guid":{"rendered":"https:\/\/api-hk.com\/?page_id=4064"},"modified":"2024-03-12T15:02:52","modified_gmt":"2024-03-12T15:02:52","slug":"technical-advisory","status":"publish","type":"page","link":"https:\/\/www.api-hk.com\/es\/technical-advisory\/","title":{"rendered":"API\u2019s Technical Advisory"},"content":{"rendered":"<div data-elementor-type=\"wp-page\" data-elementor-id=\"4064\" class=\"elementor elementor-4064\">\n\t\t\t\t\t\t<section class=\"elementor-section elementor-top-section elementor-element elementor-element-4a50a11 elementor-section-content-middle custom_sub_header sec-banner elementor-section-boxed elementor-section-height-default elementor-section-height-default\" data-id=\"4a50a11\" data-element_type=\"section\" data-settings=\"{&quot;background_background&quot;:&quot;classic&quot;}\">\n\t\t\t\t\t\t<div class=\"elementor-container elementor-column-gap-default\">\n\t\t\t\t\t<div class=\"elementor-column elementor-col-100 elementor-top-column elementor-element elementor-element-16c95b5\" data-id=\"16c95b5\" data-element_type=\"column\">\n\t\t\t<div class=\"elementor-widget-wrap elementor-element-populated\">\n\t\t\t\t\t\t<div class=\"elementor-element elementor-element-4ee70e2 elementor-widget elementor-widget-shortcode\" data-id=\"4ee70e2\" data-element_type=\"widget\" data-widget_type=\"shortcode.default\">\n\t\t\t\t<div class=\"elementor-widget-container\">\n\t\t\t\t\t<div class=\"elementor-shortcode\"><h1 class=\"sub_header_title\">API\u2019s Technical Advisory<\/h1><\/div>\n\t\t\t\t<\/div>\n\t\t\t\t<\/div>\n\t\t\t\t\t<\/div>\n\t\t<\/div>\n\t\t\t\t\t<\/div>\n\t\t<\/section>\n\t\t\t\t<section class=\"elementor-section elementor-top-section elementor-element elementor-element-d1fea5d elementor-section-content-middle custom_bread_ elementor-section-boxed elementor-section-height-default elementor-section-height-default\" data-id=\"d1fea5d\" data-element_type=\"section\" data-settings=\"{&quot;background_background&quot;:&quot;classic&quot;}\">\n\t\t\t\t\t\t\t<div class=\"elementor-background-overlay\"><\/div>\n\t\t\t\t\t\t\t<div class=\"elementor-container elementor-column-gap-default\">\n\t\t\t\t\t<div class=\"elementor-column elementor-col-100 elementor-top-column elementor-element elementor-element-41382bc\" data-id=\"41382bc\" data-element_type=\"column\">\n\t\t\t<div class=\"elementor-widget-wrap elementor-element-populated\">\n\t\t\t\t\t\t<div class=\"elementor-element elementor-element-acd0727 elementor-widget elementor-widget-shortcode\" data-id=\"acd0727\" data-element_type=\"widget\" data-widget_type=\"shortcode.default\">\n\t\t\t\t<div class=\"elementor-widget-container\">\n\t\t\t<div class='breadcrumb_list'><a href=\"https:\/\/www.api-hk.com\/es\" >Inicio<\/a><\/div>\t\t<div class=\"elementor-shortcode\"><\/div>\n\t\t\t\t<\/div>\n\t\t\t\t<\/div>\n\t\t\t\t\t<\/div>\n\t\t<\/div>\n\t\t\t\t\t<\/div>\n\t\t<\/section>\n\t\t\t\t<section class=\"elementor-section elementor-top-section elementor-element elementor-element-fbef779 elementor-section-boxed elementor-section-height-default elementor-section-height-default\" data-id=\"fbef779\" data-element_type=\"section\" data-settings=\"{&quot;background_background&quot;:&quot;classic&quot;}\">\n\t\t\t\t\t\t<div class=\"elementor-container elementor-column-gap-default\">\n\t\t\t\t\t<div class=\"elementor-column elementor-col-100 elementor-top-column elementor-element elementor-element-a5375b3\" data-id=\"a5375b3\" data-element_type=\"column\">\n\t\t\t<div class=\"elementor-widget-wrap elementor-element-populated\">\n\t\t\t\t\t\t<div class=\"elementor-element elementor-element-e01ee54 elementor-widget elementor-widget-text-editor\" data-id=\"e01ee54\" data-element_type=\"widget\" data-widget_type=\"text-editor.default\">\n\t\t\t\t<div class=\"elementor-widget-container\">\n\t\t\t<style>\/*! elementor - v3.21.0 - 18-04-2024 *\/\n.elementor-widget-text-editor.elementor-drop-cap-view-stacked .elementor-drop-cap{background-color:#69727d;color:#fff}.elementor-widget-text-editor.elementor-drop-cap-view-framed .elementor-drop-cap{color:#69727d;border:3px solid;background-color:transparent}.elementor-widget-text-editor:not(.elementor-drop-cap-view-default) .elementor-drop-cap{margin-top:8px}.elementor-widget-text-editor:not(.elementor-drop-cap-view-default) .elementor-drop-cap-letter{width:1em;height:1em}.elementor-widget-text-editor .elementor-drop-cap{float:left;text-align:center;line-height:1;font-size:50px}.elementor-widget-text-editor .elementor-drop-cap-letter{display:inline-block}<\/style>\t\t\t\t<p>The majority of recalls and product safety issues stem from the product development stage. Development follow-up and pre-production sample evaluation are fundamental to assuring the overall quality, conformity and compliance of the finished product.<\/p><p>Our technical team works closely with our client\u2019s development teams to help identify product issues at an early stage.<\/p>\t\t\t\t\t\t<\/div>\n\t\t\t\t<\/div>\n\t\t\t\t\t<\/div>\n\t\t<\/div>\n\t\t\t\t\t<\/div>\n\t\t<\/section>\n\t\t\t\t<section class=\"elementor-section elementor-top-section elementor-element elementor-element-af1dbd0 FTA-sec1 elementor-section-boxed elementor-section-height-default elementor-section-height-default\" data-id=\"af1dbd0\" data-element_type=\"section\">\n\t\t\t\t\t\t<div class=\"elementor-container elementor-column-gap-default\">\n\t\t\t\t\t<div class=\"elementor-column elementor-col-50 elementor-top-column elementor-element elementor-element-c079693\" data-id=\"c079693\" data-element_type=\"column\">\n\t\t\t<div class=\"elementor-widget-wrap elementor-element-populated\">\n\t\t\t\t\t\t<div class=\"elementor-element elementor-element-4bfd109 sec-1_img elementor-widget elementor-widget-image\" data-id=\"4bfd109\" data-element_type=\"widget\" data-widget_type=\"image.default\">\n\t\t\t\t<div class=\"elementor-widget-container\">\n\t\t\t<style>\/*! elementor - v3.21.0 - 18-04-2024 *\/\n.elementor-widget-image{text-align:center}.elementor-widget-image a{display:inline-block}.elementor-widget-image a img[src$=\".svg\"]{width:48px}.elementor-widget-image img{vertical-align:middle;display:inline-block}<\/style>\t\t\t\t\t\t\t\t\t\t<img fetchpriority=\"high\" decoding=\"async\" width=\"580\" height=\"476\" src=\"https:\/\/www.api-hk.com\/wp-content\/uploads\/2022\/06\/Hardgoods-Training-Resources-Centre.jpg\" class=\"attachment-large size-large wp-image-3930\" alt=\"API&#039;s Hardgoods Training Resources Centre\" \/>\t\t\t\t\t\t\t\t\t\t\t\t\t<\/div>\n\t\t\t\t<\/div>\n\t\t\t\t\t<\/div>\n\t\t<\/div>\n\t\t\t\t<div class=\"elementor-column elementor-col-50 elementor-top-column elementor-element elementor-element-1a6412e\" data-id=\"1a6412e\" data-element_type=\"column\">\n\t\t\t<div class=\"elementor-widget-wrap elementor-element-populated\">\n\t\t\t\t\t\t<div class=\"elementor-element elementor-element-8d7cb8f section-para2-list elementor-widget elementor-widget-text-editor\" data-id=\"8d7cb8f\" data-element_type=\"widget\" data-widget_type=\"text-editor.default\">\n\t\t\t\t<div class=\"elementor-widget-container\">\n\t\t\t\t\t\t\t<strong>Bronze seal sample evaluation including product design evaluation<\/strong>\n<br>\n<br>\nOn-site product design evaluation\n<br>\n<ul style=\"list-style-type: none;\">\n \t<li>Risk assessment to define any potential risk out of regulation and product safety<\/li>\n \t<li>Similar severity case review<\/li>\n \t<li>Design highlight<\/li>\n \t<li>Suggestion of how to improve the product based on the evaluation findings<\/li>\n<\/ul>\n<\/li>\n<\/ul>\t\t\t\t\t\t<\/div>\n\t\t\t\t<\/div>\n\t\t\t\t\t<\/div>\n\t\t<\/div>\n\t\t\t\t\t<\/div>\n\t\t<\/section>\n\t\t\t\t<section class=\"elementor-section elementor-top-section elementor-element elementor-element-d8da939 FTA-sec2 elementor-reverse-mobile elementor-section-boxed elementor-section-height-default elementor-section-height-default\" data-id=\"d8da939\" data-element_type=\"section\">\n\t\t\t\t\t\t<div class=\"elementor-container elementor-column-gap-default\">\n\t\t\t\t\t<div class=\"elementor-column elementor-col-50 elementor-top-column elementor-element elementor-element-50114ed\" data-id=\"50114ed\" data-element_type=\"column\">\n\t\t\t<div class=\"elementor-widget-wrap elementor-element-populated\">\n\t\t\t\t\t\t<div class=\"elementor-element elementor-element-f76492a section-para2-list elementor-widget elementor-widget-text-editor\" data-id=\"f76492a\" data-element_type=\"widget\" data-widget_type=\"text-editor.default\">\n\t\t\t\t<div class=\"elementor-widget-container\">\n\t\t\t\t\t\t\t<p><strong>Product failure root cause investigation &amp; improvement (IPPA or <a href=\"https:\/\/www.api-hk.com\/es\/quality-assurance-for-household-goods-blog-dupro-toy-testing\/\">DuPRO<\/a>)<\/strong><br \/><br \/><br \/>Support the client to investigate the root cause for a product failure due to Product Production Process reason<\/p><ul><li>Desktop review the failure<\/li><li>Discuss with the supplier \/ factory to get the full understanding of the production process<\/li><li>Define the weakest link and or improvement points on the production process<\/li><li>Design of Experiment to seek for solutions for improvement<\/li><li>Conduct on-site IPPA to verify the root cause and proof for solutions<\/li><\/ul>\t\t\t\t\t\t<\/div>\n\t\t\t\t<\/div>\n\t\t\t\t\t<\/div>\n\t\t<\/div>\n\t\t\t\t<div class=\"elementor-column elementor-col-50 elementor-top-column elementor-element elementor-element-b634e07\" data-id=\"b634e07\" data-element_type=\"column\">\n\t\t\t<div class=\"elementor-widget-wrap elementor-element-populated\">\n\t\t\t\t\t\t<div class=\"elementor-element elementor-element-3f41fde sec-2_img elementor-widget elementor-widget-image\" data-id=\"3f41fde\" data-element_type=\"widget\" data-widget_type=\"image.default\">\n\t\t\t\t<div class=\"elementor-widget-container\">\n\t\t\t\t\t\t\t\t\t\t\t\t\t<img decoding=\"async\" width=\"580\" height=\"345\" src=\"https:\/\/www.api-hk.com\/wp-content\/uploads\/2022\/06\/Physical-And-Mechanical-Testing.jpg\" class=\"attachment-large size-large wp-image-3854\" alt=\"Household goods lab testing solutions Physical and Mechanical Testing\u200b\" \/>\t\t\t\t\t\t\t\t\t\t\t\t\t<\/div>\n\t\t\t\t<\/div>\n\t\t\t\t\t<\/div>\n\t\t<\/div>\n\t\t\t\t\t<\/div>\n\t\t<\/section>\n\t\t\t\t<section class=\"elementor-section elementor-top-section elementor-element elementor-element-3580d11 FTA-sec1 elementor-section-boxed elementor-section-height-default elementor-section-height-default\" data-id=\"3580d11\" data-element_type=\"section\">\n\t\t\t\t\t\t<div class=\"elementor-container elementor-column-gap-default\">\n\t\t\t\t\t<div class=\"elementor-column elementor-col-50 elementor-top-column elementor-element elementor-element-7fb2c3a\" data-id=\"7fb2c3a\" data-element_type=\"column\">\n\t\t\t<div class=\"elementor-widget-wrap elementor-element-populated\">\n\t\t\t\t\t\t<div class=\"elementor-element elementor-element-54107d4 sec-1_img elementor-widget elementor-widget-image\" data-id=\"54107d4\" data-element_type=\"widget\" data-widget_type=\"image.default\">\n\t\t\t\t<div class=\"elementor-widget-container\">\n\t\t\t\t\t\t\t\t\t\t\t\t\t<img decoding=\"async\" width=\"580\" height=\"580\" src=\"https:\/\/www.api-hk.com\/wp-content\/uploads\/2022\/06\/Factory-Certified-Auditor-Program.jpg\" class=\"attachment-large size-large wp-image-4796\" alt=\"API Technical Advisory Household Goods\" \/>\t\t\t\t\t\t\t\t\t\t\t\t\t<\/div>\n\t\t\t\t<\/div>\n\t\t\t\t\t<\/div>\n\t\t<\/div>\n\t\t\t\t<div class=\"elementor-column elementor-col-50 elementor-top-column elementor-element elementor-element-77ffbc7\" data-id=\"77ffbc7\" data-element_type=\"column\">\n\t\t\t<div class=\"elementor-widget-wrap elementor-element-populated\">\n\t\t\t\t\t\t<div class=\"elementor-element elementor-element-a1a7509 section-para2-list elementor-widget elementor-widget-text-editor\" data-id=\"a1a7509\" data-element_type=\"widget\" data-widget_type=\"text-editor.default\">\n\t\t\t\t<div class=\"elementor-widget-container\">\n\t\t\t\t\t\t\t<strong>Self-Inspection training (<b>Factory Certified Auditor Program<\/b>)<\/strong>\n<br>\n<br>\n \tEmpower but monitor manufacturers\n<ul>\n \t<li>Empower the best suppliers for a win \u2013 win situation, reduce risk and encourage continuous improvement on performance<\/li>\n<\/ul>\nFor advanced manufacturers with solid QMS\n<ul>\n \t<li>Program Introduction to Vendors<\/li>\n \t<li>On-site Assessment<\/li>\n \t<li>Validation &amp; Training<\/li>\n \t<li>Examination (Theoretical &amp; On-site)<\/li>\n \t<li>Correlation &amp; Certification<\/li>\n \t<li>Monitoring<\/li>\n<\/ul>\n<\/li>\n<\/ul>\n<\/li>\n<\/ul>\t\t\t\t\t\t<\/div>\n\t\t\t\t<\/div>\n\t\t\t\t\t<\/div>\n\t\t<\/div>\n\t\t\t\t\t<\/div>\n\t\t<\/section>\n\t\t\t\t<section class=\"elementor-section elementor-top-section elementor-element elementor-element-2da3e7d FTA-sec2 elementor-reverse-mobile elementor-section-boxed elementor-section-height-default elementor-section-height-default\" data-id=\"2da3e7d\" data-element_type=\"section\">\n\t\t\t\t\t\t<div class=\"elementor-container elementor-column-gap-default\">\n\t\t\t\t\t<div class=\"elementor-column elementor-col-50 elementor-top-column elementor-element elementor-element-028309d\" data-id=\"028309d\" data-element_type=\"column\">\n\t\t\t<div class=\"elementor-widget-wrap elementor-element-populated\">\n\t\t\t\t\t\t<div class=\"elementor-element elementor-element-7197bd2 section-para2-list elementor-widget elementor-widget-text-editor\" data-id=\"7197bd2\" data-element_type=\"widget\" data-widget_type=\"text-editor.default\">\n\t\t\t\t<div class=\"elementor-widget-container\">\n\t\t\t\t\t\t\t<p><strong>Core <a href=\"https:\/\/www.api-hk.com\/es\/furniture-quality-management\/\">furniture<\/a> sample review<\/strong> included<\/p><ul><li>Visual check<\/li><li>Dimension check<\/li><li>Function check<\/li><li>Safety check<\/li><li>Static load test<\/li><li>Stability test<\/li><\/ul>\t\t\t\t\t\t<\/div>\n\t\t\t\t<\/div>\n\t\t\t\t\t<\/div>\n\t\t<\/div>\n\t\t\t\t<div class=\"elementor-column elementor-col-50 elementor-top-column elementor-element elementor-element-43b1d2d\" data-id=\"43b1d2d\" data-element_type=\"column\">\n\t\t\t<div class=\"elementor-widget-wrap elementor-element-populated\">\n\t\t\t\t\t\t<div class=\"elementor-element elementor-element-f13ba66 sec-2_img elementor-widget elementor-widget-image\" data-id=\"f13ba66\" data-element_type=\"widget\" data-widget_type=\"image.default\">\n\t\t\t\t<div class=\"elementor-widget-container\">\n\t\t\t\t\t\t\t\t\t\t\t\t\t<img loading=\"lazy\" decoding=\"async\" width=\"580\" height=\"212\" src=\"https:\/\/www.api-hk.com\/wp-content\/uploads\/2022\/06\/img_4.jpg\" class=\"attachment-large size-large wp-image-3148\" alt=\"Technical advisory Furniture Sample Review\" \/>\t\t\t\t\t\t\t\t\t\t\t\t\t<\/div>\n\t\t\t\t<\/div>\n\t\t\t\t\t<\/div>\n\t\t<\/div>\n\t\t\t\t\t<\/div>\n\t\t<\/section>\n\t\t\t\t<\/div>","protected":false},"excerpt":{"rendered":"<p>The majority of recalls and product safety issues stem from the product development stage. Development follow-up and pre-production sample evaluation are fundamental to assuring the overall quality, conformity and compliance of the finished product. Our technical team works closely with our client\u2019s development teams to help identify product issues at an early stage. Bronze seal [&hellip;]<\/p>","protected":false},"author":1,"featured_media":0,"parent":0,"menu_order":0,"comment_status":"closed","ping_status":"closed","template":"elementor_header_footer","meta":{"footnotes":""},"class_list":["post-4064","page","type-page","status-publish","hentry"],"yoast_head":"<!-- This site is optimized with the Yoast SEO Premium plugin v22.5 (Yoast SEO v22.5) - https:\/\/yoast.com\/wordpress\/plugins\/seo\/ -->\n<title>API\u2019s Technical Advisory for Household Goods and Toys<\/title>\n<meta name=\"description\" content=\"Technical Advisory in development stage is fundamental to assuring the overall quality, conformity and compliance of the finished product.\" \/>\n<meta name=\"robots\" content=\"index, follow, max-snippet:-1, max-image-preview:large, max-video-preview:-1\" \/>\n<link rel=\"canonical\" href=\"https:\/\/www.api-hk.com\/es\/technical-advisory\/\" \/>\n<meta property=\"og:locale\" content=\"es_ES\" \/>\n<meta property=\"og:type\" content=\"article\" \/>\n<meta property=\"og:title\" content=\"API\u2019s Technical Advisory\" \/>\n<meta property=\"og:description\" content=\"Technical Advisory in development stage is fundamental to assuring the overall quality, conformity and compliance of the finished product.\" \/>\n<meta property=\"og:url\" content=\"https:\/\/www.api-hk.com\/es\/technical-advisory\/\" \/>\n<meta property=\"og:site_name\" content=\"API, The Household Goods and Toys Quality Experts\" \/>\n<meta property=\"article:modified_time\" content=\"2024-03-12T15:02:52+00:00\" \/>\n<meta property=\"og:image\" content=\"https:\/\/www.api-hk.com\/wp-content\/uploads\/2022\/06\/Hardgoods-Training-Resources-Centre.jpg\" \/>\n<script type=\"application\/ld+json\" class=\"yoast-schema-graph\">{\"@context\":\"https:\/\/schema.org\",\"@graph\":[{\"@type\":\"WebPage\",\"@id\":\"https:\/\/www.api-hk.com\/technical-advisory\/\",\"url\":\"https:\/\/www.api-hk.com\/technical-advisory\/\",\"name\":\"API\u2019s Technical Advisory for Household Goods and Toys\",\"isPartOf\":{\"@id\":\"https:\/\/www.api-hk.com\/#website\"},\"primaryImageOfPage\":{\"@id\":\"https:\/\/www.api-hk.com\/technical-advisory\/#primaryimage\"},\"image\":{\"@id\":\"https:\/\/www.api-hk.com\/technical-advisory\/#primaryimage\"},\"thumbnailUrl\":\"https:\/\/www.api-hk.com\/wp-content\/uploads\/2022\/06\/Hardgoods-Training-Resources-Centre.jpg\",\"datePublished\":\"2022-06-17T07:11:28+00:00\",\"dateModified\":\"2024-03-12T15:02:52+00:00\",\"description\":\"Technical Advisory in development stage is fundamental to assuring the overall quality, conformity and compliance of the finished product.\",\"breadcrumb\":{\"@id\":\"https:\/\/www.api-hk.com\/technical-advisory\/#breadcrumb\"},\"inLanguage\":\"es\",\"potentialAction\":[{\"@type\":\"ReadAction\",\"target\":[\"https:\/\/www.api-hk.com\/technical-advisory\/\"]}]},{\"@type\":\"ImageObject\",\"inLanguage\":\"es\",\"@id\":\"https:\/\/www.api-hk.com\/technical-advisory\/#primaryimage\",\"url\":\"https:\/\/www.api-hk.com\/wp-content\/uploads\/2022\/06\/Hardgoods-Training-Resources-Centre.jpg\",\"contentUrl\":\"https:\/\/www.api-hk.com\/wp-content\/uploads\/2022\/06\/Hardgoods-Training-Resources-Centre.jpg\"},{\"@type\":\"BreadcrumbList\",\"@id\":\"https:\/\/www.api-hk.com\/technical-advisory\/#breadcrumb\",\"itemListElement\":[{\"@type\":\"ListItem\",\"position\":1,\"name\":\"Home\",\"item\":\"https:\/\/www.api-hk.com\/\"},{\"@type\":\"ListItem\",\"position\":2,\"name\":\"API\u2019s Technical Advisory\"}]},{\"@type\":\"WebSite\",\"@id\":\"https:\/\/www.api-hk.com\/#website\",\"url\":\"https:\/\/www.api-hk.com\/\",\"name\":\"API, The Household Goods and Toys Quality Experts\",\"description\":\"Quality management solutions for household goods and toys\",\"publisher\":{\"@id\":\"https:\/\/www.api-hk.com\/#organization\"},\"potentialAction\":[{\"@type\":\"SearchAction\",\"target\":{\"@type\":\"EntryPoint\",\"urlTemplate\":\"https:\/\/www.api-hk.com\/?s={search_term_string}\"},\"query-input\":\"required name=search_term_string\"}],\"inLanguage\":\"es\"},{\"@type\":\"Organization\",\"@id\":\"https:\/\/www.api-hk.com\/#organization\",\"name\":\"API, The Household Goods and Toys Quality Experts\",\"url\":\"https:\/\/www.api-hk.com\/\",\"logo\":{\"@type\":\"ImageObject\",\"inLanguage\":\"es\",\"@id\":\"https:\/\/www.api-hk.com\/#\/schema\/logo\/image\/\",\"url\":\"https:\/\/www.api-hk.com\/wp-content\/uploads\/2023\/06\/ALL-LOGO-API-NEW-BASE-LINE-EXE-color-scaled-1.jpeg\",\"contentUrl\":\"https:\/\/www.api-hk.com\/wp-content\/uploads\/2023\/06\/ALL-LOGO-API-NEW-BASE-LINE-EXE-color-scaled-1.jpeg\",\"width\":2560,\"height\":704,\"caption\":\"API, The Household Goods and Toys Quality Experts\"},\"image\":{\"@id\":\"https:\/\/www.api-hk.com\/#\/schema\/logo\/image\/\"},\"sameAs\":[\"https:\/\/www.youtube.com\/channel\/UCt1TMbm4WdCJnCknRFmmBSw\",\"https:\/\/www.linkedin.com\/company\/asia-pacific-inspection-ltd-\/\"]}]}<\/script>\n<!-- \/ Yoast SEO Premium plugin. -->","yoast_head_json":{"title":"API\u2019s Technical Advisory for Household Goods and Toys","description":"Technical Advisory in development stage is fundamental to assuring the overall quality, conformity and compliance of the finished product.","robots":{"index":"index","follow":"follow","max-snippet":"max-snippet:-1","max-image-preview":"max-image-preview:large","max-video-preview":"max-video-preview:-1"},"canonical":"https:\/\/www.api-hk.com\/es\/technical-advisory\/","og_locale":"es_ES","og_type":"article","og_title":"API\u2019s Technical Advisory","og_description":"Technical Advisory in development stage is fundamental to assuring the overall quality, conformity and compliance of the finished product.","og_url":"https:\/\/www.api-hk.com\/es\/technical-advisory\/","og_site_name":"API, The Household Goods and Toys Quality Experts","article_modified_time":"2024-03-12T15:02:52+00:00","og_image":[{"url":"https:\/\/www.api-hk.com\/wp-content\/uploads\/2022\/06\/Hardgoods-Training-Resources-Centre.jpg"}],"schema":{"@context":"https:\/\/schema.org","@graph":[{"@type":"WebPage","@id":"https:\/\/www.api-hk.com\/technical-advisory\/","url":"https:\/\/www.api-hk.com\/technical-advisory\/","name":"API\u2019s Technical Advisory for Household Goods and Toys","isPartOf":{"@id":"https:\/\/www.api-hk.com\/#website"},"primaryImageOfPage":{"@id":"https:\/\/www.api-hk.com\/technical-advisory\/#primaryimage"},"image":{"@id":"https:\/\/www.api-hk.com\/technical-advisory\/#primaryimage"},"thumbnailUrl":"https:\/\/www.api-hk.com\/wp-content\/uploads\/2022\/06\/Hardgoods-Training-Resources-Centre.jpg","datePublished":"2022-06-17T07:11:28+00:00","dateModified":"2024-03-12T15:02:52+00:00","description":"Technical Advisory in development stage is fundamental to assuring the overall quality, conformity and compliance of the finished product.","breadcrumb":{"@id":"https:\/\/www.api-hk.com\/technical-advisory\/#breadcrumb"},"inLanguage":"es","potentialAction":[{"@type":"ReadAction","target":["https:\/\/www.api-hk.com\/technical-advisory\/"]}]},{"@type":"ImageObject","inLanguage":"es","@id":"https:\/\/www.api-hk.com\/technical-advisory\/#primaryimage","url":"https:\/\/www.api-hk.com\/wp-content\/uploads\/2022\/06\/Hardgoods-Training-Resources-Centre.jpg","contentUrl":"https:\/\/www.api-hk.com\/wp-content\/uploads\/2022\/06\/Hardgoods-Training-Resources-Centre.jpg"},{"@type":"BreadcrumbList","@id":"https:\/\/www.api-hk.com\/technical-advisory\/#breadcrumb","itemListElement":[{"@type":"ListItem","position":1,"name":"Home","item":"https:\/\/www.api-hk.com\/"},{"@type":"ListItem","position":2,"name":"API\u2019s Technical Advisory"}]},{"@type":"WebSite","@id":"https:\/\/www.api-hk.com\/#website","url":"https:\/\/www.api-hk.com\/","name":"API, Los Expertos en Calidad de Art\u00edculos para el Hogar y Juguetes","description":"Soluciones de gesti\u00f3n de calidad para art\u00edculos del hogar y juguetes","publisher":{"@id":"https:\/\/www.api-hk.com\/#organization"},"potentialAction":[{"@type":"SearchAction","target":{"@type":"EntryPoint","urlTemplate":"https:\/\/www.api-hk.com\/?s={search_term_string}"},"query-input":"required name=search_term_string"}],"inLanguage":"es"},{"@type":"Organization","@id":"https:\/\/www.api-hk.com\/#organization","name":"API, Los Expertos en Calidad de Art\u00edculos para el Hogar y Juguetes","url":"https:\/\/www.api-hk.com\/","logo":{"@type":"ImageObject","inLanguage":"es","@id":"https:\/\/www.api-hk.com\/#\/schema\/logo\/image\/","url":"https:\/\/www.api-hk.com\/wp-content\/uploads\/2023\/06\/ALL-LOGO-API-NEW-BASE-LINE-EXE-color-scaled-1.jpeg","contentUrl":"https:\/\/www.api-hk.com\/wp-content\/uploads\/2023\/06\/ALL-LOGO-API-NEW-BASE-LINE-EXE-color-scaled-1.jpeg","width":2560,"height":704,"caption":"API, The Household Goods and Toys Quality Experts"},"image":{"@id":"https:\/\/www.api-hk.com\/#\/schema\/logo\/image\/"},"sameAs":["https:\/\/www.youtube.com\/channel\/UCt1TMbm4WdCJnCknRFmmBSw","https:\/\/www.linkedin.com\/company\/asia-pacific-inspection-ltd-\/"]}]}},"_links":{"self":[{"href":"https:\/\/www.api-hk.com\/es\/wp-json\/wp\/v2\/pages\/4064","targetHints":{"allow":["GET"]}}],"collection":[{"href":"https:\/\/www.api-hk.com\/es\/wp-json\/wp\/v2\/pages"}],"about":[{"href":"https:\/\/www.api-hk.com\/es\/wp-json\/wp\/v2\/types\/page"}],"author":[{"embeddable":true,"href":"https:\/\/www.api-hk.com\/es\/wp-json\/wp\/v2\/users\/1"}],"replies":[{"embeddable":true,"href":"https:\/\/www.api-hk.com\/es\/wp-json\/wp\/v2\/comments?post=4064"}],"version-history":[{"count":0,"href":"https:\/\/www.api-hk.com\/es\/wp-json\/wp\/v2\/pages\/4064\/revisions"}],"wp:attachment":[{"href":"https:\/\/www.api-hk.com\/es\/wp-json\/wp\/v2\/media?parent=4064"}],"curies":[{"name":"wp","href":"https:\/\/api.w.org\/{rel}","templated":true}]}}