{"id":2668,"date":"2022-06-09T10:38:39","date_gmt":"2022-06-09T10:38:39","guid":{"rendered":"https:\/\/api-hk.com\/?page_id=2668"},"modified":"2023-10-31T17:37:38","modified_gmt":"2023-10-31T17:37:38","slug":"toy-quality-management","status":"publish","type":"page","link":"https:\/\/www.api-hk.com\/es\/toy-quality-management\/","title":{"rendered":"Gesti\u00f3n de calidad para juguetes"},"content":{"rendered":"<div data-elementor-type=\"wp-page\" data-elementor-id=\"2668\" class=\"elementor elementor-2668\">\n\t\t\t\t\t\t<section class=\"elementor-section elementor-top-section elementor-element elementor-element-77be8b8 custom_sub_header sec-banner elementor-section-boxed elementor-section-height-default elementor-section-height-default\" data-id=\"77be8b8\" data-element_type=\"section\" data-settings=\"{&quot;background_background&quot;:&quot;classic&quot;}\">\n\t\t\t\t\t\t\t<div class=\"elementor-background-overlay\"><\/div>\n\t\t\t\t\t\t\t<div class=\"elementor-container elementor-column-gap-default\">\n\t\t\t\t\t<div class=\"elementor-column elementor-col-100 elementor-top-column elementor-element elementor-element-daea8a5\" data-id=\"daea8a5\" data-element_type=\"column\">\n\t\t\t<div class=\"elementor-widget-wrap elementor-element-populated\">\n\t\t\t\t\t\t<div class=\"elementor-element elementor-element-4834c5c elementor-widget elementor-widget-shortcode\" data-id=\"4834c5c\" data-element_type=\"widget\" data-widget_type=\"shortcode.default\">\n\t\t\t\t<div class=\"elementor-widget-container\">\n\t\t\t\t\t<div class=\"elementor-shortcode\"><h1 class=\"sub_header_title\">Gesti\u00f3n de calidad para juguetes<\/h1><\/div>\n\t\t\t\t<\/div>\n\t\t\t\t<\/div>\n\t\t\t\t\t<\/div>\n\t\t<\/div>\n\t\t\t\t\t<\/div>\n\t\t<\/section>\n\t\t\t\t<section class=\"elementor-section elementor-top-section elementor-element elementor-element-8f7ec9c elementor-section-content-middle custom_bread_ elementor-section-boxed elementor-section-height-default elementor-section-height-default\" data-id=\"8f7ec9c\" data-element_type=\"section\" data-settings=\"{&quot;background_background&quot;:&quot;classic&quot;}\">\n\t\t\t\t\t\t\t<div class=\"elementor-background-overlay\"><\/div>\n\t\t\t\t\t\t\t<div class=\"elementor-container elementor-column-gap-default\">\n\t\t\t\t\t<div class=\"elementor-column elementor-col-100 elementor-top-column elementor-element elementor-element-378da93\" data-id=\"378da93\" data-element_type=\"column\">\n\t\t\t<div class=\"elementor-widget-wrap elementor-element-populated\">\n\t\t\t\t\t\t<div class=\"elementor-element elementor-element-b64a641 elementor-widget elementor-widget-shortcode\" data-id=\"b64a641\" data-element_type=\"widget\" data-widget_type=\"shortcode.default\">\n\t\t\t\t<div class=\"elementor-widget-container\">\n\t\t\t<div class='breadcrumb_list'><a href=\"https:\/\/www.api-hk.com\/es\" >Inicio<\/a><\/div>\t\t<div class=\"elementor-shortcode\"><\/div>\n\t\t\t\t<\/div>\n\t\t\t\t<\/div>\n\t\t\t\t\t<\/div>\n\t\t<\/div>\n\t\t\t\t\t<\/div>\n\t\t<\/section>\n\t\t\t\t<section class=\"elementor-section elementor-top-section elementor-element elementor-element-39872e1 animated-slow elementor-section-boxed elementor-section-height-default elementor-section-height-default elementor-invisible\" data-id=\"39872e1\" data-element_type=\"section\" data-settings=\"{&quot;animation&quot;:&quot;fadeIn&quot;}\">\n\t\t\t\t\t\t<div class=\"elementor-container elementor-column-gap-default\">\n\t\t\t\t\t<div class=\"elementor-column elementor-col-100 elementor-top-column elementor-element elementor-element-85c9a12 FTA-sec1\" data-id=\"85c9a12\" data-element_type=\"column\">\n\t\t\t<div class=\"elementor-widget-wrap elementor-element-populated\">\n\t\t\t\t\t\t<div class=\"elementor-element elementor-element-43501fb section-para-2 elementor-widget elementor-widget-text-editor\" data-id=\"43501fb\" data-element_type=\"widget\" data-widget_type=\"text-editor.default\">\n\t\t\t\t<div class=\"elementor-widget-container\">\n\t\t\t<style>\/*! elementor - v3.21.0 - 18-04-2024 *\/\n.elementor-widget-text-editor.elementor-drop-cap-view-stacked .elementor-drop-cap{background-color:#69727d;color:#fff}.elementor-widget-text-editor.elementor-drop-cap-view-framed .elementor-drop-cap{color:#69727d;border:3px solid;background-color:transparent}.elementor-widget-text-editor:not(.elementor-drop-cap-view-default) .elementor-drop-cap{margin-top:8px}.elementor-widget-text-editor:not(.elementor-drop-cap-view-default) .elementor-drop-cap-letter{width:1em;height:1em}.elementor-widget-text-editor .elementor-drop-cap{float:left;text-align:center;line-height:1;font-size:50px}.elementor-widget-text-editor .elementor-drop-cap-letter{display:inline-block}<\/style>\t\t\t\t<h5>C\u00f3mo puede beneficiar API a tu negocio<\/h5>\t\t\t\t\t\t<\/div>\n\t\t\t\t<\/div>\n\t\t\t\t<div class=\"elementor-element elementor-element-0d437dd service-para-1 elementor-widget elementor-widget-text-editor\" data-id=\"0d437dd\" data-element_type=\"widget\" data-widget_type=\"text-editor.default\">\n\t\t\t\t<div class=\"elementor-widget-container\">\n\t\t\t\t\t\t\t<p>Como tu socio, los especialistas en control de calidad de juguetes de API trabajan contigo in situ en tu f\u00e1brica o en la de tus proveedores para ofrecer soluciones de control de calidad que garantizan que los juguetes y productos infantiles cumplan con los est\u00e1ndares internacionales m\u00e1s estrictos. Estas soluciones incluyen auditor\u00edas de proveedores e inspecciones de calidad durante todo el proceso de producci\u00f3n.<\/p><p>Nuestro servicio de gesti\u00f3n de calidad de juguetes garantiza la seguridad y el cumplimiento de tus productos desde las materias primas, pasando por la l\u00ednea de producci\u00f3n y las inspecciones previas al env\u00edo; y finalmente incluye inspecciones aleatorias continuas para los env\u00edos posteriores.<\/p><p>Adem\u00e1s, nuestros laboratorios acreditados en Asia y Europa realizan diferentes ensayos mec\u00e1nicos, de materiales y qu\u00edmicos en juguetes, garantizando su seguridad y conformidad con las normativas locales.<\/p>\t\t\t\t\t\t<\/div>\n\t\t\t\t<\/div>\n\t\t\t\t\t<\/div>\n\t\t<\/div>\n\t\t\t\t\t<\/div>\n\t\t<\/section>\n\t\t\t\t<section class=\"elementor-section elementor-top-section elementor-element elementor-element-a0fed98 FTA-sec2 elementor-section-boxed elementor-section-height-default elementor-section-height-default\" data-id=\"a0fed98\" data-element_type=\"section\" data-settings=\"{&quot;background_background&quot;:&quot;classic&quot;}\">\n\t\t\t\t\t\t<div class=\"elementor-container elementor-column-gap-default\">\n\t\t\t\t\t<div class=\"elementor-column elementor-col-50 elementor-top-column elementor-element elementor-element-c5f3cb6\" data-id=\"c5f3cb6\" data-element_type=\"column\">\n\t\t\t<div class=\"elementor-widget-wrap elementor-element-populated\">\n\t\t\t\t\t\t<div class=\"elementor-element elementor-element-7be99b0 sec-1_img animated-slow elementor-invisible elementor-widget elementor-widget-image\" data-id=\"7be99b0\" data-element_type=\"widget\" data-settings=\"{&quot;_animation&quot;:&quot;fadeInLeft&quot;}\" data-widget_type=\"image.default\">\n\t\t\t\t<div class=\"elementor-widget-container\">\n\t\t\t<style>\/*! elementor - v3.21.0 - 18-04-2024 *\/\n.elementor-widget-image{text-align:center}.elementor-widget-image a{display:inline-block}.elementor-widget-image a img[src$=\".svg\"]{width:48px}.elementor-widget-image img{vertical-align:middle;display:inline-block}<\/style>\t\t\t\t\t\t\t\t\t\t<img fetchpriority=\"high\" decoding=\"async\" width=\"580\" height=\"332\" src=\"https:\/\/www.api-hk.com\/wp-content\/uploads\/2022\/06\/toy_laboratory_testing.jpg\" class=\"attachment-large size-large wp-image-2671\" alt=\"As your partner, API\u2019s toy quality control specialists work with you on-site in your factory, or that of your suppliers, to offer QC solutions which assure your toys and children\u2019s products adhere to the strictest international standards. These solutions include supplier audits and quality inspections throughout production. Our toy quality management service assures your toys&#039; safety and compliance from raw materials, to production line, and pre-shipment inspections; finally progressing onto continuous random inspections for subsequent shipments too. In addition, our fully accredited Asian and European laboratories conduct a full spectrum of mechanical, material, and chemical tests on toys, ensuring their safety and compliance with your local regulations.\" \/>\t\t\t\t\t\t\t\t\t\t\t\t\t<\/div>\n\t\t\t\t<\/div>\n\t\t\t\t\t<\/div>\n\t\t<\/div>\n\t\t\t\t<div class=\"elementor-column elementor-col-50 elementor-top-column elementor-element elementor-element-fac592b animated-slow elementor-invisible\" data-id=\"fac592b\" data-element_type=\"column\" data-settings=\"{&quot;background_background&quot;:&quot;classic&quot;,&quot;animation&quot;:&quot;fadeInRight&quot;}\">\n\t\t\t<div class=\"elementor-widget-wrap elementor-element-populated\">\n\t\t\t\t\t\t<div class=\"elementor-element elementor-element-4ef7062 section-para-2 elementor-widget elementor-widget-text-editor\" data-id=\"4ef7062\" data-element_type=\"widget\" data-widget_type=\"text-editor.default\">\n\t\t\t\t<div class=\"elementor-widget-container\">\n\t\t\t\t\t\t\t<h5>Pruebas de laboratorio de juguetes<\/h5>\t\t\t\t\t\t<\/div>\n\t\t\t\t<\/div>\n\t\t\t\t<div class=\"elementor-element elementor-element-3a0e431 section-para2-list elementor-widget elementor-widget-text-editor\" data-id=\"3a0e431\" data-element_type=\"widget\" data-widget_type=\"text-editor.default\">\n\t\t\t\t<div class=\"elementor-widget-container\">\n\t\t\t\t\t\t\t<p>API ofrece servicios completos de ensayos de laboratorio que cubren todas las pruebas internacionales para juguetes en nuestros laboratorios de Asia y Europa. Ofrecemos los siguientes tipos de ensayos:<\/p><ul><li>Materias primas\u00a0<\/li><li>El\u00e9ctrico<\/li><li>Inflamabilidad<\/li><li>Mec\u00e1nica<\/li><li>Idoneidad para el uso y rendimiento<\/li><\/ul>\t\t\t\t\t\t<\/div>\n\t\t\t\t<\/div>\n\t\t\t\t<div class=\"elementor-element elementor-element-1037706 elementor-button-info elementor-align-left elementor-widget elementor-widget-button\" data-id=\"1037706\" data-element_type=\"widget\" data-widget_type=\"button.default\">\n\t\t\t\t<div class=\"elementor-widget-container\">\n\t\t\t\t\t<div class=\"elementor-button-wrapper\">\n\t\t\t<a class=\"elementor-button elementor-button-link elementor-size-md\" href=\"https:\/\/www.api-hk.com\/es\/toy-quality-management\/toy-laboratory-testing\/\" id=\"section-para4-btn\">\n\t\t\t\t\t\t<span class=\"elementor-button-content-wrapper\">\n\t\t\t\t\t\t\t\t\t<span class=\"elementor-button-text\">Seguir leyendo<\/span>\n\t\t\t\t\t<\/span>\n\t\t\t\t\t<\/a>\n\t\t<\/div>\n\t\t\t\t<\/div>\n\t\t\t\t<\/div>\n\t\t\t\t\t<\/div>\n\t\t<\/div>\n\t\t\t\t\t<\/div>\n\t\t<\/section>\n\t\t\t\t<section class=\"elementor-section elementor-top-section elementor-element elementor-element-37f0d9c FTA-sec2 elementor-section-boxed elementor-section-height-default elementor-section-height-default\" data-id=\"37f0d9c\" data-element_type=\"section\" data-settings=\"{&quot;background_background&quot;:&quot;classic&quot;}\">\n\t\t\t\t\t\t<div class=\"elementor-container elementor-column-gap-default\">\n\t\t\t\t\t<div class=\"elementor-column elementor-col-50 elementor-top-column elementor-element elementor-element-7d0cb75 animated-slow FTA-sec2 elementor-invisible\" data-id=\"7d0cb75\" data-element_type=\"column\" data-settings=\"{&quot;background_background&quot;:&quot;classic&quot;,&quot;animation&quot;:&quot;fadeInLeft&quot;}\">\n\t\t\t<div class=\"elementor-widget-wrap elementor-element-populated\">\n\t\t\t\t\t\t<div class=\"elementor-element elementor-element-160f757 section-para2-list elementor-widget elementor-widget-text-editor\" data-id=\"160f757\" data-element_type=\"widget\" data-widget_type=\"text-editor.default\">\n\t\t\t\t<div class=\"elementor-widget-container\">\n\t\t\t\t\t\t\t<h5>Soluciones de cumplimiento de calidad de juguetes<\/h5>\t\t\t\t\t\t<\/div>\n\t\t\t\t<\/div>\n\t\t\t\t<div class=\"elementor-element elementor-element-13b2c73 section-para2-list elementor-widget elementor-widget-text-editor\" data-id=\"13b2c73\" data-element_type=\"widget\" data-widget_type=\"text-editor.default\">\n\t\t\t\t<div class=\"elementor-widget-container\">\n\t\t\t\t\t\t\t<p>Desde el dise\u00f1o y desarrollo del producto hasta el env\u00edo, API eval\u00faa que los proveedores y los juguetes cumplan la normativa con estas soluciones:\u00a0<\/p><ul><li>Auditor\u00edas de f\u00e1bricas de proveedores<\/li><li>Pruebas de materias primas y dise\u00f1o<\/li><li>Inspecciones de calidad<\/li><li>Pruebas aleatorias previas al env\u00edo<\/li><\/ul>\t\t\t\t\t\t<\/div>\n\t\t\t\t<\/div>\n\t\t\t\t<div class=\"elementor-element elementor-element-11570b8 elementor-button-info elementor-align-left elementor-widget elementor-widget-button\" data-id=\"11570b8\" data-element_type=\"widget\" data-widget_type=\"button.default\">\n\t\t\t\t<div class=\"elementor-widget-container\">\n\t\t\t\t\t<div class=\"elementor-button-wrapper\">\n\t\t\t<a class=\"elementor-button elementor-button-link elementor-size-md\" href=\"https:\/\/www.api-hk.com\/es\/toy-quality-management\/toy-quality-compliance\/\" id=\"section-para4-btn\">\n\t\t\t\t\t\t<span class=\"elementor-button-content-wrapper\">\n\t\t\t\t\t\t\t\t\t<span class=\"elementor-button-text\">Seguir leyendo <\/span>\n\t\t\t\t\t<\/span>\n\t\t\t\t\t<\/a>\n\t\t<\/div>\n\t\t\t\t<\/div>\n\t\t\t\t<\/div>\n\t\t\t\t\t<\/div>\n\t\t<\/div>\n\t\t\t\t<div class=\"elementor-column elementor-col-50 elementor-top-column elementor-element elementor-element-5656183\" data-id=\"5656183\" data-element_type=\"column\">\n\t\t\t<div class=\"elementor-widget-wrap elementor-element-populated\">\n\t\t\t\t\t\t<div class=\"elementor-element elementor-element-f41534e sec-2_img animated-slow elementor-invisible elementor-widget elementor-widget-image\" data-id=\"f41534e\" data-element_type=\"widget\" data-settings=\"{&quot;_animation&quot;:&quot;fadeInRight&quot;}\" data-widget_type=\"image.default\">\n\t\t\t\t<div class=\"elementor-widget-container\">\n\t\t\t\t\t\t\t\t\t\t\t\t\t<img decoding=\"async\" width=\"580\" height=\"332\" src=\"https:\/\/www.api-hk.com\/wp-content\/uploads\/2022\/06\/toy_quality_compliance.jpg\" class=\"attachment-large size-large wp-image-2670\" alt=\"\" \/>\t\t\t\t\t\t\t\t\t\t\t\t\t<\/div>\n\t\t\t\t<\/div>\n\t\t\t\t\t<\/div>\n\t\t<\/div>\n\t\t\t\t\t<\/div>\n\t\t<\/section>\n\t\t\t\t<section class=\"elementor-section elementor-top-section elementor-element elementor-element-0ddaf5b elementor-section-boxed elementor-section-height-default elementor-section-height-default\" data-id=\"0ddaf5b\" data-element_type=\"section\">\n\t\t\t\t\t\t<div class=\"elementor-container elementor-column-gap-default\">\n\t\t\t\t\t<div class=\"elementor-column elementor-col-100 elementor-top-column elementor-element elementor-element-1f52b40\" data-id=\"1f52b40\" data-element_type=\"column\">\n\t\t\t<div class=\"elementor-widget-wrap elementor-element-populated\">\n\t\t\t\t\t\t<div class=\"elementor-element elementor-element-353ef02 elementor-widget elementor-widget-image\" data-id=\"353ef02\" data-element_type=\"widget\" data-widget_type=\"image.default\">\n\t\t\t\t<div class=\"elementor-widget-container\">\n\t\t\t\t\t\t\t\t\t\t\t\t\t<img decoding=\"async\" width=\"580\" height=\"137\" src=\"\u00bfNecesitas mejorar el control de calidad de tus juguetes? SOLICITA PRESUPUESTO\" class=\"attachment-large size-large wp-image-2682\" alt=\"Toys-banner\" \/>\t\t\t\t\t\t\t\t\t\t\t\t\t<\/div>\n\t\t\t\t<\/div>\n\t\t\t\t\t<\/div>\n\t\t<\/div>\n\t\t\t\t\t<\/div>\n\t\t<\/section>\n\t\t\t\t<\/div>","protected":false},"excerpt":{"rendered":"<p>How API Benefits Your Business As your partner, API\u2019s toy quality control specialists work with you on-site in your factory, or that of your suppliers, to offer QC solutions which assure your toys and children\u2019s products adhere to the strictest international standards. These solutions include supplier audits and quality inspections throughout production. Our toy quality [&hellip;]<\/p>","protected":false},"author":1,"featured_media":0,"parent":0,"menu_order":0,"comment_status":"closed","ping_status":"closed","template":"elementor_header_footer","meta":{"footnotes":""},"class_list":["post-2668","page","type-page","status-publish","hentry"],"yoast_head":"<!-- This site is optimized with the Yoast SEO Premium plugin v22.5 (Yoast SEO v22.5) - https:\/\/yoast.com\/wordpress\/plugins\/seo\/ -->\n<title>Toy Quality Management<\/title>\n<meta name=\"description\" content=\"Our toy quality management service assures your toys\u2019 safety and compliance from raw materials to production line, and pre-shipment...\" \/>\n<meta name=\"robots\" content=\"index, follow, max-snippet:-1, max-image-preview:large, max-video-preview:-1\" \/>\n<link rel=\"canonical\" href=\"https:\/\/www.api-hk.com\/es\/toy-quality-management\/\" \/>\n<meta property=\"og:locale\" content=\"es_ES\" \/>\n<meta property=\"og:type\" content=\"article\" \/>\n<meta property=\"og:title\" content=\"Toy Quality Management\" \/>\n<meta property=\"og:description\" content=\"Our toy quality management service assures your toys\u2019 safety and compliance from raw materials to production line, and pre-shipment...\" \/>\n<meta property=\"og:url\" content=\"https:\/\/www.api-hk.com\/es\/toy-quality-management\/\" \/>\n<meta property=\"og:site_name\" content=\"API, The Household Goods and Toys Quality Experts\" \/>\n<meta property=\"article:modified_time\" content=\"2023-10-31T17:37:38+00:00\" \/>\n<meta property=\"og:image\" content=\"https:\/\/www.api-hk.com\/wp-content\/uploads\/2022\/06\/toy_laboratory_testing.jpg\" \/>\n<script type=\"application\/ld+json\" class=\"yoast-schema-graph\">{\"@context\":\"https:\/\/schema.org\",\"@graph\":[{\"@type\":\"WebPage\",\"@id\":\"https:\/\/www.api-hk.com\/toy-quality-management\/\",\"url\":\"https:\/\/www.api-hk.com\/toy-quality-management\/\",\"name\":\"Toy Quality Management\",\"isPartOf\":{\"@id\":\"https:\/\/www.api-hk.com\/#website\"},\"primaryImageOfPage\":{\"@id\":\"https:\/\/www.api-hk.com\/toy-quality-management\/#primaryimage\"},\"image\":{\"@id\":\"https:\/\/www.api-hk.com\/toy-quality-management\/#primaryimage\"},\"thumbnailUrl\":\"https:\/\/www.api-hk.com\/wp-content\/uploads\/2022\/06\/toy_laboratory_testing.jpg\",\"datePublished\":\"2022-06-09T10:38:39+00:00\",\"dateModified\":\"2023-10-31T17:37:38+00:00\",\"description\":\"Our toy quality management service assures your toys\u2019 safety and compliance from raw materials to production line, and pre-shipment...\",\"breadcrumb\":{\"@id\":\"https:\/\/www.api-hk.com\/toy-quality-management\/#breadcrumb\"},\"inLanguage\":\"es\",\"potentialAction\":[{\"@type\":\"ReadAction\",\"target\":[\"https:\/\/www.api-hk.com\/toy-quality-management\/\"]}]},{\"@type\":\"ImageObject\",\"inLanguage\":\"es\",\"@id\":\"https:\/\/www.api-hk.com\/toy-quality-management\/#primaryimage\",\"url\":\"https:\/\/www.api-hk.com\/wp-content\/uploads\/2022\/06\/toy_laboratory_testing.jpg\",\"contentUrl\":\"https:\/\/www.api-hk.com\/wp-content\/uploads\/2022\/06\/toy_laboratory_testing.jpg\"},{\"@type\":\"BreadcrumbList\",\"@id\":\"https:\/\/www.api-hk.com\/toy-quality-management\/#breadcrumb\",\"itemListElement\":[{\"@type\":\"ListItem\",\"position\":1,\"name\":\"Home\",\"item\":\"https:\/\/www.api-hk.com\/\"},{\"@type\":\"ListItem\",\"position\":2,\"name\":\"Toy Quality Management\"}]},{\"@type\":\"WebSite\",\"@id\":\"https:\/\/www.api-hk.com\/#website\",\"url\":\"https:\/\/www.api-hk.com\/\",\"name\":\"API, The Household Goods and Toys Quality Experts\",\"description\":\"Quality management solutions for household goods and toys\",\"publisher\":{\"@id\":\"https:\/\/www.api-hk.com\/#organization\"},\"potentialAction\":[{\"@type\":\"SearchAction\",\"target\":{\"@type\":\"EntryPoint\",\"urlTemplate\":\"https:\/\/www.api-hk.com\/?s={search_term_string}\"},\"query-input\":\"required name=search_term_string\"}],\"inLanguage\":\"es\"},{\"@type\":\"Organization\",\"@id\":\"https:\/\/www.api-hk.com\/#organization\",\"name\":\"API, The Household Goods and Toys Quality Experts\",\"url\":\"https:\/\/www.api-hk.com\/\",\"logo\":{\"@type\":\"ImageObject\",\"inLanguage\":\"es\",\"@id\":\"https:\/\/www.api-hk.com\/#\/schema\/logo\/image\/\",\"url\":\"https:\/\/www.api-hk.com\/wp-content\/uploads\/2023\/06\/ALL-LOGO-API-NEW-BASE-LINE-EXE-color-scaled-1.jpeg\",\"contentUrl\":\"https:\/\/www.api-hk.com\/wp-content\/uploads\/2023\/06\/ALL-LOGO-API-NEW-BASE-LINE-EXE-color-scaled-1.jpeg\",\"width\":2560,\"height\":704,\"caption\":\"API, The Household Goods and Toys Quality Experts\"},\"image\":{\"@id\":\"https:\/\/www.api-hk.com\/#\/schema\/logo\/image\/\"},\"sameAs\":[\"https:\/\/www.youtube.com\/channel\/UCt1TMbm4WdCJnCknRFmmBSw\",\"https:\/\/www.linkedin.com\/company\/asia-pacific-inspection-ltd-\/\"]}]}<\/script>\n<!-- \/ Yoast SEO Premium plugin. -->","yoast_head_json":{"title":"Gesti\u00f3n de calidad para juguetes","description":"Our toy quality management service assures your toys\u2019 safety and compliance from raw materials to production line, and pre-shipment...","robots":{"index":"index","follow":"follow","max-snippet":"max-snippet:-1","max-image-preview":"max-image-preview:large","max-video-preview":"max-video-preview:-1"},"canonical":"https:\/\/www.api-hk.com\/es\/toy-quality-management\/","og_locale":"es_ES","og_type":"article","og_title":"Toy Quality Management","og_description":"Our toy quality management service assures your toys\u2019 safety and compliance from raw materials to production line, and pre-shipment...","og_url":"https:\/\/www.api-hk.com\/es\/toy-quality-management\/","og_site_name":"API, The Household Goods and Toys Quality Experts","article_modified_time":"2023-10-31T17:37:38+00:00","og_image":[{"url":"https:\/\/www.api-hk.com\/wp-content\/uploads\/2022\/06\/toy_laboratory_testing.jpg"}],"schema":{"@context":"https:\/\/schema.org","@graph":[{"@type":"WebPage","@id":"https:\/\/www.api-hk.com\/toy-quality-management\/","url":"https:\/\/www.api-hk.com\/toy-quality-management\/","name":"Gesti\u00f3n de calidad para juguetes","isPartOf":{"@id":"https:\/\/www.api-hk.com\/#website"},"primaryImageOfPage":{"@id":"https:\/\/www.api-hk.com\/toy-quality-management\/#primaryimage"},"image":{"@id":"https:\/\/www.api-hk.com\/toy-quality-management\/#primaryimage"},"thumbnailUrl":"https:\/\/www.api-hk.com\/wp-content\/uploads\/2022\/06\/toy_laboratory_testing.jpg","datePublished":"2022-06-09T10:38:39+00:00","dateModified":"2023-10-31T17:37:38+00:00","description":"Our toy quality management service assures your toys\u2019 safety and compliance from raw materials to production line, and pre-shipment...","breadcrumb":{"@id":"https:\/\/www.api-hk.com\/toy-quality-management\/#breadcrumb"},"inLanguage":"es","potentialAction":[{"@type":"ReadAction","target":["https:\/\/www.api-hk.com\/toy-quality-management\/"]}]},{"@type":"ImageObject","inLanguage":"es","@id":"https:\/\/www.api-hk.com\/toy-quality-management\/#primaryimage","url":"https:\/\/www.api-hk.com\/wp-content\/uploads\/2022\/06\/toy_laboratory_testing.jpg","contentUrl":"https:\/\/www.api-hk.com\/wp-content\/uploads\/2022\/06\/toy_laboratory_testing.jpg"},{"@type":"BreadcrumbList","@id":"https:\/\/www.api-hk.com\/toy-quality-management\/#breadcrumb","itemListElement":[{"@type":"ListItem","position":1,"name":"Home","item":"https:\/\/www.api-hk.com\/"},{"@type":"ListItem","position":2,"name":"Toy Quality Management"}]},{"@type":"WebSite","@id":"https:\/\/www.api-hk.com\/#website","url":"https:\/\/www.api-hk.com\/","name":"API, Los Expertos en Calidad de Art\u00edculos para el Hogar y Juguetes","description":"Soluciones de gesti\u00f3n de calidad para art\u00edculos del hogar y juguetes","publisher":{"@id":"https:\/\/www.api-hk.com\/#organization"},"potentialAction":[{"@type":"SearchAction","target":{"@type":"EntryPoint","urlTemplate":"https:\/\/www.api-hk.com\/?s={search_term_string}"},"query-input":"required name=search_term_string"}],"inLanguage":"es"},{"@type":"Organization","@id":"https:\/\/www.api-hk.com\/#organization","name":"API, Los Expertos en Calidad de Art\u00edculos para el Hogar y Juguetes","url":"https:\/\/www.api-hk.com\/","logo":{"@type":"ImageObject","inLanguage":"es","@id":"https:\/\/www.api-hk.com\/#\/schema\/logo\/image\/","url":"https:\/\/www.api-hk.com\/wp-content\/uploads\/2023\/06\/ALL-LOGO-API-NEW-BASE-LINE-EXE-color-scaled-1.jpeg","contentUrl":"https:\/\/www.api-hk.com\/wp-content\/uploads\/2023\/06\/ALL-LOGO-API-NEW-BASE-LINE-EXE-color-scaled-1.jpeg","width":2560,"height":704,"caption":"API, The Household Goods and Toys Quality Experts"},"image":{"@id":"https:\/\/www.api-hk.com\/#\/schema\/logo\/image\/"},"sameAs":["https:\/\/www.youtube.com\/channel\/UCt1TMbm4WdCJnCknRFmmBSw","https:\/\/www.linkedin.com\/company\/asia-pacific-inspection-ltd-\/"]}]}},"_links":{"self":[{"href":"https:\/\/www.api-hk.com\/es\/wp-json\/wp\/v2\/pages\/2668","targetHints":{"allow":["GET"]}}],"collection":[{"href":"https:\/\/www.api-hk.com\/es\/wp-json\/wp\/v2\/pages"}],"about":[{"href":"https:\/\/www.api-hk.com\/es\/wp-json\/wp\/v2\/types\/page"}],"author":[{"embeddable":true,"href":"https:\/\/www.api-hk.com\/es\/wp-json\/wp\/v2\/users\/1"}],"replies":[{"embeddable":true,"href":"https:\/\/www.api-hk.com\/es\/wp-json\/wp\/v2\/comments?post=2668"}],"version-history":[{"count":0,"href":"https:\/\/www.api-hk.com\/es\/wp-json\/wp\/v2\/pages\/2668\/revisions"}],"wp:attachment":[{"href":"https:\/\/www.api-hk.com\/es\/wp-json\/wp\/v2\/media?parent=2668"}],"curies":[{"name":"wp","href":"https:\/\/api.w.org\/{rel}","templated":true}]}}