{"id":2569,"date":"2022-06-09T05:31:45","date_gmt":"2022-06-09T05:31:45","guid":{"rendered":"https:\/\/api-hk.com\/?page_id=2569"},"modified":"2023-07-03T13:45:49","modified_gmt":"2023-07-03T13:45:49","slug":"customized-qa-qc-solutions-for-household-goods","status":"publish","type":"page","link":"https:\/\/www.api-hk.com\/es\/customized-qa-qc-solutions-for-household-goods\/","title":{"rendered":"Customized QA\/QC Solutions for Household Goods"},"content":{"rendered":"<div data-elementor-type=\"wp-page\" data-elementor-id=\"2569\" class=\"elementor elementor-2569\">\n\t\t\t\t\t\t<section class=\"elementor-section elementor-top-section elementor-element elementor-element-4f1e99b elementor-section-boxed elementor-section-height-default elementor-section-height-default\" data-id=\"4f1e99b\" data-element_type=\"section\">\n\t\t\t\t\t\t<div class=\"elementor-container elementor-column-gap-default\">\n\t\t\t\t\t<div class=\"elementor-column elementor-col-100 elementor-top-column elementor-element elementor-element-04ce3ec\" data-id=\"04ce3ec\" data-element_type=\"column\">\n\t\t\t<div class=\"elementor-widget-wrap elementor-element-populated\">\n\t\t\t\t\t\t<div class=\"elementor-element elementor-element-c134ffc section-para-2 elementor-widget elementor-widget-text-editor\" data-id=\"c134ffc\" data-element_type=\"widget\" data-widget_type=\"text-editor.default\">\n\t\t\t\t<div class=\"elementor-widget-container\">\n\t\t\t<style>\/*! elementor - v3.21.0 - 18-04-2024 *\/\n.elementor-widget-text-editor.elementor-drop-cap-view-stacked .elementor-drop-cap{background-color:#69727d;color:#fff}.elementor-widget-text-editor.elementor-drop-cap-view-framed .elementor-drop-cap{color:#69727d;border:3px solid;background-color:transparent}.elementor-widget-text-editor:not(.elementor-drop-cap-view-default) .elementor-drop-cap{margin-top:8px}.elementor-widget-text-editor:not(.elementor-drop-cap-view-default) .elementor-drop-cap-letter{width:1em;height:1em}.elementor-widget-text-editor .elementor-drop-cap{float:left;text-align:center;line-height:1;font-size:50px}.elementor-widget-text-editor .elementor-drop-cap-letter{display:inline-block}<\/style>\t\t\t\tThis is what Customized QA\/QC Solutions are about\t\t\t\t\t\t<\/div>\n\t\t\t\t<\/div>\n\t\t\t\t\t<\/div>\n\t\t<\/div>\n\t\t\t\t\t<\/div>\n\t\t<\/section>\n\t\t\t\t<section class=\"elementor-section elementor-top-section elementor-element elementor-element-fd16d07 FTA-sec1 elementor-section-boxed elementor-section-height-default elementor-section-height-default\" data-id=\"fd16d07\" data-element_type=\"section\" data-settings=\"{&quot;background_background&quot;:&quot;classic&quot;}\">\n\t\t\t\t\t\t\t<div class=\"elementor-background-overlay\"><\/div>\n\t\t\t\t\t\t\t<div class=\"elementor-container elementor-column-gap-default\">\n\t\t\t\t\t<div class=\"elementor-column elementor-col-50 elementor-top-column elementor-element elementor-element-4a0a59d\" data-id=\"4a0a59d\" data-element_type=\"column\">\n\t\t\t<div class=\"elementor-widget-wrap elementor-element-populated\">\n\t\t\t\t\t\t<div class=\"elementor-element elementor-element-ebfdda5 sec-1_img animated-slow elementor-invisible elementor-widget elementor-widget-image\" data-id=\"ebfdda5\" data-element_type=\"widget\" data-settings=\"{&quot;_animation&quot;:&quot;fadeInLeft&quot;}\" data-widget_type=\"image.default\">\n\t\t\t\t<div class=\"elementor-widget-container\">\n\t\t\t<style>\/*! elementor - v3.21.0 - 18-04-2024 *\/\n.elementor-widget-image{text-align:center}.elementor-widget-image a{display:inline-block}.elementor-widget-image a img[src$=\".svg\"]{width:48px}.elementor-widget-image img{vertical-align:middle;display:inline-block}<\/style>\t\t\t\t\t\t\t\t\t\t<img fetchpriority=\"high\" decoding=\"async\" width=\"580\" height=\"674\" src=\"https:\/\/www.api-hk.com\/wp-content\/uploads\/2022\/06\/Customized-QA_QC.jpg\" class=\"attachment-medium_large size-medium_large wp-image-2571\" alt=\"Customized QA QC Solutions for Household Goods\" \/>\t\t\t\t\t\t\t\t\t\t\t\t\t<\/div>\n\t\t\t\t<\/div>\n\t\t\t\t\t<\/div>\n\t\t<\/div>\n\t\t\t\t<div class=\"elementor-column elementor-col-50 elementor-top-column elementor-element elementor-element-2365bc2\" data-id=\"2365bc2\" data-element_type=\"column\">\n\t\t\t<div class=\"elementor-widget-wrap elementor-element-populated\">\n\t\t\t\t\t\t<div class=\"elementor-element elementor-element-7f89d70 service-para-1 animated-slow elementor-invisible elementor-widget elementor-widget-text-editor\" data-id=\"7f89d70\" data-element_type=\"widget\" data-settings=\"{&quot;_animation&quot;:&quot;fadeInRight&quot;}\" data-widget_type=\"text-editor.default\">\n\t\t\t\t<div class=\"elementor-widget-container\">\n\t\t\t\t\t\t\t<p>While the complex solution would involve the outsourcing of all <a href=\"https:\/\/www.api-hk.com\/es\/soluciones-de-inspeccion-de-calidad-de-articulos-domesticos\/\">QC functions<\/a>, the Customized QA\/QC solutions would be to go one step further and implement a customized QC deployment in accordance with the risk level objectively assessed by a complex set of parameters.<br \/><br \/><br \/><\/p><ul><li>The objective is to spend more of the QC budget when it is needed because the product is riskier; for example due to the product being riskier; the supplier having less experience, the schedule being more critical or the sourcing area being less reliable\u2026.and to spend less when risk is lower.<\/li><li>Rather than having someone in the QA department making such decision, which are sometimes hard to implement (risk of oversight, overly tight schedules, risk aversion..), they are instead made using a system based on rational criteria.<\/li><li>The system is based on a ranking system for suppliers, mostly based on audit and inspection track records. Likewise, there is a criticality assessment of the product and of the sourcing area based on track record and regulatory issues.<\/li><li>In instance where the ranking is favourable, then the various controls are lightened, to the point where FRI could be skipped altogether and substituted by a self inspection performed by the supplier.<\/li><li>On the other hand, where there is a poor ranking, controls are strengthened and the entire array of available tools is deployed.<\/li><li>This is a dynamic system in the sense that positive or negative occurrences (failed inspections, poor audit results\u2026) will influence the rankings (promotion or demotion) and it is a positive incentive system whereby performance is rewarded by lesser costs incurred for QC solutions.<\/li><\/ul><p>Pressure is kept in the process through constant monitoring, regular reassessment and random controls which cannot be anticipated by the supplier.<\/p>\t\t\t\t\t\t<\/div>\n\t\t\t\t<\/div>\n\t\t\t\t\t<\/div>\n\t\t<\/div>\n\t\t\t\t\t<\/div>\n\t\t<\/section>\n\t\t\t\t<\/div>","protected":false},"excerpt":{"rendered":"<p>This is what Customized QA\/QC Solutions are about While the complex solution would involve the outsourcing of all QC functions, the Customized QA\/QC solutions would be to go one step further and implement a customized QC deployment in accordance with the risk level objectively assessed by a complex set of parameters. &nbsp; The objective is [&hellip;]<\/p>","protected":false},"author":1,"featured_media":0,"parent":0,"menu_order":0,"comment_status":"closed","ping_status":"closed","template":"elementor_header_footer","meta":{"footnotes":""},"class_list":["post-2569","page","type-page","status-publish","hentry"],"yoast_head":"<!-- This site is optimized with the Yoast SEO Premium plugin v22.5 (Yoast SEO v22.5) - https:\/\/yoast.com\/wordpress\/plugins\/seo\/ -->\n<title>API - Customized QA\/QC Solutions for Household Goods<\/title>\n<meta name=\"description\" content=\"Implement a customized QA\/QC deployment in accordance with the risk level objectively assessed by a complex set of parameters.\" \/>\n<meta name=\"robots\" content=\"index, follow, max-snippet:-1, max-image-preview:large, max-video-preview:-1\" \/>\n<link rel=\"canonical\" href=\"https:\/\/www.api-hk.com\/es\/customized-qa-qc-solutions-for-household-goods\/\" \/>\n<meta property=\"og:locale\" content=\"es_ES\" \/>\n<meta property=\"og:type\" content=\"article\" \/>\n<meta property=\"og:title\" content=\"Customized QA\/QC Solutions for Household Goods\" \/>\n<meta property=\"og:description\" content=\"Implement a customized QA\/QC deployment in accordance with the risk level objectively assessed by a complex set of parameters.\" \/>\n<meta property=\"og:url\" content=\"https:\/\/www.api-hk.com\/es\/customized-qa-qc-solutions-for-household-goods\/\" \/>\n<meta property=\"og:site_name\" content=\"API, The Household Goods and Toys Quality Experts\" \/>\n<meta property=\"article:modified_time\" content=\"2023-07-03T13:45:49+00:00\" \/>\n<meta property=\"og:image\" content=\"https:\/\/www.api-hk.com\/wp-content\/uploads\/2022\/06\/Customized-QA_QC.jpg\" \/>\n<script type=\"application\/ld+json\" class=\"yoast-schema-graph\">{\"@context\":\"https:\/\/schema.org\",\"@graph\":[{\"@type\":\"WebPage\",\"@id\":\"https:\/\/www.api-hk.com\/customized-qa-qc-solutions-for-household-goods\/\",\"url\":\"https:\/\/www.api-hk.com\/customized-qa-qc-solutions-for-household-goods\/\",\"name\":\"API - Customized QA\/QC Solutions for Household Goods\",\"isPartOf\":{\"@id\":\"https:\/\/www.api-hk.com\/#website\"},\"primaryImageOfPage\":{\"@id\":\"https:\/\/www.api-hk.com\/customized-qa-qc-solutions-for-household-goods\/#primaryimage\"},\"image\":{\"@id\":\"https:\/\/www.api-hk.com\/customized-qa-qc-solutions-for-household-goods\/#primaryimage\"},\"thumbnailUrl\":\"https:\/\/www.api-hk.com\/wp-content\/uploads\/2022\/06\/Customized-QA_QC.jpg\",\"datePublished\":\"2022-06-09T05:31:45+00:00\",\"dateModified\":\"2023-07-03T13:45:49+00:00\",\"description\":\"Implement a customized QA\/QC deployment in accordance with the risk level objectively assessed by a complex set of parameters.\",\"breadcrumb\":{\"@id\":\"https:\/\/www.api-hk.com\/customized-qa-qc-solutions-for-household-goods\/#breadcrumb\"},\"inLanguage\":\"es\",\"potentialAction\":[{\"@type\":\"ReadAction\",\"target\":[\"https:\/\/www.api-hk.com\/customized-qa-qc-solutions-for-household-goods\/\"]}]},{\"@type\":\"ImageObject\",\"inLanguage\":\"es\",\"@id\":\"https:\/\/www.api-hk.com\/customized-qa-qc-solutions-for-household-goods\/#primaryimage\",\"url\":\"https:\/\/www.api-hk.com\/wp-content\/uploads\/2022\/06\/Customized-QA_QC.jpg\",\"contentUrl\":\"https:\/\/www.api-hk.com\/wp-content\/uploads\/2022\/06\/Customized-QA_QC.jpg\"},{\"@type\":\"BreadcrumbList\",\"@id\":\"https:\/\/www.api-hk.com\/customized-qa-qc-solutions-for-household-goods\/#breadcrumb\",\"itemListElement\":[{\"@type\":\"ListItem\",\"position\":1,\"name\":\"Home\",\"item\":\"https:\/\/www.api-hk.com\/\"},{\"@type\":\"ListItem\",\"position\":2,\"name\":\"Customized QA\/QC Solutions for Household Goods\"}]},{\"@type\":\"WebSite\",\"@id\":\"https:\/\/www.api-hk.com\/#website\",\"url\":\"https:\/\/www.api-hk.com\/\",\"name\":\"API, The Household Goods and Toys Quality Experts\",\"description\":\"Quality management solutions for household goods and toys\",\"publisher\":{\"@id\":\"https:\/\/www.api-hk.com\/#organization\"},\"potentialAction\":[{\"@type\":\"SearchAction\",\"target\":{\"@type\":\"EntryPoint\",\"urlTemplate\":\"https:\/\/www.api-hk.com\/?s={search_term_string}\"},\"query-input\":\"required name=search_term_string\"}],\"inLanguage\":\"es\"},{\"@type\":\"Organization\",\"@id\":\"https:\/\/www.api-hk.com\/#organization\",\"name\":\"API, The Household Goods and Toys Quality Experts\",\"url\":\"https:\/\/www.api-hk.com\/\",\"logo\":{\"@type\":\"ImageObject\",\"inLanguage\":\"es\",\"@id\":\"https:\/\/www.api-hk.com\/#\/schema\/logo\/image\/\",\"url\":\"https:\/\/www.api-hk.com\/wp-content\/uploads\/2023\/06\/ALL-LOGO-API-NEW-BASE-LINE-EXE-color-scaled-1.jpeg\",\"contentUrl\":\"https:\/\/www.api-hk.com\/wp-content\/uploads\/2023\/06\/ALL-LOGO-API-NEW-BASE-LINE-EXE-color-scaled-1.jpeg\",\"width\":2560,\"height\":704,\"caption\":\"API, The Household Goods and Toys Quality Experts\"},\"image\":{\"@id\":\"https:\/\/www.api-hk.com\/#\/schema\/logo\/image\/\"},\"sameAs\":[\"https:\/\/www.youtube.com\/channel\/UCt1TMbm4WdCJnCknRFmmBSw\",\"https:\/\/www.linkedin.com\/company\/asia-pacific-inspection-ltd-\/\"]}]}<\/script>\n<!-- \/ Yoast SEO Premium plugin. -->","yoast_head_json":{"title":"API - Customized QA\/QC Solutions for Household Goods","description":"Implement a customized QA\/QC deployment in accordance with the risk level objectively assessed by a complex set of parameters.","robots":{"index":"index","follow":"follow","max-snippet":"max-snippet:-1","max-image-preview":"max-image-preview:large","max-video-preview":"max-video-preview:-1"},"canonical":"https:\/\/www.api-hk.com\/es\/customized-qa-qc-solutions-for-household-goods\/","og_locale":"es_ES","og_type":"article","og_title":"Customized QA\/QC Solutions for Household Goods","og_description":"Implement a customized QA\/QC deployment in accordance with the risk level objectively assessed by a complex set of parameters.","og_url":"https:\/\/www.api-hk.com\/es\/customized-qa-qc-solutions-for-household-goods\/","og_site_name":"API, The Household Goods and Toys Quality Experts","article_modified_time":"2023-07-03T13:45:49+00:00","og_image":[{"url":"https:\/\/www.api-hk.com\/wp-content\/uploads\/2022\/06\/Customized-QA_QC.jpg"}],"schema":{"@context":"https:\/\/schema.org","@graph":[{"@type":"WebPage","@id":"https:\/\/www.api-hk.com\/customized-qa-qc-solutions-for-household-goods\/","url":"https:\/\/www.api-hk.com\/customized-qa-qc-solutions-for-household-goods\/","name":"API - Customized QA\/QC Solutions for Household Goods","isPartOf":{"@id":"https:\/\/www.api-hk.com\/#website"},"primaryImageOfPage":{"@id":"https:\/\/www.api-hk.com\/customized-qa-qc-solutions-for-household-goods\/#primaryimage"},"image":{"@id":"https:\/\/www.api-hk.com\/customized-qa-qc-solutions-for-household-goods\/#primaryimage"},"thumbnailUrl":"https:\/\/www.api-hk.com\/wp-content\/uploads\/2022\/06\/Customized-QA_QC.jpg","datePublished":"2022-06-09T05:31:45+00:00","dateModified":"2023-07-03T13:45:49+00:00","description":"Implement a customized QA\/QC deployment in accordance with the risk level objectively assessed by a complex set of parameters.","breadcrumb":{"@id":"https:\/\/www.api-hk.com\/customized-qa-qc-solutions-for-household-goods\/#breadcrumb"},"inLanguage":"es","potentialAction":[{"@type":"ReadAction","target":["https:\/\/www.api-hk.com\/customized-qa-qc-solutions-for-household-goods\/"]}]},{"@type":"ImageObject","inLanguage":"es","@id":"https:\/\/www.api-hk.com\/customized-qa-qc-solutions-for-household-goods\/#primaryimage","url":"https:\/\/www.api-hk.com\/wp-content\/uploads\/2022\/06\/Customized-QA_QC.jpg","contentUrl":"https:\/\/www.api-hk.com\/wp-content\/uploads\/2022\/06\/Customized-QA_QC.jpg"},{"@type":"BreadcrumbList","@id":"https:\/\/www.api-hk.com\/customized-qa-qc-solutions-for-household-goods\/#breadcrumb","itemListElement":[{"@type":"ListItem","position":1,"name":"Home","item":"https:\/\/www.api-hk.com\/"},{"@type":"ListItem","position":2,"name":"Customized QA\/QC Solutions for Household Goods"}]},{"@type":"WebSite","@id":"https:\/\/www.api-hk.com\/#website","url":"https:\/\/www.api-hk.com\/","name":"API, Los Expertos en Calidad de Art\u00edculos para el Hogar y Juguetes","description":"Soluciones de gesti\u00f3n de calidad para art\u00edculos del hogar y juguetes","publisher":{"@id":"https:\/\/www.api-hk.com\/#organization"},"potentialAction":[{"@type":"SearchAction","target":{"@type":"EntryPoint","urlTemplate":"https:\/\/www.api-hk.com\/?s={search_term_string}"},"query-input":"required name=search_term_string"}],"inLanguage":"es"},{"@type":"Organization","@id":"https:\/\/www.api-hk.com\/#organization","name":"API, Los Expertos en Calidad de Art\u00edculos para el Hogar y Juguetes","url":"https:\/\/www.api-hk.com\/","logo":{"@type":"ImageObject","inLanguage":"es","@id":"https:\/\/www.api-hk.com\/#\/schema\/logo\/image\/","url":"https:\/\/www.api-hk.com\/wp-content\/uploads\/2023\/06\/ALL-LOGO-API-NEW-BASE-LINE-EXE-color-scaled-1.jpeg","contentUrl":"https:\/\/www.api-hk.com\/wp-content\/uploads\/2023\/06\/ALL-LOGO-API-NEW-BASE-LINE-EXE-color-scaled-1.jpeg","width":2560,"height":704,"caption":"API, The Household Goods and Toys Quality Experts"},"image":{"@id":"https:\/\/www.api-hk.com\/#\/schema\/logo\/image\/"},"sameAs":["https:\/\/www.youtube.com\/channel\/UCt1TMbm4WdCJnCknRFmmBSw","https:\/\/www.linkedin.com\/company\/asia-pacific-inspection-ltd-\/"]}]}},"_links":{"self":[{"href":"https:\/\/www.api-hk.com\/es\/wp-json\/wp\/v2\/pages\/2569","targetHints":{"allow":["GET"]}}],"collection":[{"href":"https:\/\/www.api-hk.com\/es\/wp-json\/wp\/v2\/pages"}],"about":[{"href":"https:\/\/www.api-hk.com\/es\/wp-json\/wp\/v2\/types\/page"}],"author":[{"embeddable":true,"href":"https:\/\/www.api-hk.com\/es\/wp-json\/wp\/v2\/users\/1"}],"replies":[{"embeddable":true,"href":"https:\/\/www.api-hk.com\/es\/wp-json\/wp\/v2\/comments?post=2569"}],"version-history":[{"count":0,"href":"https:\/\/www.api-hk.com\/es\/wp-json\/wp\/v2\/pages\/2569\/revisions"}],"wp:attachment":[{"href":"https:\/\/www.api-hk.com\/es\/wp-json\/wp\/v2\/media?parent=2569"}],"curies":[{"name":"wp","href":"https:\/\/api.w.org\/{rel}","templated":true}]}}