{"id":2187,"date":"2022-06-08T12:06:41","date_gmt":"2022-06-08T12:06:41","guid":{"rendered":"https:\/\/api-hk.com\/?page_id=2187"},"modified":"2023-12-12T11:11:08","modified_gmt":"2023-12-12T11:11:08","slug":"physical-mechanical-lab-testing","status":"publish","type":"page","link":"https:\/\/www.api-hk.com\/es\/physical-mechanical-lab-testing\/","title":{"rendered":"Ensayos f\u00edsicos y mec\u00e1nicos de laboratorio"},"content":{"rendered":"<div data-elementor-type=\"wp-page\" data-elementor-id=\"2187\" class=\"elementor elementor-2187\">\n\t\t\t\t\t\t<section class=\"elementor-section elementor-top-section elementor-element elementor-element-f74f593 elementor-section-content-middle custom_sub_header sec-banner elementor-section-boxed elementor-section-height-default elementor-section-height-default\" data-id=\"f74f593\" data-element_type=\"section\" data-settings=\"{&quot;background_background&quot;:&quot;classic&quot;}\">\n\t\t\t\t\t\t<div class=\"elementor-container elementor-column-gap-default\">\n\t\t\t\t\t<div class=\"elementor-column elementor-col-100 elementor-top-column elementor-element elementor-element-fe85882\" data-id=\"fe85882\" data-element_type=\"column\">\n\t\t\t<div class=\"elementor-widget-wrap elementor-element-populated\">\n\t\t\t\t\t\t<div class=\"elementor-element elementor-element-77bf92f elementor-widget elementor-widget-shortcode\" data-id=\"77bf92f\" data-element_type=\"widget\" data-widget_type=\"shortcode.default\">\n\t\t\t\t<div class=\"elementor-widget-container\">\n\t\t\t\t\t<div class=\"elementor-shortcode\"><h1 class=\"sub_header_title\">Ensayos f\u00edsicos y mec\u00e1nicos de laboratorio<\/h1><\/div>\n\t\t\t\t<\/div>\n\t\t\t\t<\/div>\n\t\t\t\t\t<\/div>\n\t\t<\/div>\n\t\t\t\t\t<\/div>\n\t\t<\/section>\n\t\t\t\t<section class=\"elementor-section elementor-top-section elementor-element elementor-element-265d609 elementor-section-content-middle custom_bread_ elementor-section-boxed elementor-section-height-default elementor-section-height-default\" data-id=\"265d609\" data-element_type=\"section\" data-settings=\"{&quot;background_background&quot;:&quot;classic&quot;}\">\n\t\t\t\t\t\t\t<div class=\"elementor-background-overlay\"><\/div>\n\t\t\t\t\t\t\t<div class=\"elementor-container elementor-column-gap-default\">\n\t\t\t\t\t<div class=\"elementor-column elementor-col-100 elementor-top-column elementor-element elementor-element-fd0190c\" data-id=\"fd0190c\" data-element_type=\"column\">\n\t\t\t<div class=\"elementor-widget-wrap elementor-element-populated\">\n\t\t\t\t\t\t<div class=\"elementor-element elementor-element-edeec86 elementor-widget elementor-widget-shortcode\" data-id=\"edeec86\" data-element_type=\"widget\" data-widget_type=\"shortcode.default\">\n\t\t\t\t<div class=\"elementor-widget-container\">\n\t\t\t<div class='breadcrumb_list'><a href=\"https:\/\/www.api-hk.com\/es\" >Inicio<\/a><\/div>\t\t<div class=\"elementor-shortcode\"><\/div>\n\t\t\t\t<\/div>\n\t\t\t\t<\/div>\n\t\t\t\t\t<\/div>\n\t\t<\/div>\n\t\t\t\t\t<\/div>\n\t\t<\/section>\n\t\t\t\t<section class=\"elementor-section elementor-top-section elementor-element elementor-element-025822f FTA-sec1 elementor-section-boxed elementor-section-height-default elementor-section-height-default\" data-id=\"025822f\" data-element_type=\"section\" data-settings=\"{&quot;background_background&quot;:&quot;classic&quot;}\">\n\t\t\t\t\t\t\t<div class=\"elementor-background-overlay\"><\/div>\n\t\t\t\t\t\t\t<div class=\"elementor-container elementor-column-gap-default\">\n\t\t\t\t\t<div class=\"elementor-column elementor-col-100 elementor-top-column elementor-element elementor-element-38b217e\" data-id=\"38b217e\" data-element_type=\"column\">\n\t\t\t<div class=\"elementor-widget-wrap elementor-element-populated\">\n\t\t\t\t\t\t<div class=\"elementor-element elementor-element-d1674fe elementor-widget__width-initial section-para-2 elementor-widget elementor-widget-text-editor\" data-id=\"d1674fe\" data-element_type=\"widget\" data-widget_type=\"text-editor.default\">\n\t\t\t\t<div class=\"elementor-widget-container\">\n\t\t\t<style>\/*! elementor - v3.21.0 - 18-04-2024 *\/\n.elementor-widget-text-editor.elementor-drop-cap-view-stacked .elementor-drop-cap{background-color:#69727d;color:#fff}.elementor-widget-text-editor.elementor-drop-cap-view-framed .elementor-drop-cap{color:#69727d;border:3px solid;background-color:transparent}.elementor-widget-text-editor:not(.elementor-drop-cap-view-default) .elementor-drop-cap{margin-top:8px}.elementor-widget-text-editor:not(.elementor-drop-cap-view-default) .elementor-drop-cap-letter{width:1em;height:1em}.elementor-widget-text-editor .elementor-drop-cap{float:left;text-align:center;line-height:1;font-size:50px}.elementor-widget-text-editor .elementor-drop-cap-letter{display:inline-block}<\/style>\t\t\t\t<h2>Evaluar la resistencia del producto y la seguridad en el uso<\/h2>\t\t\t\t\t\t<\/div>\n\t\t\t\t<\/div>\n\t\t\t\t<div class=\"elementor-element elementor-element-1200516 service-para-1 animated-slow elementor-invisible elementor-widget elementor-widget-text-editor\" data-id=\"1200516\" data-element_type=\"widget\" data-settings=\"{&quot;_animation&quot;:&quot;fadeInRight&quot;}\" data-widget_type=\"text-editor.default\">\n\t\t\t\t<div class=\"elementor-widget-container\">\n\t\t\t\t\t\t\t<p>Una evaluaci\u00f3n exhaustiva de las propiedades f\u00edsicas y mec\u00e1nicas de un producto es fundamental para comprender su durabilidad, seguridad y calidad general, reduciendo los riesgos para los usuarios y garantizando una vida \u00fatil adecuada.<\/p><p>Gracias a sus distintos laboratorios en Asia y Europa, API ofrece a sus clientes una gama completa de soluciones de ensayos f\u00edsicos y mec\u00e1nicos para evaluar la calidad de tus productos y garantizar su conformidad con las normas y regulaciones de los mercados de destino.\nLos cinco laboratorios de API, ubicados cerca de los principales centros de producci\u00f3n de bienes de consumo en Asia y tambi\u00e9n en Europa, ofrecen los siguientes ensayos.<\/p>\t\t\t\t\t\t<\/div>\n\t\t\t\t<\/div>\n\t\t\t\t\t<\/div>\n\t\t<\/div>\n\t\t\t\t\t<\/div>\n\t\t<\/section>\n\t\t\t\t<section class=\"elementor-section elementor-top-section elementor-element elementor-element-37f0d9c FTA-sec2 elementor-section-boxed elementor-section-height-default elementor-section-height-default\" data-id=\"37f0d9c\" data-element_type=\"section\" data-settings=\"{&quot;background_background&quot;:&quot;classic&quot;}\">\n\t\t\t\t\t\t<div class=\"elementor-container elementor-column-gap-default\">\n\t\t\t\t\t<div class=\"elementor-column elementor-col-50 elementor-top-column elementor-element elementor-element-7d0cb75 animated-slow elementor-invisible\" data-id=\"7d0cb75\" data-element_type=\"column\" data-settings=\"{&quot;background_background&quot;:&quot;classic&quot;,&quot;animation&quot;:&quot;fadeInLeft&quot;}\">\n\t\t\t<div class=\"elementor-widget-wrap elementor-element-populated\">\n\t\t\t\t\t\t<div class=\"elementor-element elementor-element-14073b7 elementor-widget__width-initial section-para-2 elementor-widget elementor-widget-text-editor\" data-id=\"14073b7\" data-element_type=\"widget\" data-widget_type=\"text-editor.default\">\n\t\t\t\t<div class=\"elementor-widget-container\">\n\t\t\t\t\t\t\t<h2>Beneficios de las pruebas mec\u00e1nicas y f\u00edsicas<\/h2>\t\t\t\t\t\t<\/div>\n\t\t\t\t<\/div>\n\t\t\t\t<div class=\"elementor-element elementor-element-13b2c73 section-para2-list elementor-widget elementor-widget-text-editor\" data-id=\"13b2c73\" data-element_type=\"widget\" data-widget_type=\"text-editor.default\">\n\t\t\t\t<div class=\"elementor-widget-container\">\n\t\t\t\t\t\t\t<p>Aunque algunos de estos protocolos de ensayo no siempre est\u00e9n incluidos en las normas espec\u00edficas de producto para distintos mercados, en API entendemos que garantizar la seguridad y durabilidad adecuadas de los productos est\u00e1 directamente relacionado con la fidelidad a la marca y el reconocimiento p\u00fablico de tus productos.<\/p><p>La gesti\u00f3n de la insatisfacci\u00f3n del cliente, la sustituci\u00f3n de productos y las garant\u00edas puede afectar significativamente a los beneficios, adem\u00e1s de generar una atenci\u00f3n negativa no deseada.\nPor ello, elegir un protocolo de ensayos adecuado y completo como este equivale a prevenir problemas, en lugar de tener que afrontar las consecuencias de fallos que ya se han producido.<\/p>\t\t\t\t\t\t<\/div>\n\t\t\t\t<\/div>\n\t\t\t\t\t<\/div>\n\t\t<\/div>\n\t\t\t\t<div class=\"elementor-column elementor-col-50 elementor-top-column elementor-element elementor-element-5656183\" data-id=\"5656183\" data-element_type=\"column\">\n\t\t\t<div class=\"elementor-widget-wrap elementor-element-populated\">\n\t\t\t\t\t\t<div class=\"elementor-element elementor-element-f41534e sec-2_img animated-slow elementor-widget__width-initial elementor-invisible elementor-widget elementor-widget-image\" data-id=\"f41534e\" data-element_type=\"widget\" data-settings=\"{&quot;_animation&quot;:&quot;fadeInRight&quot;}\" data-widget_type=\"image.default\">\n\t\t\t\t<div class=\"elementor-widget-container\">\n\t\t\t<style>\/*! elementor - v3.21.0 - 18-04-2024 *\/\n.elementor-widget-image{text-align:center}.elementor-widget-image a{display:inline-block}.elementor-widget-image a img[src$=\".svg\"]{width:48px}.elementor-widget-image img{vertical-align:middle;display:inline-block}<\/style>\t\t\t\t\t\t\t\t\t\t<img fetchpriority=\"high\" decoding=\"async\" width=\"580\" height=\"345\" src=\"https:\/\/www.api-hk.com\/wp-content\/uploads\/2022\/06\/Evaluate-Product-Resistance-and-Usage-Overall-Safety.jpg\" class=\"attachment-medium_large size-medium_large wp-image-2193\" alt=\"Physical &amp; Mechanical Lab Testing For Household Goods Evaluate Product Resistance and Usage Overall Safety\" \/>\t\t\t\t\t\t\t\t\t\t\t\t\t<\/div>\n\t\t\t\t<\/div>\n\t\t\t\t\t<\/div>\n\t\t<\/div>\n\t\t\t\t\t<\/div>\n\t\t<\/section>\n\t\t\t\t<section class=\"elementor-section elementor-top-section elementor-element elementor-element-8cdc814 elementor-section-boxed elementor-section-height-default elementor-section-height-default\" data-id=\"8cdc814\" data-element_type=\"section\">\n\t\t\t\t\t\t<div class=\"elementor-container elementor-column-gap-default\">\n\t\t\t\t\t<div class=\"elementor-column elementor-col-50 elementor-top-column elementor-element elementor-element-1a0f315 animated-slow elementor-invisible\" data-id=\"1a0f315\" data-element_type=\"column\" data-settings=\"{&quot;background_background&quot;:&quot;classic&quot;,&quot;animation&quot;:&quot;fadeInLeft&quot;}\">\n\t\t\t<div class=\"elementor-widget-wrap elementor-element-populated\">\n\t\t\t\t\t\t<div class=\"elementor-element elementor-element-c5ed5fa elementor-widget__width-initial section-para-2 elementor-widget elementor-widget-text-editor\" data-id=\"c5ed5fa\" data-element_type=\"widget\" data-widget_type=\"text-editor.default\">\n\t\t\t\t<div class=\"elementor-widget-container\">\n\t\t\t\t\t\t\t<h2>Soluciones para pruebas meceanicas<\/h2>\t\t\t\t\t\t<\/div>\n\t\t\t\t<\/div>\n\t\t\t\t<div class=\"elementor-element elementor-element-85b99ab section-para2-list elementor-widget elementor-widget-text-editor\" data-id=\"85b99ab\" data-element_type=\"widget\" data-widget_type=\"text-editor.default\">\n\t\t\t\t<div class=\"elementor-widget-container\">\n\t\t\t\t\t\t\t<p>Los ensayos mec\u00e1nicos de API verifican la resistencia de tus productos frente a:<\/p><ul><li>Deformaci\u00f3n<\/li><li>Rotura<\/li><li>Desgaste<\/li><li>Tensi\u00f3n<\/li><li>Dureza<\/li><li>Adherencia de la pintura<\/li><\/ul>\t\t\t\t\t\t<\/div>\n\t\t\t\t<\/div>\n\t\t\t\t\t<\/div>\n\t\t<\/div>\n\t\t\t\t<div class=\"elementor-column elementor-col-50 elementor-top-column elementor-element elementor-element-7cb4c3d animated-slow elementor-invisible\" data-id=\"7cb4c3d\" data-element_type=\"column\" data-settings=\"{&quot;background_background&quot;:&quot;classic&quot;,&quot;animation&quot;:&quot;fadeInLeft&quot;}\">\n\t\t\t<div class=\"elementor-widget-wrap elementor-element-populated\">\n\t\t\t\t\t\t<div class=\"elementor-element elementor-element-40153c5 elementor-widget__width-initial section-para-2 elementor-widget elementor-widget-text-editor\" data-id=\"40153c5\" data-element_type=\"widget\" data-widget_type=\"text-editor.default\">\n\t\t\t\t<div class=\"elementor-widget-container\">\n\t\t\t\t\t\t\t<h2 class=\"marginB30\">Soluciones para pruebas f\u00edsicas<\/h2>\t\t\t\t\t\t<\/div>\n\t\t\t\t<\/div>\n\t\t\t\t<div class=\"elementor-element elementor-element-5187aed section-para2-list elementor-widget elementor-widget-text-editor\" data-id=\"5187aed\" data-element_type=\"widget\" data-widget_type=\"text-editor.default\">\n\t\t\t\t<div class=\"elementor-widget-container\">\n\t\t\t\t\t\t\t<p>Las soluciones de ensayos f\u00edsicos que ofrece API incluyen:<\/p><ul><li>Ensayos de durabilidad<\/li><li>Ensayos de estabilidad<\/li><li>Ensayos de resistencia<\/li><li>Ensayos de resistencia a la corrosi\u00f3n y a la intemperie<\/li><li>Ensayos de inflamabilidad<\/li><\/ul>\t\t\t\t\t\t<\/div>\n\t\t\t\t<\/div>\n\t\t\t\t\t<\/div>\n\t\t<\/div>\n\t\t\t\t\t<\/div>\n\t\t<\/section>\n\t\t\t\t<section class=\"elementor-section elementor-top-section elementor-element elementor-element-28fd0c7 elementor-section-boxed elementor-section-height-default elementor-section-height-default\" data-id=\"28fd0c7\" data-element_type=\"section\">\n\t\t\t\t\t\t<div class=\"elementor-container elementor-column-gap-default\">\n\t\t\t\t\t<div class=\"elementor-column elementor-col-100 elementor-top-column elementor-element elementor-element-d395615\" data-id=\"d395615\" data-element_type=\"column\">\n\t\t\t<div class=\"elementor-widget-wrap elementor-element-populated\">\n\t\t\t\t\t\t<div class=\"elementor-element elementor-element-498486d section-para2-list elementor-widget elementor-widget-text-editor\" data-id=\"498486d\" data-element_type=\"widget\" data-widget_type=\"text-editor.default\">\n\t\t\t\t<div class=\"elementor-widget-container\">\n\t\t\t\t\t\t\t<p>Los tipos de ensayos pueden integrarse en un protocolo de pruebas a medida o realizarse individualmente seg\u00fan tus necesidades. Nuestros expertos t\u00e9cnicos de laboratorio e ingenieros tambi\u00e9n pueden apoyarte en la definici\u00f3n de <a href=\"https:\/\/www.api-hk.com\/es\/household-goods-lab-testing-solutions\/\">la mejor combinaci\u00f3n de ensayos<\/a> para cumplir con los requisitos de presupuesto y aseguramiento de la calidad.<\/p><p>Los ensayos mec\u00e1nicos y f\u00edsicos pueden realizarse en todas las etapas del ciclo de vida del producto: desde el dise\u00f1o y la preproducci\u00f3n, hasta la fase de producci\u00f3n en serie.<\/p>\t\t\t\t\t\t<\/div>\n\t\t\t\t<\/div>\n\t\t\t\t\t<\/div>\n\t\t<\/div>\n\t\t\t\t\t<\/div>\n\t\t<\/section>\n\t\t\t\t<\/div>","protected":false},"excerpt":{"rendered":"<p>Evaluate Product Resistance and Usage Overall Safety Thorough evaluation of the physical and mechanical qualities of a product is crucial to understanding its durability, safety and overall quality to reduce risks for users and guarantee a suitable longevity. Thanks to its different labs operating in Asia and Europe, API offers its customer a full range [&hellip;]<\/p>","protected":false},"author":1,"featured_media":0,"parent":0,"menu_order":0,"comment_status":"closed","ping_status":"closed","template":"elementor_header_footer","meta":{"footnotes":""},"class_list":["post-2187","page","type-page","status-publish","hentry"],"yoast_head":"<!-- This site is optimized with the Yoast SEO Premium plugin v22.5 (Yoast SEO v22.5) - https:\/\/yoast.com\/wordpress\/plugins\/seo\/ -->\n<title>Physical &amp; Mechanical Lab Testing For Household Goods and Toys<\/title>\n<meta name=\"description\" content=\"API\u2019s household goods mechanical and physical laboratory testing help you assess product resistance and overall usage safety.\" \/>\n<meta name=\"robots\" content=\"index, follow, max-snippet:-1, max-image-preview:large, max-video-preview:-1\" \/>\n<link rel=\"canonical\" href=\"https:\/\/www.api-hk.com\/es\/physical-mechanical-lab-testing\/\" \/>\n<meta property=\"og:locale\" content=\"es_ES\" \/>\n<meta property=\"og:type\" content=\"article\" \/>\n<meta property=\"og:title\" content=\"Physical &amp; Mechanical Lab Testing\" \/>\n<meta property=\"og:description\" content=\"API\u2019s household goods mechanical and physical laboratory testing help you assess product resistance and overall usage safety.\" \/>\n<meta property=\"og:url\" content=\"https:\/\/www.api-hk.com\/es\/physical-mechanical-lab-testing\/\" \/>\n<meta property=\"og:site_name\" content=\"API, The Household Goods and Toys Quality Experts\" \/>\n<meta property=\"article:modified_time\" content=\"2023-12-12T11:11:08+00:00\" \/>\n<meta property=\"og:image\" content=\"https:\/\/www.api-hk.com\/wp-content\/uploads\/2022\/06\/Evaluate-Product-Resistance-and-Usage-Overall-Safety.jpg\" \/>\n<script type=\"application\/ld+json\" class=\"yoast-schema-graph\">{\"@context\":\"https:\/\/schema.org\",\"@graph\":[{\"@type\":\"WebPage\",\"@id\":\"https:\/\/www.api-hk.com\/physical-mechanical-lab-testing\/\",\"url\":\"https:\/\/www.api-hk.com\/physical-mechanical-lab-testing\/\",\"name\":\"Physical & Mechanical Lab Testing For Household Goods and Toys\",\"isPartOf\":{\"@id\":\"https:\/\/www.api-hk.com\/#website\"},\"primaryImageOfPage\":{\"@id\":\"https:\/\/www.api-hk.com\/physical-mechanical-lab-testing\/#primaryimage\"},\"image\":{\"@id\":\"https:\/\/www.api-hk.com\/physical-mechanical-lab-testing\/#primaryimage\"},\"thumbnailUrl\":\"https:\/\/www.api-hk.com\/wp-content\/uploads\/2022\/06\/Evaluate-Product-Resistance-and-Usage-Overall-Safety.jpg\",\"datePublished\":\"2022-06-08T12:06:41+00:00\",\"dateModified\":\"2023-12-12T11:11:08+00:00\",\"description\":\"API\u2019s household goods mechanical and physical laboratory testing help you assess product resistance and overall usage safety.\",\"breadcrumb\":{\"@id\":\"https:\/\/www.api-hk.com\/physical-mechanical-lab-testing\/#breadcrumb\"},\"inLanguage\":\"es\",\"potentialAction\":[{\"@type\":\"ReadAction\",\"target\":[\"https:\/\/www.api-hk.com\/physical-mechanical-lab-testing\/\"]}]},{\"@type\":\"ImageObject\",\"inLanguage\":\"es\",\"@id\":\"https:\/\/www.api-hk.com\/physical-mechanical-lab-testing\/#primaryimage\",\"url\":\"https:\/\/www.api-hk.com\/wp-content\/uploads\/2022\/06\/Evaluate-Product-Resistance-and-Usage-Overall-Safety.jpg\",\"contentUrl\":\"https:\/\/www.api-hk.com\/wp-content\/uploads\/2022\/06\/Evaluate-Product-Resistance-and-Usage-Overall-Safety.jpg\"},{\"@type\":\"BreadcrumbList\",\"@id\":\"https:\/\/www.api-hk.com\/physical-mechanical-lab-testing\/#breadcrumb\",\"itemListElement\":[{\"@type\":\"ListItem\",\"position\":1,\"name\":\"Home\",\"item\":\"https:\/\/www.api-hk.com\/\"},{\"@type\":\"ListItem\",\"position\":2,\"name\":\"Physical &#038; Mechanical Lab Testing\"}]},{\"@type\":\"WebSite\",\"@id\":\"https:\/\/www.api-hk.com\/#website\",\"url\":\"https:\/\/www.api-hk.com\/\",\"name\":\"API, The Household Goods and Toys Quality Experts\",\"description\":\"Quality management solutions for household goods and toys\",\"publisher\":{\"@id\":\"https:\/\/www.api-hk.com\/#organization\"},\"potentialAction\":[{\"@type\":\"SearchAction\",\"target\":{\"@type\":\"EntryPoint\",\"urlTemplate\":\"https:\/\/www.api-hk.com\/?s={search_term_string}\"},\"query-input\":\"required name=search_term_string\"}],\"inLanguage\":\"es\"},{\"@type\":\"Organization\",\"@id\":\"https:\/\/www.api-hk.com\/#organization\",\"name\":\"API, The Household Goods and Toys Quality Experts\",\"url\":\"https:\/\/www.api-hk.com\/\",\"logo\":{\"@type\":\"ImageObject\",\"inLanguage\":\"es\",\"@id\":\"https:\/\/www.api-hk.com\/#\/schema\/logo\/image\/\",\"url\":\"https:\/\/www.api-hk.com\/wp-content\/uploads\/2023\/06\/ALL-LOGO-API-NEW-BASE-LINE-EXE-color-scaled-1.jpeg\",\"contentUrl\":\"https:\/\/www.api-hk.com\/wp-content\/uploads\/2023\/06\/ALL-LOGO-API-NEW-BASE-LINE-EXE-color-scaled-1.jpeg\",\"width\":2560,\"height\":704,\"caption\":\"API, The Household Goods and Toys Quality Experts\"},\"image\":{\"@id\":\"https:\/\/www.api-hk.com\/#\/schema\/logo\/image\/\"},\"sameAs\":[\"https:\/\/www.youtube.com\/channel\/UCt1TMbm4WdCJnCknRFmmBSw\",\"https:\/\/www.linkedin.com\/company\/asia-pacific-inspection-ltd-\/\"]}]}<\/script>\n<!-- \/ Yoast SEO Premium plugin. -->","yoast_head_json":{"title":"Physical & Mechanical Lab Testing For Household Goods and Toys","description":"API\u2019s household goods mechanical and physical laboratory testing help you assess product resistance and overall usage safety.","robots":{"index":"index","follow":"follow","max-snippet":"max-snippet:-1","max-image-preview":"max-image-preview:large","max-video-preview":"max-video-preview:-1"},"canonical":"https:\/\/www.api-hk.com\/es\/physical-mechanical-lab-testing\/","og_locale":"es_ES","og_type":"article","og_title":"Physical & Mechanical Lab Testing","og_description":"API\u2019s household goods mechanical and physical laboratory testing help you assess product resistance and overall usage safety.","og_url":"https:\/\/www.api-hk.com\/es\/physical-mechanical-lab-testing\/","og_site_name":"API, The Household Goods and Toys Quality Experts","article_modified_time":"2023-12-12T11:11:08+00:00","og_image":[{"url":"https:\/\/www.api-hk.com\/wp-content\/uploads\/2022\/06\/Evaluate-Product-Resistance-and-Usage-Overall-Safety.jpg"}],"schema":{"@context":"https:\/\/schema.org","@graph":[{"@type":"WebPage","@id":"https:\/\/www.api-hk.com\/physical-mechanical-lab-testing\/","url":"https:\/\/www.api-hk.com\/physical-mechanical-lab-testing\/","name":"Physical & Mechanical Lab Testing For Household Goods and Toys","isPartOf":{"@id":"https:\/\/www.api-hk.com\/#website"},"primaryImageOfPage":{"@id":"https:\/\/www.api-hk.com\/physical-mechanical-lab-testing\/#primaryimage"},"image":{"@id":"https:\/\/www.api-hk.com\/physical-mechanical-lab-testing\/#primaryimage"},"thumbnailUrl":"https:\/\/www.api-hk.com\/wp-content\/uploads\/2022\/06\/Evaluate-Product-Resistance-and-Usage-Overall-Safety.jpg","datePublished":"2022-06-08T12:06:41+00:00","dateModified":"2023-12-12T11:11:08+00:00","description":"API\u2019s household goods mechanical and physical laboratory testing help you assess product resistance and overall usage safety.","breadcrumb":{"@id":"https:\/\/www.api-hk.com\/physical-mechanical-lab-testing\/#breadcrumb"},"inLanguage":"es","potentialAction":[{"@type":"ReadAction","target":["https:\/\/www.api-hk.com\/physical-mechanical-lab-testing\/"]}]},{"@type":"ImageObject","inLanguage":"es","@id":"https:\/\/www.api-hk.com\/physical-mechanical-lab-testing\/#primaryimage","url":"https:\/\/www.api-hk.com\/wp-content\/uploads\/2022\/06\/Evaluate-Product-Resistance-and-Usage-Overall-Safety.jpg","contentUrl":"https:\/\/www.api-hk.com\/wp-content\/uploads\/2022\/06\/Evaluate-Product-Resistance-and-Usage-Overall-Safety.jpg"},{"@type":"BreadcrumbList","@id":"https:\/\/www.api-hk.com\/physical-mechanical-lab-testing\/#breadcrumb","itemListElement":[{"@type":"ListItem","position":1,"name":"Home","item":"https:\/\/www.api-hk.com\/"},{"@type":"ListItem","position":2,"name":"Physical &#038; Mechanical Lab Testing"}]},{"@type":"WebSite","@id":"https:\/\/www.api-hk.com\/#website","url":"https:\/\/www.api-hk.com\/","name":"API, Los Expertos en Calidad de Art\u00edculos para el Hogar y Juguetes","description":"Soluciones de gesti\u00f3n de calidad para art\u00edculos del hogar y juguetes","publisher":{"@id":"https:\/\/www.api-hk.com\/#organization"},"potentialAction":[{"@type":"SearchAction","target":{"@type":"EntryPoint","urlTemplate":"https:\/\/www.api-hk.com\/?s={search_term_string}"},"query-input":"required name=search_term_string"}],"inLanguage":"es"},{"@type":"Organization","@id":"https:\/\/www.api-hk.com\/#organization","name":"API, Los Expertos en Calidad de Art\u00edculos para el Hogar y Juguetes","url":"https:\/\/www.api-hk.com\/","logo":{"@type":"ImageObject","inLanguage":"es","@id":"https:\/\/www.api-hk.com\/#\/schema\/logo\/image\/","url":"https:\/\/www.api-hk.com\/wp-content\/uploads\/2023\/06\/ALL-LOGO-API-NEW-BASE-LINE-EXE-color-scaled-1.jpeg","contentUrl":"https:\/\/www.api-hk.com\/wp-content\/uploads\/2023\/06\/ALL-LOGO-API-NEW-BASE-LINE-EXE-color-scaled-1.jpeg","width":2560,"height":704,"caption":"API, The Household Goods and Toys Quality Experts"},"image":{"@id":"https:\/\/www.api-hk.com\/#\/schema\/logo\/image\/"},"sameAs":["https:\/\/www.youtube.com\/channel\/UCt1TMbm4WdCJnCknRFmmBSw","https:\/\/www.linkedin.com\/company\/asia-pacific-inspection-ltd-\/"]}]}},"_links":{"self":[{"href":"https:\/\/www.api-hk.com\/es\/wp-json\/wp\/v2\/pages\/2187","targetHints":{"allow":["GET"]}}],"collection":[{"href":"https:\/\/www.api-hk.com\/es\/wp-json\/wp\/v2\/pages"}],"about":[{"href":"https:\/\/www.api-hk.com\/es\/wp-json\/wp\/v2\/types\/page"}],"author":[{"embeddable":true,"href":"https:\/\/www.api-hk.com\/es\/wp-json\/wp\/v2\/users\/1"}],"replies":[{"embeddable":true,"href":"https:\/\/www.api-hk.com\/es\/wp-json\/wp\/v2\/comments?post=2187"}],"version-history":[{"count":0,"href":"https:\/\/www.api-hk.com\/es\/wp-json\/wp\/v2\/pages\/2187\/revisions"}],"wp:attachment":[{"href":"https:\/\/www.api-hk.com\/es\/wp-json\/wp\/v2\/media?parent=2187"}],"curies":[{"name":"wp","href":"https:\/\/api.w.org\/{rel}","templated":true}]}}