{"id":2168,"date":"2022-06-08T11:51:38","date_gmt":"2022-06-08T11:51:38","guid":{"rendered":"https:\/\/api-hk.com\/?page_id=2168"},"modified":"2023-12-12T11:23:33","modified_gmt":"2023-12-12T11:23:33","slug":"hardgoods-training-resources-centre","status":"publish","type":"page","link":"https:\/\/www.api-hk.com\/es\/hardgoods-training-resources-centre\/","title":{"rendered":"Centro de recursos de formaci\u00f3n para art\u00edculos duraderos"},"content":{"rendered":"<div data-elementor-type=\"wp-page\" data-elementor-id=\"2168\" class=\"elementor elementor-2168\">\n\t\t\t\t\t\t<section class=\"elementor-section elementor-top-section elementor-element elementor-element-d0fe960 elementor-section-content-middle custom_sub_header sec-banner elementor-section-boxed elementor-section-height-default elementor-section-height-default\" data-id=\"d0fe960\" data-element_type=\"section\" data-settings=\"{&quot;background_background&quot;:&quot;classic&quot;}\">\n\t\t\t\t\t\t<div class=\"elementor-container elementor-column-gap-default\">\n\t\t\t\t\t<div class=\"elementor-column elementor-col-100 elementor-top-column elementor-element elementor-element-a0ee98a\" data-id=\"a0ee98a\" data-element_type=\"column\">\n\t\t\t<div class=\"elementor-widget-wrap elementor-element-populated\">\n\t\t\t\t\t\t<div class=\"elementor-element elementor-element-65bc442 elementor-widget elementor-widget-shortcode\" data-id=\"65bc442\" data-element_type=\"widget\" data-widget_type=\"shortcode.default\">\n\t\t\t\t<div class=\"elementor-widget-container\">\n\t\t\t\t\t<div class=\"elementor-shortcode\"><h1 class=\"sub_header_title\">Centro de recursos de formaci\u00f3n para art\u00edculos duraderos<\/h1><\/div>\n\t\t\t\t<\/div>\n\t\t\t\t<\/div>\n\t\t\t\t\t<\/div>\n\t\t<\/div>\n\t\t\t\t\t<\/div>\n\t\t<\/section>\n\t\t\t\t<section class=\"elementor-section elementor-top-section elementor-element elementor-element-4d6eed3 elementor-section-content-middle custom_bread_ elementor-section-boxed elementor-section-height-default elementor-section-height-default\" data-id=\"4d6eed3\" data-element_type=\"section\" data-settings=\"{&quot;background_background&quot;:&quot;classic&quot;}\">\n\t\t\t\t\t\t\t<div class=\"elementor-background-overlay\"><\/div>\n\t\t\t\t\t\t\t<div class=\"elementor-container elementor-column-gap-default\">\n\t\t\t\t\t<div class=\"elementor-column elementor-col-100 elementor-top-column elementor-element elementor-element-70d9671\" data-id=\"70d9671\" data-element_type=\"column\">\n\t\t\t<div class=\"elementor-widget-wrap elementor-element-populated\">\n\t\t\t\t\t\t<div class=\"elementor-element elementor-element-2f85b42 elementor-widget elementor-widget-shortcode\" data-id=\"2f85b42\" data-element_type=\"widget\" data-widget_type=\"shortcode.default\">\n\t\t\t\t<div class=\"elementor-widget-container\">\n\t\t\t<div class='breadcrumb_list'><a href=\"https:\/\/www.api-hk.com\/es\" >Inicio<\/a><\/div>\t\t<div class=\"elementor-shortcode\"><\/div>\n\t\t\t\t<\/div>\n\t\t\t\t<\/div>\n\t\t\t\t\t<\/div>\n\t\t<\/div>\n\t\t\t\t\t<\/div>\n\t\t<\/section>\n\t\t\t\t<section class=\"elementor-section elementor-top-section elementor-element elementor-element-8db0b90 elementor-section-boxed elementor-section-height-default elementor-section-height-default\" data-id=\"8db0b90\" data-element_type=\"section\">\n\t\t\t\t\t\t<div class=\"elementor-container elementor-column-gap-default\">\n\t\t\t\t\t<div class=\"elementor-column elementor-col-100 elementor-top-column elementor-element elementor-element-c9b4850\" data-id=\"c9b4850\" data-element_type=\"column\">\n\t\t\t<div class=\"elementor-widget-wrap elementor-element-populated\">\n\t\t\t\t\t\t<div class=\"elementor-element elementor-element-df5a374 elementor-widget elementor-widget-text-editor\" data-id=\"df5a374\" data-element_type=\"widget\" data-widget_type=\"text-editor.default\">\n\t\t\t\t<div class=\"elementor-widget-container\">\n\t\t\t<style>\/*! elementor - v3.21.0 - 18-04-2024 *\/\n.elementor-widget-text-editor.elementor-drop-cap-view-stacked .elementor-drop-cap{background-color:#69727d;color:#fff}.elementor-widget-text-editor.elementor-drop-cap-view-framed .elementor-drop-cap{color:#69727d;border:3px solid;background-color:transparent}.elementor-widget-text-editor:not(.elementor-drop-cap-view-default) .elementor-drop-cap{margin-top:8px}.elementor-widget-text-editor:not(.elementor-drop-cap-view-default) .elementor-drop-cap-letter{width:1em;height:1em}.elementor-widget-text-editor .elementor-drop-cap{float:left;text-align:center;line-height:1;font-size:50px}.elementor-widget-text-editor .elementor-drop-cap-letter{display:inline-block}<\/style>\t\t\t\t<p>Nuestros<a href=\"https:\/\/www.api-hk.com\/es\/apis-sustainability-solutions-for-household-goods\/\"> expertos<\/a> en soluciones de sostenibilidad para art\u00edculos del hogar pueden ayudarte a adquirir conocimientos en sostenibilidad sobre los temas clave relacionados con tus categor\u00edas de producto.<\/p>\t\t\t\t\t\t<\/div>\n\t\t\t\t<\/div>\n\t\t\t\t\t<\/div>\n\t\t<\/div>\n\t\t\t\t\t<\/div>\n\t\t<\/section>\n\t\t\t\t<section class=\"elementor-section elementor-top-section elementor-element elementor-element-fd16d07 FTA-sec1 elementor-section-boxed elementor-section-height-default elementor-section-height-default\" data-id=\"fd16d07\" data-element_type=\"section\" data-settings=\"{&quot;background_background&quot;:&quot;classic&quot;}\">\n\t\t\t\t\t\t\t<div class=\"elementor-background-overlay\"><\/div>\n\t\t\t\t\t\t\t<div class=\"elementor-container elementor-column-gap-default\">\n\t\t\t\t\t<div class=\"elementor-column elementor-col-50 elementor-top-column elementor-element elementor-element-4a0a59d\" data-id=\"4a0a59d\" data-element_type=\"column\">\n\t\t\t<div class=\"elementor-widget-wrap elementor-element-populated\">\n\t\t\t\t\t\t<div class=\"elementor-element elementor-element-ebfdda5 sec-1_img animated-slow elementor-invisible elementor-widget elementor-widget-image\" data-id=\"ebfdda5\" data-element_type=\"widget\" data-settings=\"{&quot;_animation&quot;:&quot;fadeInLeft&quot;}\" data-widget_type=\"image.default\">\n\t\t\t\t<div class=\"elementor-widget-container\">\n\t\t\t<style>\/*! elementor - v3.21.0 - 18-04-2024 *\/\n.elementor-widget-image{text-align:center}.elementor-widget-image a{display:inline-block}.elementor-widget-image a img[src$=\".svg\"]{width:48px}.elementor-widget-image img{vertical-align:middle;display:inline-block}<\/style>\t\t\t\t\t\t\t\t\t\t<img fetchpriority=\"high\" decoding=\"async\" width=\"580\" height=\"476\" src=\"https:\/\/www.api-hk.com\/wp-content\/uploads\/2022\/06\/Hardgoods-Training-Resources-benefits-list.jpg\" class=\"attachment-medium_large size-medium_large wp-image-2170\" alt=\"Hardgoods training resources centre\" \/>\t\t\t\t\t\t\t\t\t\t\t\t\t<\/div>\n\t\t\t\t<\/div>\n\t\t\t\t\t<\/div>\n\t\t<\/div>\n\t\t\t\t<div class=\"elementor-column elementor-col-50 elementor-top-column elementor-element elementor-element-2365bc2\" data-id=\"2365bc2\" data-element_type=\"column\">\n\t\t\t<div class=\"elementor-widget-wrap elementor-element-populated\">\n\t\t\t\t\t\t<div class=\"elementor-element elementor-element-9781f58 elementor-widget elementor-widget-heading\" data-id=\"9781f58\" data-element_type=\"widget\" data-widget_type=\"heading.default\">\n\t\t\t\t<div class=\"elementor-widget-container\">\n\t\t\t<style>\/*! elementor - v3.21.0 - 18-04-2024 *\/\n.elementor-heading-title{padding:0;margin:0;line-height:1}.elementor-widget-heading .elementor-heading-title[class*=elementor-size-]>a{color:inherit;font-size:inherit;line-height:inherit}.elementor-widget-heading .elementor-heading-title.elementor-size-small{font-size:15px}.elementor-widget-heading .elementor-heading-title.elementor-size-medium{font-size:19px}.elementor-widget-heading .elementor-heading-title.elementor-size-large{font-size:29px}.elementor-widget-heading .elementor-heading-title.elementor-size-xl{font-size:39px}.elementor-widget-heading .elementor-heading-title.elementor-size-xxl{font-size:59px}<\/style><h2 class=\"elementor-heading-title elementor-size-default\">\u00bfCu\u00e1les son los principales beneficios?<\/h2>\t\t<\/div>\n\t\t\t\t<\/div>\n\t\t\t\t<div class=\"elementor-element elementor-element-7f89d70 service-para-1 animated-slow elementor-invisible elementor-widget elementor-widget-text-editor\" data-id=\"7f89d70\" data-element_type=\"widget\" data-settings=\"{&quot;_animation&quot;:&quot;fadeInRight&quot;}\" data-widget_type=\"text-editor.default\">\n\t\t\t\t<div class=\"elementor-widget-container\">\n\t\t\t\t\t\t\t<ul><li>Mayor productividad y reducci\u00f3n de costes gracias a la implementaci\u00f3n de mejores pr\u00e1cticas y a la formaci\u00f3n de tus equipos y socios.<\/li><li>Mejora de la cultura corporativa mediante la adopci\u00f3n de la sostenibilidad como parte de la cultura de tu empresa.<\/li><\/ul>\t\t\t\t\t\t<\/div>\n\t\t\t\t<\/div>\n\t\t\t\t\t<\/div>\n\t\t<\/div>\n\t\t\t\t\t<\/div>\n\t\t<\/section>\n\t\t\t\t<section class=\"elementor-section elementor-top-section elementor-element elementor-element-37f0d9c FTA-sec2 elementor-section-boxed elementor-section-height-default elementor-section-height-default\" data-id=\"37f0d9c\" data-element_type=\"section\" data-settings=\"{&quot;background_background&quot;:&quot;classic&quot;}\">\n\t\t\t\t\t\t<div class=\"elementor-container elementor-column-gap-default\">\n\t\t\t\t\t<div class=\"elementor-column elementor-col-50 elementor-top-column elementor-element elementor-element-7d0cb75 animated-slow elementor-invisible\" data-id=\"7d0cb75\" data-element_type=\"column\" data-settings=\"{&quot;background_background&quot;:&quot;classic&quot;,&quot;animation&quot;:&quot;fadeInLeft&quot;}\">\n\t\t\t<div class=\"elementor-widget-wrap elementor-element-populated\">\n\t\t\t\t\t\t<div class=\"elementor-element elementor-element-51f2821 elementor-widget elementor-widget-heading\" data-id=\"51f2821\" data-element_type=\"widget\" data-widget_type=\"heading.default\">\n\t\t\t\t<div class=\"elementor-widget-container\">\n\t\t\t<h2 class=\"elementor-heading-title elementor-size-default\">Nuestros servicios:<\/h2>\t\t<\/div>\n\t\t\t\t<\/div>\n\t\t\t\t<div class=\"elementor-element elementor-element-13b2c73 section-para2-list elementor-widget elementor-widget-text-editor\" data-id=\"13b2c73\" data-element_type=\"widget\" data-widget_type=\"text-editor.default\">\n\t\t\t\t<div class=\"elementor-widget-container\">\n\t\t\t\t\t\t\t<p><strong>Formaci\u00f3n presencial o en aula<\/strong><\/p><ul><li>Gesti\u00f3n y evaluaciones ambientales<\/li><li>Gesti\u00f3n y evaluaciones qu\u00edmicas<\/li><li>Huellas ambientales (carbono, agua, energ\u00eda y ecol\u00f3gica)<\/li><li>An\u00e1lisis del ciclo de vida<\/li><li>Ecoembalaje<\/li><li>Formaci\u00f3n espec\u00edfica a petici\u00f3n del cliente<\/li><li>Soluciones espec\u00edficas en sitio y formaci\u00f3n basada en problemas qu\u00edmicos y ambientales<\/li><\/ul><p><strong>Recursos de lectura<\/strong><\/p><ul><li>Te proporcionamos apoyo adicional para ayudarte a adquirir conocimientos en sostenibilidad para art\u00edculos del hogar mediante distintos recursos de lectura, como blogs, newsletters, e-books, webinars, etc. <a href=\"https:\/\/www.api-hk.com\/es\/quality-assurance-for-household-goods-blog\/\">blogs<\/a>, newsletters, <a href=\"https:\/\/www.api-hk.com\/es\/resources-library\/\">e-books, webinars<\/a>, etc.<\/li><\/ul>\t\t\t\t\t\t<\/div>\n\t\t\t\t<\/div>\n\t\t\t\t\t<\/div>\n\t\t<\/div>\n\t\t\t\t<div class=\"elementor-column elementor-col-50 elementor-top-column elementor-element elementor-element-5656183\" data-id=\"5656183\" data-element_type=\"column\">\n\t\t\t<div class=\"elementor-widget-wrap elementor-element-populated\">\n\t\t\t\t\t\t<div class=\"elementor-element elementor-element-f41534e sec-2_img animated-slow elementor-invisible elementor-widget elementor-widget-image\" data-id=\"f41534e\" data-element_type=\"widget\" data-settings=\"{&quot;_animation&quot;:&quot;fadeInRight&quot;}\" data-widget_type=\"image.default\">\n\t\t\t\t<div class=\"elementor-widget-container\">\n\t\t\t\t\t\t\t\t\t\t\t\t\t<img decoding=\"async\" width=\"580\" height=\"476\" src=\"https:\/\/www.api-hk.com\/wp-content\/uploads\/2022\/06\/Hardgoods-Training-Resources-services.jpg\" class=\"attachment-large size-large wp-image-2171\" alt=\"Hardgoods training resources centre\" \/>\t\t\t\t\t\t\t\t\t\t\t\t\t<\/div>\n\t\t\t\t<\/div>\n\t\t\t\t\t<\/div>\n\t\t<\/div>\n\t\t\t\t\t<\/div>\n\t\t<\/section>\n\t\t\t\t<section class=\"elementor-section elementor-top-section elementor-element elementor-element-a792d32 elementor-section-boxed elementor-section-height-default elementor-section-height-default\" data-id=\"a792d32\" data-element_type=\"section\">\n\t\t\t\t\t\t<div class=\"elementor-container elementor-column-gap-default\">\n\t\t\t\t\t<div class=\"elementor-column elementor-col-100 elementor-top-column elementor-element elementor-element-832b3a3\" data-id=\"832b3a3\" data-element_type=\"column\">\n\t\t\t<div class=\"elementor-widget-wrap elementor-element-populated\">\n\t\t\t\t\t\t<div class=\"elementor-element elementor-element-d3d157a elementor-widget elementor-widget-heading\" data-id=\"d3d157a\" data-element_type=\"widget\" data-widget_type=\"heading.default\">\n\t\t\t\t<div class=\"elementor-widget-container\">\n\t\t\t<h2 class=\"elementor-heading-title elementor-size-default\">Valor a\u00f1adido de API<\/h2>\t\t<\/div>\n\t\t\t\t<\/div>\n\t\t\t\t<div class=\"elementor-element elementor-element-00959a4 elementor-invisible elementor-widget elementor-widget-text-editor\" data-id=\"00959a4\" data-element_type=\"widget\" data-settings=\"{&quot;_animation&quot;:&quot;fadeInRight&quot;}\" data-widget_type=\"text-editor.default\">\n\t\t\t\t<div class=\"elementor-widget-container\">\n\t\t\t\t\t\t\tOur flexible approach and our deep knowledge in sustainability for household goods allows us to offer solutions and trainings adapted to your specific requests and in your own language.\t\t\t\t\t\t<\/div>\n\t\t\t\t<\/div>\n\t\t\t\t\t<\/div>\n\t\t<\/div>\n\t\t\t\t\t<\/div>\n\t\t<\/section>\n\t\t\t\t<\/div>","protected":false},"excerpt":{"rendered":"<p>Our experts on sustainability solutions for household goods can help you gain sustainability knowledge on the key topics related to your product categories. What are the main benefits? Increased productivity and decreased costs thanks to the implementation of better practices and the training of your teams and partners Improved Corporate Culture with the adoption of [&hellip;]<\/p>","protected":false},"author":1,"featured_media":0,"parent":0,"menu_order":0,"comment_status":"closed","ping_status":"closed","template":"elementor_header_footer","meta":{"footnotes":""},"class_list":["post-2168","page","type-page","status-publish","hentry"],"yoast_head":"<!-- This site is optimized with the Yoast SEO Premium plugin v22.5 (Yoast SEO v22.5) - https:\/\/yoast.com\/wordpress\/plugins\/seo\/ -->\n<title>Hardgoods Training Resources Centre<\/title>\n<meta name=\"description\" content=\"Hardgoods Training Resources Centre: API&#039;s experts can help you gain knowledge in sustainability for household goods \/ for your products.\" \/>\n<meta name=\"robots\" content=\"index, follow, max-snippet:-1, max-image-preview:large, max-video-preview:-1\" \/>\n<link rel=\"canonical\" href=\"https:\/\/www.api-hk.com\/es\/hardgoods-training-resources-centre\/\" \/>\n<meta property=\"og:locale\" content=\"es_ES\" \/>\n<meta property=\"og:type\" content=\"article\" \/>\n<meta property=\"og:title\" content=\"Hardgoods Training Resources Centre\" \/>\n<meta property=\"og:description\" content=\"Hardgoods Training Resources Centre: API&#039;s experts can help you gain knowledge in sustainability for household goods \/ for your products.\" \/>\n<meta property=\"og:url\" content=\"https:\/\/www.api-hk.com\/es\/hardgoods-training-resources-centre\/\" \/>\n<meta property=\"og:site_name\" content=\"API, The Household Goods and Toys Quality Experts\" \/>\n<meta property=\"article:modified_time\" content=\"2023-12-12T11:23:33+00:00\" \/>\n<meta property=\"og:image\" content=\"https:\/\/www.api-hk.com\/wp-content\/uploads\/2022\/06\/Hardgoods-Training-Resources-benefits-list.jpg\" \/>\n<script type=\"application\/ld+json\" class=\"yoast-schema-graph\">{\"@context\":\"https:\/\/schema.org\",\"@graph\":[{\"@type\":\"WebPage\",\"@id\":\"https:\/\/www.api-hk.com\/hardgoods-training-resources-centre\/\",\"url\":\"https:\/\/www.api-hk.com\/hardgoods-training-resources-centre\/\",\"name\":\"Hardgoods Training Resources Centre\",\"isPartOf\":{\"@id\":\"https:\/\/www.api-hk.com\/#website\"},\"primaryImageOfPage\":{\"@id\":\"https:\/\/www.api-hk.com\/hardgoods-training-resources-centre\/#primaryimage\"},\"image\":{\"@id\":\"https:\/\/www.api-hk.com\/hardgoods-training-resources-centre\/#primaryimage\"},\"thumbnailUrl\":\"https:\/\/www.api-hk.com\/wp-content\/uploads\/2022\/06\/Hardgoods-Training-Resources-benefits-list.jpg\",\"datePublished\":\"2022-06-08T11:51:38+00:00\",\"dateModified\":\"2023-12-12T11:23:33+00:00\",\"description\":\"Hardgoods Training Resources Centre: API's experts can help you gain knowledge in sustainability for household goods \/ for your products.\",\"breadcrumb\":{\"@id\":\"https:\/\/www.api-hk.com\/hardgoods-training-resources-centre\/#breadcrumb\"},\"inLanguage\":\"es\",\"potentialAction\":[{\"@type\":\"ReadAction\",\"target\":[\"https:\/\/www.api-hk.com\/hardgoods-training-resources-centre\/\"]}]},{\"@type\":\"ImageObject\",\"inLanguage\":\"es\",\"@id\":\"https:\/\/www.api-hk.com\/hardgoods-training-resources-centre\/#primaryimage\",\"url\":\"https:\/\/www.api-hk.com\/wp-content\/uploads\/2022\/06\/Hardgoods-Training-Resources-benefits-list.jpg\",\"contentUrl\":\"https:\/\/www.api-hk.com\/wp-content\/uploads\/2022\/06\/Hardgoods-Training-Resources-benefits-list.jpg\"},{\"@type\":\"BreadcrumbList\",\"@id\":\"https:\/\/www.api-hk.com\/hardgoods-training-resources-centre\/#breadcrumb\",\"itemListElement\":[{\"@type\":\"ListItem\",\"position\":1,\"name\":\"Home\",\"item\":\"https:\/\/www.api-hk.com\/\"},{\"@type\":\"ListItem\",\"position\":2,\"name\":\"Hardgoods Training Resources Centre\"}]},{\"@type\":\"WebSite\",\"@id\":\"https:\/\/www.api-hk.com\/#website\",\"url\":\"https:\/\/www.api-hk.com\/\",\"name\":\"API, The Household Goods and Toys Quality Experts\",\"description\":\"Quality management solutions for household goods and toys\",\"publisher\":{\"@id\":\"https:\/\/www.api-hk.com\/#organization\"},\"potentialAction\":[{\"@type\":\"SearchAction\",\"target\":{\"@type\":\"EntryPoint\",\"urlTemplate\":\"https:\/\/www.api-hk.com\/?s={search_term_string}\"},\"query-input\":\"required name=search_term_string\"}],\"inLanguage\":\"es\"},{\"@type\":\"Organization\",\"@id\":\"https:\/\/www.api-hk.com\/#organization\",\"name\":\"API, The Household Goods and Toys Quality Experts\",\"url\":\"https:\/\/www.api-hk.com\/\",\"logo\":{\"@type\":\"ImageObject\",\"inLanguage\":\"es\",\"@id\":\"https:\/\/www.api-hk.com\/#\/schema\/logo\/image\/\",\"url\":\"https:\/\/www.api-hk.com\/wp-content\/uploads\/2023\/06\/ALL-LOGO-API-NEW-BASE-LINE-EXE-color-scaled-1.jpeg\",\"contentUrl\":\"https:\/\/www.api-hk.com\/wp-content\/uploads\/2023\/06\/ALL-LOGO-API-NEW-BASE-LINE-EXE-color-scaled-1.jpeg\",\"width\":2560,\"height\":704,\"caption\":\"API, The Household Goods and Toys Quality Experts\"},\"image\":{\"@id\":\"https:\/\/www.api-hk.com\/#\/schema\/logo\/image\/\"},\"sameAs\":[\"https:\/\/www.youtube.com\/channel\/UCt1TMbm4WdCJnCknRFmmBSw\",\"https:\/\/www.linkedin.com\/company\/asia-pacific-inspection-ltd-\/\"]}]}<\/script>\n<!-- \/ Yoast SEO Premium plugin. -->","yoast_head_json":{"title":"Centro de recursos de formaci\u00f3n para art\u00edculos duraderos","description":"Hardgoods Training Resources Centre: API's experts can help you gain knowledge in sustainability for household goods \/ for your products.","robots":{"index":"index","follow":"follow","max-snippet":"max-snippet:-1","max-image-preview":"max-image-preview:large","max-video-preview":"max-video-preview:-1"},"canonical":"https:\/\/www.api-hk.com\/es\/hardgoods-training-resources-centre\/","og_locale":"es_ES","og_type":"article","og_title":"Hardgoods Training Resources Centre","og_description":"Hardgoods Training Resources Centre: API's experts can help you gain knowledge in sustainability for household goods \/ for your products.","og_url":"https:\/\/www.api-hk.com\/es\/hardgoods-training-resources-centre\/","og_site_name":"API, The Household Goods and Toys Quality Experts","article_modified_time":"2023-12-12T11:23:33+00:00","og_image":[{"url":"https:\/\/www.api-hk.com\/wp-content\/uploads\/2022\/06\/Hardgoods-Training-Resources-benefits-list.jpg"}],"schema":{"@context":"https:\/\/schema.org","@graph":[{"@type":"WebPage","@id":"https:\/\/www.api-hk.com\/hardgoods-training-resources-centre\/","url":"https:\/\/www.api-hk.com\/hardgoods-training-resources-centre\/","name":"Centro de recursos de formaci\u00f3n para art\u00edculos duraderos","isPartOf":{"@id":"https:\/\/www.api-hk.com\/#website"},"primaryImageOfPage":{"@id":"https:\/\/www.api-hk.com\/hardgoods-training-resources-centre\/#primaryimage"},"image":{"@id":"https:\/\/www.api-hk.com\/hardgoods-training-resources-centre\/#primaryimage"},"thumbnailUrl":"https:\/\/www.api-hk.com\/wp-content\/uploads\/2022\/06\/Hardgoods-Training-Resources-benefits-list.jpg","datePublished":"2022-06-08T11:51:38+00:00","dateModified":"2023-12-12T11:23:33+00:00","description":"Hardgoods Training Resources Centre: API's experts can help you gain knowledge in sustainability for household goods \/ for your products.","breadcrumb":{"@id":"https:\/\/www.api-hk.com\/hardgoods-training-resources-centre\/#breadcrumb"},"inLanguage":"es","potentialAction":[{"@type":"ReadAction","target":["https:\/\/www.api-hk.com\/hardgoods-training-resources-centre\/"]}]},{"@type":"ImageObject","inLanguage":"es","@id":"https:\/\/www.api-hk.com\/hardgoods-training-resources-centre\/#primaryimage","url":"https:\/\/www.api-hk.com\/wp-content\/uploads\/2022\/06\/Hardgoods-Training-Resources-benefits-list.jpg","contentUrl":"https:\/\/www.api-hk.com\/wp-content\/uploads\/2022\/06\/Hardgoods-Training-Resources-benefits-list.jpg"},{"@type":"BreadcrumbList","@id":"https:\/\/www.api-hk.com\/hardgoods-training-resources-centre\/#breadcrumb","itemListElement":[{"@type":"ListItem","position":1,"name":"Home","item":"https:\/\/www.api-hk.com\/"},{"@type":"ListItem","position":2,"name":"Hardgoods Training Resources Centre"}]},{"@type":"WebSite","@id":"https:\/\/www.api-hk.com\/#website","url":"https:\/\/www.api-hk.com\/","name":"API, Los Expertos en Calidad de Art\u00edculos para el Hogar y Juguetes","description":"Soluciones de gesti\u00f3n de calidad para art\u00edculos del hogar y juguetes","publisher":{"@id":"https:\/\/www.api-hk.com\/#organization"},"potentialAction":[{"@type":"SearchAction","target":{"@type":"EntryPoint","urlTemplate":"https:\/\/www.api-hk.com\/?s={search_term_string}"},"query-input":"required name=search_term_string"}],"inLanguage":"es"},{"@type":"Organization","@id":"https:\/\/www.api-hk.com\/#organization","name":"API, Los Expertos en Calidad de Art\u00edculos para el Hogar y Juguetes","url":"https:\/\/www.api-hk.com\/","logo":{"@type":"ImageObject","inLanguage":"es","@id":"https:\/\/www.api-hk.com\/#\/schema\/logo\/image\/","url":"https:\/\/www.api-hk.com\/wp-content\/uploads\/2023\/06\/ALL-LOGO-API-NEW-BASE-LINE-EXE-color-scaled-1.jpeg","contentUrl":"https:\/\/www.api-hk.com\/wp-content\/uploads\/2023\/06\/ALL-LOGO-API-NEW-BASE-LINE-EXE-color-scaled-1.jpeg","width":2560,"height":704,"caption":"API, The Household Goods and Toys Quality Experts"},"image":{"@id":"https:\/\/www.api-hk.com\/#\/schema\/logo\/image\/"},"sameAs":["https:\/\/www.youtube.com\/channel\/UCt1TMbm4WdCJnCknRFmmBSw","https:\/\/www.linkedin.com\/company\/asia-pacific-inspection-ltd-\/"]}]}},"_links":{"self":[{"href":"https:\/\/www.api-hk.com\/es\/wp-json\/wp\/v2\/pages\/2168","targetHints":{"allow":["GET"]}}],"collection":[{"href":"https:\/\/www.api-hk.com\/es\/wp-json\/wp\/v2\/pages"}],"about":[{"href":"https:\/\/www.api-hk.com\/es\/wp-json\/wp\/v2\/types\/page"}],"author":[{"embeddable":true,"href":"https:\/\/www.api-hk.com\/es\/wp-json\/wp\/v2\/users\/1"}],"replies":[{"embeddable":true,"href":"https:\/\/www.api-hk.com\/es\/wp-json\/wp\/v2\/comments?post=2168"}],"version-history":[{"count":0,"href":"https:\/\/www.api-hk.com\/es\/wp-json\/wp\/v2\/pages\/2168\/revisions"}],"wp:attachment":[{"href":"https:\/\/www.api-hk.com\/es\/wp-json\/wp\/v2\/media?parent=2168"}],"curies":[{"name":"wp","href":"https:\/\/api.w.org\/{rel}","templated":true}]}}