{"id":2060,"date":"2022-06-08T10:02:10","date_gmt":"2022-06-08T10:02:10","guid":{"rendered":"https:\/\/api-hk.com\/?page_id=2060"},"modified":"2023-12-12T11:09:43","modified_gmt":"2023-12-12T11:09:43","slug":"chemical-testing-for-household-goods","status":"publish","type":"page","link":"https:\/\/www.api-hk.com\/es\/chemical-testing-for-household-goods\/","title":{"rendered":"Pruebas qu\u00edmicas para art\u00edculos del hogar"},"content":{"rendered":"<div data-elementor-type=\"wp-page\" data-elementor-id=\"2060\" class=\"elementor elementor-2060\">\n\t\t\t\t\t\t<section class=\"elementor-section elementor-top-section elementor-element elementor-element-b885646 elementor-section-content-middle custom_sub_header sec-banner elementor-section-boxed elementor-section-height-default elementor-section-height-default\" data-id=\"b885646\" data-element_type=\"section\" data-settings=\"{&quot;background_background&quot;:&quot;classic&quot;}\">\n\t\t\t\t\t\t<div class=\"elementor-container elementor-column-gap-default\">\n\t\t\t\t\t<div class=\"elementor-column elementor-col-100 elementor-top-column elementor-element elementor-element-2b31a7a\" data-id=\"2b31a7a\" data-element_type=\"column\">\n\t\t\t<div class=\"elementor-widget-wrap elementor-element-populated\">\n\t\t\t\t\t\t<div class=\"elementor-element elementor-element-300f894 elementor-widget elementor-widget-shortcode\" data-id=\"300f894\" data-element_type=\"widget\" data-widget_type=\"shortcode.default\">\n\t\t\t\t<div class=\"elementor-widget-container\">\n\t\t\t\t\t<div class=\"elementor-shortcode\"><h1 class=\"sub_header_title\">Pruebas qu\u00edmicas para art\u00edculos del hogar<\/h1><\/div>\n\t\t\t\t<\/div>\n\t\t\t\t<\/div>\n\t\t\t\t\t<\/div>\n\t\t<\/div>\n\t\t\t\t\t<\/div>\n\t\t<\/section>\n\t\t\t\t<section class=\"elementor-section elementor-top-section elementor-element elementor-element-673bec9 elementor-section-content-middle custom_bread_ elementor-section-boxed elementor-section-height-default elementor-section-height-default\" data-id=\"673bec9\" data-element_type=\"section\" data-settings=\"{&quot;background_background&quot;:&quot;classic&quot;}\">\n\t\t\t\t\t\t\t<div class=\"elementor-background-overlay\"><\/div>\n\t\t\t\t\t\t\t<div class=\"elementor-container elementor-column-gap-default\">\n\t\t\t\t\t<div class=\"elementor-column elementor-col-100 elementor-top-column elementor-element elementor-element-8604d05\" data-id=\"8604d05\" data-element_type=\"column\">\n\t\t\t<div class=\"elementor-widget-wrap elementor-element-populated\">\n\t\t\t\t\t\t<div class=\"elementor-element elementor-element-958afce elementor-widget elementor-widget-shortcode\" data-id=\"958afce\" data-element_type=\"widget\" data-widget_type=\"shortcode.default\">\n\t\t\t\t<div class=\"elementor-widget-container\">\n\t\t\t<div class='breadcrumb_list'><a href=\"https:\/\/www.api-hk.com\/es\" >Inicio<\/a><\/div>\t\t<div class=\"elementor-shortcode\"><\/div>\n\t\t\t\t<\/div>\n\t\t\t\t<\/div>\n\t\t\t\t\t<\/div>\n\t\t<\/div>\n\t\t\t\t\t<\/div>\n\t\t<\/section>\n\t\t\t\t<section class=\"elementor-section elementor-top-section elementor-element elementor-element-fd16d07 FTA-sec1 elementor-section-boxed elementor-section-height-default elementor-section-height-default\" data-id=\"fd16d07\" data-element_type=\"section\" data-settings=\"{&quot;background_background&quot;:&quot;classic&quot;}\">\n\t\t\t\t\t\t\t<div class=\"elementor-background-overlay\"><\/div>\n\t\t\t\t\t\t\t<div class=\"elementor-container elementor-column-gap-default\">\n\t\t\t\t\t<div class=\"elementor-column elementor-col-50 elementor-top-column elementor-element elementor-element-4a0a59d\" data-id=\"4a0a59d\" data-element_type=\"column\">\n\t\t\t<div class=\"elementor-widget-wrap elementor-element-populated\">\n\t\t\t\t\t\t<div class=\"elementor-element elementor-element-ebfdda5 sec-1_img animated-slow elementor-invisible elementor-widget elementor-widget-image\" data-id=\"ebfdda5\" data-element_type=\"widget\" data-settings=\"{&quot;_animation&quot;:&quot;fadeInLeft&quot;}\" data-widget_type=\"image.default\">\n\t\t\t\t<div class=\"elementor-widget-container\">\n\t\t\t<style>\/*! elementor - v3.21.0 - 18-04-2024 *\/\n.elementor-widget-image{text-align:center}.elementor-widget-image a{display:inline-block}.elementor-widget-image a img[src$=\".svg\"]{width:48px}.elementor-widget-image img{vertical-align:middle;display:inline-block}<\/style>\t\t\t\t\t\t\t\t\t\t<img fetchpriority=\"high\" decoding=\"async\" width=\"580\" height=\"345\" src=\"https:\/\/www.api-hk.com\/wp-content\/uploads\/2022\/06\/Assessing-the-Presence-of-Unwanted-Compounds.jpg\" class=\"attachment-large size-large wp-image-2065\" alt=\"Assessing the presence of unwanted compounds\" \/>\t\t\t\t\t\t\t\t\t\t\t\t\t<\/div>\n\t\t\t\t<\/div>\n\t\t\t\t\t<\/div>\n\t\t<\/div>\n\t\t\t\t<div class=\"elementor-column elementor-col-50 elementor-top-column elementor-element elementor-element-2365bc2\" data-id=\"2365bc2\" data-element_type=\"column\">\n\t\t\t<div class=\"elementor-widget-wrap elementor-element-populated\">\n\t\t\t\t\t\t<div class=\"elementor-element elementor-element-bde1b5d elementor-widget__width-initial section-para-2 elementor-widget elementor-widget-text-editor\" data-id=\"bde1b5d\" data-element_type=\"widget\" data-widget_type=\"text-editor.default\">\n\t\t\t\t<div class=\"elementor-widget-container\">\n\t\t\t<style>\/*! elementor - v3.21.0 - 18-04-2024 *\/\n.elementor-widget-text-editor.elementor-drop-cap-view-stacked .elementor-drop-cap{background-color:#69727d;color:#fff}.elementor-widget-text-editor.elementor-drop-cap-view-framed .elementor-drop-cap{color:#69727d;border:3px solid;background-color:transparent}.elementor-widget-text-editor:not(.elementor-drop-cap-view-default) .elementor-drop-cap{margin-top:8px}.elementor-widget-text-editor:not(.elementor-drop-cap-view-default) .elementor-drop-cap-letter{width:1em;height:1em}.elementor-widget-text-editor .elementor-drop-cap{float:left;text-align:center;line-height:1;font-size:50px}.elementor-widget-text-editor .elementor-drop-cap-letter{display:inline-block}<\/style>\t\t\t\t<h2>Evaluamos la presencia de compuestos o elementos no deseados y el cumplimiento de las normativas del mercado de destino.<\/h2>\t\t\t\t\t\t<\/div>\n\t\t\t\t<\/div>\n\t\t\t\t<div class=\"elementor-element elementor-element-7f89d70 service-para-1 animated-slow elementor-invisible elementor-widget elementor-widget-text-editor\" data-id=\"7f89d70\" data-element_type=\"widget\" data-settings=\"{&quot;_animation&quot;:&quot;fadeInRight&quot;}\" data-widget_type=\"text-editor.default\">\n\t\t\t\t<div class=\"elementor-widget-container\">\n\t\t\t\t\t\t\t<p>API ofrece ensayos qu\u00edmicos completos para art\u00edculos del hogar en nuestros laboratorios de Asia y Europa, con el fin de evaluar la calidad de tus productos y garantizar su conformidad con las normas y regulaciones de los mercados de destino.<\/p><p>Ten en cuenta que la lista de ensayos qu\u00edmicos que se presenta a continuaci\u00f3n no es exhaustiva; consulta la categor\u00eda espec\u00edfica de tu producto para conocer todos los an\u00e1lisis relevantes que podemos ofrecerte.<\/p>\t\t\t\t\t\t<\/div>\n\t\t\t\t<\/div>\n\t\t\t\t\t<\/div>\n\t\t<\/div>\n\t\t\t\t\t<\/div>\n\t\t<\/section>\n\t\t\t\t<section class=\"elementor-section elementor-top-section elementor-element elementor-element-37f0d9c FTA-sec2 elementor-section-boxed elementor-section-height-default elementor-section-height-default\" data-id=\"37f0d9c\" data-element_type=\"section\" data-settings=\"{&quot;background_background&quot;:&quot;classic&quot;}\">\n\t\t\t\t\t\t<div class=\"elementor-container elementor-column-gap-default\">\n\t\t\t\t\t<div class=\"elementor-column elementor-col-50 elementor-top-column elementor-element elementor-element-7d0cb75 animated-slow elementor-invisible\" data-id=\"7d0cb75\" data-element_type=\"column\" data-settings=\"{&quot;background_background&quot;:&quot;classic&quot;,&quot;animation&quot;:&quot;fadeInLeft&quot;}\">\n\t\t\t<div class=\"elementor-widget-wrap elementor-element-populated\">\n\t\t\t\t\t\t<div class=\"elementor-element elementor-element-c2a2c80 elementor-widget__width-initial section-para-2 elementor-widget elementor-widget-text-editor\" data-id=\"c2a2c80\" data-element_type=\"widget\" data-widget_type=\"text-editor.default\">\n\t\t\t\t<div class=\"elementor-widget-container\">\n\t\t\t\t\t\t\t<h2>Beneficios de los ensayos qu\u00edmicos<\/h2>\t\t\t\t\t\t<\/div>\n\t\t\t\t<\/div>\n\t\t\t\t<div class=\"elementor-element elementor-element-13b2c73 section-para2-list elementor-widget elementor-widget-text-editor\" data-id=\"13b2c73\" data-element_type=\"widget\" data-widget_type=\"text-editor.default\">\n\t\t\t\t<div class=\"elementor-widget-container\">\n\t\t\t\t\t\t\t<p>La gesti\u00f3n de la insatisfacci\u00f3n del cliente, la sustituci\u00f3n de productos y las reclamaciones en garant\u00eda pueden tener un impacto significativo en los beneficios, adem\u00e1s de atraer una atenci\u00f3n negativa no deseada.\nPor ello, al realizar ensayos qu\u00edmicos en tus productos antes de su env\u00edo, reduces el riesgo de que no cumplan con las normativas del mercado de destino.<\/p>\t\t\t\t\t\t<\/div>\n\t\t\t\t<\/div>\n\t\t\t\t\t<\/div>\n\t\t<\/div>\n\t\t\t\t<div class=\"elementor-column elementor-col-50 elementor-top-column elementor-element elementor-element-5656183\" data-id=\"5656183\" data-element_type=\"column\">\n\t\t\t<div class=\"elementor-widget-wrap elementor-element-populated\">\n\t\t\t\t\t\t<div class=\"elementor-element elementor-element-f41534e sec-2_img animated-slow elementor-invisible elementor-widget elementor-widget-image\" data-id=\"f41534e\" data-element_type=\"widget\" data-settings=\"{&quot;_animation&quot;:&quot;fadeInRight&quot;}\" data-widget_type=\"image.default\">\n\t\t\t\t<div class=\"elementor-widget-container\">\n\t\t\t\t\t\t\t\t\t\t\t\t\t<img decoding=\"async\" width=\"600\" height=\"208\" src=\"https:\/\/www.api-hk.com\/wp-content\/uploads\/2022\/06\/Benefits.jpg\" class=\"attachment-full size-full wp-image-2064\" alt=\"\" \/>\t\t\t\t\t\t\t\t\t\t\t\t\t<\/div>\n\t\t\t\t<\/div>\n\t\t\t\t\t<\/div>\n\t\t<\/div>\n\t\t\t\t\t<\/div>\n\t\t<\/section>\n\t\t\t\t<section class=\"elementor-section elementor-top-section elementor-element elementor-element-c866f2a FTA-sec1 elementor-section-boxed elementor-section-height-default elementor-section-height-default\" data-id=\"c866f2a\" data-element_type=\"section\" data-settings=\"{&quot;background_background&quot;:&quot;classic&quot;}\">\n\t\t\t\t\t\t\t<div class=\"elementor-background-overlay\"><\/div>\n\t\t\t\t\t\t\t<div class=\"elementor-container elementor-column-gap-default\">\n\t\t\t\t\t<div class=\"elementor-column elementor-col-50 elementor-top-column elementor-element elementor-element-1588f20\" data-id=\"1588f20\" data-element_type=\"column\">\n\t\t\t<div class=\"elementor-widget-wrap elementor-element-populated\">\n\t\t\t\t\t\t<div class=\"elementor-element elementor-element-ac7a62e sec-1_img animated-slow elementor-invisible elementor-widget elementor-widget-image\" data-id=\"ac7a62e\" data-element_type=\"widget\" data-settings=\"{&quot;_animation&quot;:&quot;fadeInLeft&quot;}\" data-widget_type=\"image.default\">\n\t\t\t\t<div class=\"elementor-widget-container\">\n\t\t\t\t\t\t\t\t\t\t\t\t\t<img decoding=\"async\" width=\"580\" height=\"888\" src=\"https:\/\/www.api-hk.com\/wp-content\/uploads\/2022\/06\/Chemical-Tests-Provided-By-API.jpg\" class=\"attachment-large size-large wp-image-2063\" alt=\"\" \/>\t\t\t\t\t\t\t\t\t\t\t\t\t<\/div>\n\t\t\t\t<\/div>\n\t\t\t\t\t<\/div>\n\t\t<\/div>\n\t\t\t\t<div class=\"elementor-column elementor-col-50 elementor-top-column elementor-element elementor-element-a919273 animated-slow elementor-invisible\" data-id=\"a919273\" data-element_type=\"column\" data-settings=\"{&quot;background_background&quot;:&quot;classic&quot;,&quot;animation&quot;:&quot;fadeInLeft&quot;}\">\n\t\t\t<div class=\"elementor-widget-wrap elementor-element-populated\">\n\t\t\t\t\t\t<div class=\"elementor-element elementor-element-a622e70 elementor-widget__width-initial section-para-2 elementor-widget elementor-widget-text-editor\" data-id=\"a622e70\" data-element_type=\"widget\" data-widget_type=\"text-editor.default\">\n\t\t\t\t<div class=\"elementor-widget-container\">\n\t\t\t\t\t\t\t<h2>Ensayos qu\u00edmicos ofrecidos por API<\/h2>\t\t\t\t\t\t<\/div>\n\t\t\t\t<\/div>\n\t\t\t\t<div class=\"elementor-element elementor-element-f756cbf section-para2-list elementor-widget elementor-widget-text-editor\" data-id=\"f756cbf\" data-element_type=\"widget\" data-widget_type=\"text-editor.default\">\n\t\t\t\t<div class=\"elementor-widget-container\">\n\t\t\t\t\t\t\t<ul><li>Norma europea de seguridad de juguetes: EN 71-3<\/li><li>REACH: Identificaci\u00f3n de Sustancias de Muy Alta Preocupaci\u00f3n (SVHC)<\/li><li>RoHS: uso del m\u00e9todo no destructivo XRF (fluorescencia de rayos X)<\/li><li>Comisi\u00f3n de Seguridad de Productos del Consumidor de EE. UU.: pintura con plomo<\/li><\/ul><p>\u00a0<\/p><ul><li>Ensayos de compuestos org\u00e1nicos:<br \/>Colorantes azoicos (2002\/61\/CE)<br \/>Contenido de ftalatos (2005\/84\/CE)<br \/>Contenido de PCP<br \/>Contenidos de PBBs y PBDEs<br \/>Formaldeh\u00eddo<\/li><\/ul><ul><li>Ensayos de metales pesados:<br \/>Contenido de cadmio (91\/338\/CEE)<br \/>Ensayo de envases (94\/62\/CE)<br \/>Contenido total de n\u00edquel<br \/>Liberaci\u00f3n de n\u00edquel (EN 1811)<br \/>Contenido de cromo VI<br \/><br \/>Otros an\u00e1lisis de metales totales<\/li><\/ul><ul><li><a href=\"https:\/\/www.api-hk.com\/es\/soluciones-para-ensayos-en-contacto-con-alimentos\/\">Ensayos para contacto alimentario:<\/a>:<br \/>Decreto franc\u00e9s sobre contacto alimentario (92-631 \/ 2004-64)<br \/>Ensayo de migraci\u00f3n global en pl\u00e1sticos (2002\/72\/CE)<br \/>Plomo y cadmio lixiviables (84\/500\/CEE, FDA)<\/li><\/ul>\t\t\t\t\t\t<\/div>\n\t\t\t\t<\/div>\n\t\t\t\t\t<\/div>\n\t\t<\/div>\n\t\t\t\t\t<\/div>\n\t\t<\/section>\n\t\t\t\t<section class=\"elementor-section elementor-top-section elementor-element elementor-element-3fc5864 elementor-section-boxed elementor-section-height-default elementor-section-height-default\" data-id=\"3fc5864\" data-element_type=\"section\">\n\t\t\t\t\t\t<div class=\"elementor-container elementor-column-gap-default\">\n\t\t\t\t\t<div class=\"elementor-column elementor-col-100 elementor-top-column elementor-element elementor-element-9471043\" data-id=\"9471043\" data-element_type=\"column\">\n\t\t\t<div class=\"elementor-widget-wrap elementor-element-populated\">\n\t\t\t\t\t\t<div class=\"elementor-element elementor-element-d0d15ec elementor-widget elementor-widget-text-editor\" data-id=\"d0d15ec\" data-element_type=\"widget\" data-widget_type=\"text-editor.default\">\n\t\t\t\t<div class=\"elementor-widget-container\">\n\t\t\t\t\t\t\t<p>Las normativas para productos de consumo son extremadamente estrictas, especialmente en el mercado europeo. Los minoristas y distribuidores deben garantizar que sus productos cumplan constantemente con estos est\u00e1ndares. Cada semana, la base de datos <a href=\"https:\/\/ec.europa.eu\/safety-gate-alerts\/screen\/webReport\">RAPEX (Sistema Europeo de Alerta R\u00e1pida para Productos Peligrosos)<\/a> de la Uni\u00f3n Europea publica los productos que han sido identificados y retirados del mercado europeo por no cumplir con dichos requisitos.<\/p>\t\t\t\t\t\t<\/div>\n\t\t\t\t<\/div>\n\t\t\t\t\t<\/div>\n\t\t<\/div>\n\t\t\t\t\t<\/div>\n\t\t<\/section>\n\t\t\t\t<\/div>","protected":false},"excerpt":{"rendered":"<p>Assessing the presence of unwanted compounds or elements and meeting the destination market standards API provides comprehensive chemical testing for household goods at our laboratories in Asia and Europe in order to evaluate the quality of your products and guarantee conformity to the standards and regulations of their destination markets. Please note that the list [&hellip;]<\/p>","protected":false},"author":1,"featured_media":0,"parent":0,"menu_order":0,"comment_status":"closed","ping_status":"closed","template":"elementor_header_footer","meta":{"footnotes":""},"class_list":["post-2060","page","type-page","status-publish","hentry"],"yoast_head":"<!-- This site is optimized with the Yoast SEO Premium plugin v22.5 (Yoast SEO v22.5) - https:\/\/yoast.com\/wordpress\/plugins\/seo\/ -->\n<title>Chemical Testing for Household Goods<\/title>\n<meta name=\"description\" content=\"Chemical Testing for Household Goods: assessing the presence of unwanted compounds and meeting the destination market standards.\" \/>\n<meta name=\"robots\" content=\"index, follow, max-snippet:-1, max-image-preview:large, max-video-preview:-1\" \/>\n<link rel=\"canonical\" href=\"https:\/\/www.api-hk.com\/es\/chemical-testing-for-household-goods\/\" \/>\n<meta property=\"og:locale\" content=\"es_ES\" \/>\n<meta property=\"og:type\" content=\"article\" \/>\n<meta property=\"og:title\" content=\"Chemical Testing for Household Goods\" \/>\n<meta property=\"og:description\" content=\"Chemical Testing for Household Goods: assessing the presence of unwanted compounds and meeting the destination market standards.\" \/>\n<meta property=\"og:url\" content=\"https:\/\/www.api-hk.com\/es\/chemical-testing-for-household-goods\/\" \/>\n<meta property=\"og:site_name\" content=\"API, The Household Goods and Toys Quality Experts\" \/>\n<meta property=\"article:modified_time\" content=\"2023-12-12T11:09:43+00:00\" \/>\n<meta property=\"og:image\" content=\"https:\/\/www.api-hk.com\/wp-content\/uploads\/2022\/06\/Assessing-the-Presence-of-Unwanted-Compounds.jpg\" \/>\n<script type=\"application\/ld+json\" class=\"yoast-schema-graph\">{\"@context\":\"https:\/\/schema.org\",\"@graph\":[{\"@type\":\"WebPage\",\"@id\":\"https:\/\/www.api-hk.com\/chemical-testing-for-household-goods\/\",\"url\":\"https:\/\/www.api-hk.com\/chemical-testing-for-household-goods\/\",\"name\":\"Chemical Testing for Household Goods\",\"isPartOf\":{\"@id\":\"https:\/\/www.api-hk.com\/#website\"},\"primaryImageOfPage\":{\"@id\":\"https:\/\/www.api-hk.com\/chemical-testing-for-household-goods\/#primaryimage\"},\"image\":{\"@id\":\"https:\/\/www.api-hk.com\/chemical-testing-for-household-goods\/#primaryimage\"},\"thumbnailUrl\":\"https:\/\/www.api-hk.com\/wp-content\/uploads\/2022\/06\/Assessing-the-Presence-of-Unwanted-Compounds.jpg\",\"datePublished\":\"2022-06-08T10:02:10+00:00\",\"dateModified\":\"2023-12-12T11:09:43+00:00\",\"description\":\"Chemical Testing for Household Goods: assessing the presence of unwanted compounds and meeting the destination market standards.\",\"breadcrumb\":{\"@id\":\"https:\/\/www.api-hk.com\/chemical-testing-for-household-goods\/#breadcrumb\"},\"inLanguage\":\"es\",\"potentialAction\":[{\"@type\":\"ReadAction\",\"target\":[\"https:\/\/www.api-hk.com\/chemical-testing-for-household-goods\/\"]}]},{\"@type\":\"ImageObject\",\"inLanguage\":\"es\",\"@id\":\"https:\/\/www.api-hk.com\/chemical-testing-for-household-goods\/#primaryimage\",\"url\":\"https:\/\/www.api-hk.com\/wp-content\/uploads\/2022\/06\/Assessing-the-Presence-of-Unwanted-Compounds.jpg\",\"contentUrl\":\"https:\/\/www.api-hk.com\/wp-content\/uploads\/2022\/06\/Assessing-the-Presence-of-Unwanted-Compounds.jpg\"},{\"@type\":\"BreadcrumbList\",\"@id\":\"https:\/\/www.api-hk.com\/chemical-testing-for-household-goods\/#breadcrumb\",\"itemListElement\":[{\"@type\":\"ListItem\",\"position\":1,\"name\":\"Home\",\"item\":\"https:\/\/www.api-hk.com\/\"},{\"@type\":\"ListItem\",\"position\":2,\"name\":\"Chemical Testing for Household Goods\"}]},{\"@type\":\"WebSite\",\"@id\":\"https:\/\/www.api-hk.com\/#website\",\"url\":\"https:\/\/www.api-hk.com\/\",\"name\":\"API, The Household Goods and Toys Quality Experts\",\"description\":\"Quality management solutions for household goods and toys\",\"publisher\":{\"@id\":\"https:\/\/www.api-hk.com\/#organization\"},\"potentialAction\":[{\"@type\":\"SearchAction\",\"target\":{\"@type\":\"EntryPoint\",\"urlTemplate\":\"https:\/\/www.api-hk.com\/?s={search_term_string}\"},\"query-input\":\"required name=search_term_string\"}],\"inLanguage\":\"es\"},{\"@type\":\"Organization\",\"@id\":\"https:\/\/www.api-hk.com\/#organization\",\"name\":\"API, The Household Goods and Toys Quality Experts\",\"url\":\"https:\/\/www.api-hk.com\/\",\"logo\":{\"@type\":\"ImageObject\",\"inLanguage\":\"es\",\"@id\":\"https:\/\/www.api-hk.com\/#\/schema\/logo\/image\/\",\"url\":\"https:\/\/www.api-hk.com\/wp-content\/uploads\/2023\/06\/ALL-LOGO-API-NEW-BASE-LINE-EXE-color-scaled-1.jpeg\",\"contentUrl\":\"https:\/\/www.api-hk.com\/wp-content\/uploads\/2023\/06\/ALL-LOGO-API-NEW-BASE-LINE-EXE-color-scaled-1.jpeg\",\"width\":2560,\"height\":704,\"caption\":\"API, The Household Goods and Toys Quality Experts\"},\"image\":{\"@id\":\"https:\/\/www.api-hk.com\/#\/schema\/logo\/image\/\"},\"sameAs\":[\"https:\/\/www.youtube.com\/channel\/UCt1TMbm4WdCJnCknRFmmBSw\",\"https:\/\/www.linkedin.com\/company\/asia-pacific-inspection-ltd-\/\"]}]}<\/script>\n<!-- \/ Yoast SEO Premium plugin. -->","yoast_head_json":{"title":"Pruebas qu\u00edmicas para art\u00edculos del hogar","description":"Chemical Testing for Household Goods: assessing the presence of unwanted compounds and meeting the destination market standards.","robots":{"index":"index","follow":"follow","max-snippet":"max-snippet:-1","max-image-preview":"max-image-preview:large","max-video-preview":"max-video-preview:-1"},"canonical":"https:\/\/www.api-hk.com\/es\/chemical-testing-for-household-goods\/","og_locale":"es_ES","og_type":"article","og_title":"Chemical Testing for Household Goods","og_description":"Chemical Testing for Household Goods: assessing the presence of unwanted compounds and meeting the destination market standards.","og_url":"https:\/\/www.api-hk.com\/es\/chemical-testing-for-household-goods\/","og_site_name":"API, The Household Goods and Toys Quality Experts","article_modified_time":"2023-12-12T11:09:43+00:00","og_image":[{"url":"https:\/\/www.api-hk.com\/wp-content\/uploads\/2022\/06\/Assessing-the-Presence-of-Unwanted-Compounds.jpg"}],"schema":{"@context":"https:\/\/schema.org","@graph":[{"@type":"WebPage","@id":"https:\/\/www.api-hk.com\/chemical-testing-for-household-goods\/","url":"https:\/\/www.api-hk.com\/chemical-testing-for-household-goods\/","name":"Pruebas qu\u00edmicas para art\u00edculos del hogar","isPartOf":{"@id":"https:\/\/www.api-hk.com\/#website"},"primaryImageOfPage":{"@id":"https:\/\/www.api-hk.com\/chemical-testing-for-household-goods\/#primaryimage"},"image":{"@id":"https:\/\/www.api-hk.com\/chemical-testing-for-household-goods\/#primaryimage"},"thumbnailUrl":"https:\/\/www.api-hk.com\/wp-content\/uploads\/2022\/06\/Assessing-the-Presence-of-Unwanted-Compounds.jpg","datePublished":"2022-06-08T10:02:10+00:00","dateModified":"2023-12-12T11:09:43+00:00","description":"Chemical Testing for Household Goods: assessing the presence of unwanted compounds and meeting the destination market standards.","breadcrumb":{"@id":"https:\/\/www.api-hk.com\/chemical-testing-for-household-goods\/#breadcrumb"},"inLanguage":"es","potentialAction":[{"@type":"ReadAction","target":["https:\/\/www.api-hk.com\/chemical-testing-for-household-goods\/"]}]},{"@type":"ImageObject","inLanguage":"es","@id":"https:\/\/www.api-hk.com\/chemical-testing-for-household-goods\/#primaryimage","url":"https:\/\/www.api-hk.com\/wp-content\/uploads\/2022\/06\/Assessing-the-Presence-of-Unwanted-Compounds.jpg","contentUrl":"https:\/\/www.api-hk.com\/wp-content\/uploads\/2022\/06\/Assessing-the-Presence-of-Unwanted-Compounds.jpg"},{"@type":"BreadcrumbList","@id":"https:\/\/www.api-hk.com\/chemical-testing-for-household-goods\/#breadcrumb","itemListElement":[{"@type":"ListItem","position":1,"name":"Home","item":"https:\/\/www.api-hk.com\/"},{"@type":"ListItem","position":2,"name":"Chemical Testing for Household Goods"}]},{"@type":"WebSite","@id":"https:\/\/www.api-hk.com\/#website","url":"https:\/\/www.api-hk.com\/","name":"API, Los Expertos en Calidad de Art\u00edculos para el Hogar y Juguetes","description":"Soluciones de gesti\u00f3n de calidad para art\u00edculos del hogar y juguetes","publisher":{"@id":"https:\/\/www.api-hk.com\/#organization"},"potentialAction":[{"@type":"SearchAction","target":{"@type":"EntryPoint","urlTemplate":"https:\/\/www.api-hk.com\/?s={search_term_string}"},"query-input":"required name=search_term_string"}],"inLanguage":"es"},{"@type":"Organization","@id":"https:\/\/www.api-hk.com\/#organization","name":"API, Los Expertos en Calidad de Art\u00edculos para el Hogar y Juguetes","url":"https:\/\/www.api-hk.com\/","logo":{"@type":"ImageObject","inLanguage":"es","@id":"https:\/\/www.api-hk.com\/#\/schema\/logo\/image\/","url":"https:\/\/www.api-hk.com\/wp-content\/uploads\/2023\/06\/ALL-LOGO-API-NEW-BASE-LINE-EXE-color-scaled-1.jpeg","contentUrl":"https:\/\/www.api-hk.com\/wp-content\/uploads\/2023\/06\/ALL-LOGO-API-NEW-BASE-LINE-EXE-color-scaled-1.jpeg","width":2560,"height":704,"caption":"API, The Household Goods and Toys Quality Experts"},"image":{"@id":"https:\/\/www.api-hk.com\/#\/schema\/logo\/image\/"},"sameAs":["https:\/\/www.youtube.com\/channel\/UCt1TMbm4WdCJnCknRFmmBSw","https:\/\/www.linkedin.com\/company\/asia-pacific-inspection-ltd-\/"]}]}},"_links":{"self":[{"href":"https:\/\/www.api-hk.com\/es\/wp-json\/wp\/v2\/pages\/2060","targetHints":{"allow":["GET"]}}],"collection":[{"href":"https:\/\/www.api-hk.com\/es\/wp-json\/wp\/v2\/pages"}],"about":[{"href":"https:\/\/www.api-hk.com\/es\/wp-json\/wp\/v2\/types\/page"}],"author":[{"embeddable":true,"href":"https:\/\/www.api-hk.com\/es\/wp-json\/wp\/v2\/users\/1"}],"replies":[{"embeddable":true,"href":"https:\/\/www.api-hk.com\/es\/wp-json\/wp\/v2\/comments?post=2060"}],"version-history":[{"count":0,"href":"https:\/\/www.api-hk.com\/es\/wp-json\/wp\/v2\/pages\/2060\/revisions"}],"wp:attachment":[{"href":"https:\/\/www.api-hk.com\/es\/wp-json\/wp\/v2\/media?parent=2060"}],"curies":[{"name":"wp","href":"https:\/\/api.w.org\/{rel}","templated":true}]}}