{"id":1517,"date":"2022-06-04T08:59:19","date_gmt":"2022-06-04T08:59:19","guid":{"rendered":"https:\/\/api-hk.com\/?page_id=1517"},"modified":"2023-12-12T11:04:32","modified_gmt":"2023-12-12T11:04:32","slug":"soluciones-de-inspeccion-de-calidad-de-articulos-domesticos-faqs","status":"publish","type":"page","link":"https:\/\/www.api-hk.com\/es\/soluciones-de-inspeccion-de-calidad-de-articulos-domesticos-faqs\/","title":{"rendered":"Preguntas frecuentes sobre soluciones de inspecci\u00f3n de calidad de art\u00edculos dom\u00e9sticos"},"content":{"rendered":"<div data-elementor-type=\"wp-page\" data-elementor-id=\"1517\" class=\"elementor elementor-1517\">\n\t\t\t\t\t\t<section class=\"elementor-section elementor-top-section elementor-element elementor-element-b32e718 elementor-section-content-middle custom_sub_header sec-banner elementor-section-boxed elementor-section-height-default elementor-section-height-default\" data-id=\"b32e718\" data-element_type=\"section\" data-settings=\"{&quot;background_background&quot;:&quot;classic&quot;}\">\n\t\t\t\t\t\t<div class=\"elementor-container elementor-column-gap-default\">\n\t\t\t\t\t<div class=\"elementor-column elementor-col-100 elementor-top-column elementor-element elementor-element-006554f\" data-id=\"006554f\" data-element_type=\"column\">\n\t\t\t<div class=\"elementor-widget-wrap elementor-element-populated\">\n\t\t\t\t\t\t<div class=\"elementor-element elementor-element-ff4d449 elementor-widget elementor-widget-shortcode\" data-id=\"ff4d449\" data-element_type=\"widget\" data-widget_type=\"shortcode.default\">\n\t\t\t\t<div class=\"elementor-widget-container\">\n\t\t\t\t\t<div class=\"elementor-shortcode\"><h1 class=\"sub_header_title\">Preguntas frecuentes sobre soluciones de inspecci\u00f3n de calidad de art\u00edculos dom\u00e9sticos<\/h1><\/div>\n\t\t\t\t<\/div>\n\t\t\t\t<\/div>\n\t\t\t\t\t<\/div>\n\t\t<\/div>\n\t\t\t\t\t<\/div>\n\t\t<\/section>\n\t\t\t\t<section class=\"elementor-section elementor-top-section elementor-element elementor-element-80ceee5 elementor-section-content-middle custom_bread_ elementor-section-boxed elementor-section-height-default elementor-section-height-default\" data-id=\"80ceee5\" data-element_type=\"section\" data-settings=\"{&quot;background_background&quot;:&quot;classic&quot;}\">\n\t\t\t\t\t\t\t<div class=\"elementor-background-overlay\"><\/div>\n\t\t\t\t\t\t\t<div class=\"elementor-container elementor-column-gap-default\">\n\t\t\t\t\t<div class=\"elementor-column elementor-col-100 elementor-top-column elementor-element elementor-element-d82a301\" data-id=\"d82a301\" data-element_type=\"column\">\n\t\t\t<div class=\"elementor-widget-wrap elementor-element-populated\">\n\t\t\t\t\t\t<div class=\"elementor-element elementor-element-b1d67dd elementor-widget elementor-widget-shortcode\" data-id=\"b1d67dd\" data-element_type=\"widget\" data-widget_type=\"shortcode.default\">\n\t\t\t\t<div class=\"elementor-widget-container\">\n\t\t\t<div class='breadcrumb_list'><a href=\"https:\/\/www.api-hk.com\/es\" >Inicio<\/a><\/div>\t\t<div class=\"elementor-shortcode\"><\/div>\n\t\t\t\t<\/div>\n\t\t\t\t<\/div>\n\t\t\t\t\t<\/div>\n\t\t<\/div>\n\t\t\t\t\t<\/div>\n\t\t<\/section>\n\t\t\t\t<section class=\"elementor-section elementor-top-section elementor-element elementor-element-e443ea8 elementor-section-boxed elementor-section-height-default elementor-section-height-default\" data-id=\"e443ea8\" data-element_type=\"section\">\n\t\t\t\t\t\t<div class=\"elementor-container elementor-column-gap-default\">\n\t\t\t\t\t<div class=\"elementor-column elementor-col-100 elementor-top-column elementor-element elementor-element-802ddd8\" data-id=\"802ddd8\" data-element_type=\"column\">\n\t\t\t<div class=\"elementor-widget-wrap elementor-element-populated\">\n\t\t\t\t\t\t<div class=\"elementor-element elementor-element-30dcafd elementor-widget elementor-widget-eael-adv-accordion\" data-id=\"30dcafd\" data-element_type=\"widget\" data-widget_type=\"eael-adv-accordion.default\">\n\t\t\t\t<div class=\"elementor-widget-container\">\n\t\t\t        <div class=\"eael-adv-accordion\" id=\"eael-adv-accordion-30dcafd\" data-scroll-on-click=\"no\" data-scroll-speed=\"300\" data-accordion-id=\"30dcafd\" data-accordion-type=\"accordion\" data-toogle-speed=\"300\">\n    <div class=\"eael-accordion-list\">\n                <div id=\"how-much-notice-do-i-have-to-give-api-prior-to-inspection\" class=\"elementor-tab-title eael-accordion-header\" tabindex=\"0\" data-tab=\"1\" aria-controls=\"elementor-tab-content-5121\"><span class=\"eael-advanced-accordion-icon-closed\"><\/span><span class=\"eael-advanced-accordion-icon-opened\"><i aria-hidden=\"true\" class=\"fa-accordion-icon fas fa-minus\"><\/i><\/span><h5 class=\"eael-accordion-tab-title\">\u00bfCon cu\u00e1nta antelaci\u00f3n debo avisar a API antes de la inspecci\u00f3n?<\/h5><i aria-hidden=\"true\" class=\"fa-toggle fas fa-angle-right\"><\/i><\/div><div id=\"elementor-tab-content-5121\" class=\"eael-accordion-content clearfix\" data-tab=\"1\" aria-labelledby=\"how-much-notice-do-i-have-to-give-api-prior-to-inspection\"><p>API seleccionar\u00e1 un inspector con la experiencia adecuada al cliente y al producto. <a href=\"https:\/\/www.api-hk.com\/es\/soluciones-de-inspeccion-de-calidad-de-articulos-domesticos\/\">As\u00ed es el proceso.<\/a> API es una empresa flexible y podemos atender las peticiones de los clientes con mucha menos antelaci\u00f3n. Contacta con API para obtener m\u00e1s informaci\u00f3n.<\/p><\/div>\n                <\/div><div class=\"eael-accordion-list\">\n                <div id=\"how-fast-can-we-get-a-result\" class=\"elementor-tab-title eael-accordion-header\" tabindex=\"0\" data-tab=\"2\" aria-controls=\"elementor-tab-content-5122\"><span class=\"eael-advanced-accordion-icon-closed\"><\/span><span class=\"eael-advanced-accordion-icon-opened\"><i aria-hidden=\"true\" class=\"fa-accordion-icon fas fa-minus\"><\/i><\/span><h5 class=\"eael-accordion-tab-title\">\u00bfEn cu\u00e1nto tiempo podemos obtener un resultado?<\/h5><i aria-hidden=\"true\" class=\"fa-toggle fas fa-angle-right\"><\/i><\/div><div id=\"elementor-tab-content-5122\" class=\"eael-accordion-content clearfix\" data-tab=\"2\" aria-labelledby=\"how-fast-can-we-get-a-result\"><p>API garantiza que los informes mecanografiados se env\u00eden por correo electr\u00f3nico antes de las 18.00 horas del d\u00eda siguiente a la Inspecci\u00f3n, salvo en caso de circunstancias inevitables. Normalmente, es una buena pr\u00e1ctica asegurarse de que la f\u00e1brica finaliza la producci\u00f3n dos d\u00edas antes de cargar un contenedor para su env\u00edo. Sin embargo, debido a una mala planificaci\u00f3n o a la falta de espacio, las f\u00e1bricas pueden tener dificultades para conseguirlo. A menudo, los contenedores llegan en el momento en que la mercanc\u00eda est\u00e1 lista. Esto no deja mucho tiempo para inspecciones o resoluci\u00f3n de problemas. Los compradores deber\u00edan estipular un plazo de dos d\u00edas en sus condiciones de compra, ya que as\u00ed tienen la oportunidad de presentar un informe al comprador y tomar decisiones sobre el env\u00edo sin presiones indebidas de tiempo. En el caso de que la f\u00e1brica est\u00e9 mal gestionada y sea necesario disponer de un resultado lo antes posible, API puede proporcionar un Formulario de Resultado R\u00e1pido, que es el borrador manuscrito del inspector enviado por fax desde la f\u00e1brica y revisado brevemente por el directivo de Atenci\u00f3n al Cliente de API con sede en Hong Kong antes de enviarlo al cliente en un plazo de 2 horas desde la finalizaci\u00f3n de la inspecci\u00f3n.<\/p><\/div>\n                <\/div><div class=\"eael-accordion-list\">\n                <div id=\"using-external-resources-for-quality-control-seems-expensive-why-wouldnt-i-simply-hire-my-own-full-time-local-inspectors-instead-of-spending-this-amount-of-money\" class=\"elementor-tab-title eael-accordion-header\" tabindex=\"0\" data-tab=\"3\" aria-controls=\"elementor-tab-content-5123\"><span class=\"eael-advanced-accordion-icon-closed\"><\/span><span class=\"eael-advanced-accordion-icon-opened\"><i aria-hidden=\"true\" class=\"fa-accordion-icon fas fa-minus\"><\/i><\/span><h5 class=\"eael-accordion-tab-title\">El uso de recursos externos para el control de calidad parece caro. \u00bfPor qu\u00e9 no puedo contratar a mis propios inspectores locales a tiempo completo en lugar de gastar esta cantidad de dinero?<\/h5><i aria-hidden=\"true\" class=\"fa-toggle fas fa-angle-right\"><\/i><\/div><div id=\"elementor-tab-content-5123\" class=\"eael-accordion-content clearfix\" data-tab=\"3\" aria-labelledby=\"using-external-resources-for-quality-control-seems-expensive-why-wouldnt-i-simply-hire-my-own-full-time-local-inspectors-instead-of-spending-this-amount-of-money\"><p>A primera vista, nuestros honorarios pueden parecer caros, pero una vez que se tienen en cuenta todos los costes administrativos, la preparaci\u00f3n de listas de comprobaci\u00f3n, la verificaci\u00f3n de informes, as\u00ed como el amplio conocimiento de los productos, las bases de datos electr\u00f3nicas y la experiencia del personal, entonces este precio parece razonable. Si tu f\u00e1brica requiere un gran volumen de inspecciones, est\u00e1 sujeta a pocas variaciones estacionales y produce una gama reducida de bienes y vendes a una gama reducida de proveedores, puede tener sentido crear un equipo de inspectores in situ en China u otro lugar de Asia, pero ten en cuenta los costes ocultos de comunicaciones, gestores, registro de oficinas, impuestos, equipos y tiempo dedicado a la contrataci\u00f3n y formaci\u00f3n. API cuenta con una infraestructura ya existente y, gracias a las econom\u00edas de escala, el precio puede resultar bastante atractivo para los clientes de gran volumen, que apreciar\u00e1n las ventajas de la externalizaci\u00f3n en t\u00e9rminos de flexibilidad y de evitar los quebraderos de cabeza y agravios que conlleva la gesti\u00f3n diaria de un equipo de personal repartido por tantas ubicaciones distintas de la f\u00e1brica. Adem\u00e1s, la externalizaci\u00f3n ofrece la ventaja adicional de contar con un tercero independiente que formule opiniones objetivas e imparciales, sin interferencias internas.<\/p><\/div>\n                <\/div><div class=\"eael-accordion-list\">\n                <div id=\"do-api-inspections-relieve-the-factory-from-its-obligation-to-deliver-quality-goods\" class=\"elementor-tab-title eael-accordion-header\" tabindex=\"0\" data-tab=\"4\" aria-controls=\"elementor-tab-content-5124\"><span class=\"eael-advanced-accordion-icon-closed\"><\/span><span class=\"eael-advanced-accordion-icon-opened\"><i aria-hidden=\"true\" class=\"fa-accordion-icon fas fa-minus\"><\/i><\/span><h5 class=\"eael-accordion-tab-title\">\u00bfLas inspecciones de API eximen a la f\u00e1brica de su obligaci\u00f3n de suministrar productos de calidad?<\/h5><i aria-hidden=\"true\" class=\"fa-toggle fas fa-angle-right\"><\/i><\/div><div id=\"elementor-tab-content-5124\" class=\"eael-accordion-content clearfix\" data-tab=\"4\" aria-labelledby=\"do-api-inspections-relieve-the-factory-from-its-obligation-to-deliver-quality-goods\"><p>Ninguna acci\u00f3n o inspecci\u00f3n realizada por API exime al fabricante de su obligaci\u00f3n de entregar mercanc\u00edas de calidad adecuada o de compensar al cliente por la entrega de productos deficientes. Las auditor\u00edas, inspecciones, comprobaciones de carga y toma de muestras y pruebas realizadas por API son simplemente parte de la paleta de herramientas de calidad a disposici\u00f3n del comprador para ejercer un mayor control sobre el proceso de compra y reducir la posibilidad de errores, malentendidos, negligencias o incluso fraudes. El objetivo es crear una atm\u00f3sfera de control que env\u00ede un mensaje claro a todas las partes de que deben producirse y enviarse productos con un nivel de calidad adecuado. API es un facilitador; no somos ni una empresa comercial ni un agente.<\/p><\/div>\n                <\/div><div class=\"eael-accordion-list\">\n                <div id=\"what-happens-if-the-goods-arrive-and-we-find-that-there-are-quality-problems-despite-an-inspection-by-api\" class=\"elementor-tab-title eael-accordion-header\" tabindex=\"0\" data-tab=\"5\" aria-controls=\"elementor-tab-content-5125\"><span class=\"eael-advanced-accordion-icon-closed\"><\/span><span class=\"eael-advanced-accordion-icon-opened\"><i aria-hidden=\"true\" class=\"fa-accordion-icon fas fa-minus\"><\/i><\/span><h5 class=\"eael-accordion-tab-title\">\u00bfQu\u00e9 ocurre si llega la mercanc\u00eda y descubrimos que hay problemas de calidad a pesar de la inspecci\u00f3n de API?<\/h5><i aria-hidden=\"true\" class=\"fa-toggle fas fa-angle-right\"><\/i><\/div><div id=\"elementor-tab-content-5125\" class=\"eael-accordion-content clearfix\" data-tab=\"5\" aria-labelledby=\"what-happens-if-the-goods-arrive-and-we-find-that-there-are-quality-problems-despite-an-inspection-by-api\"><p>API es simplemente una empresa de soluciones de garant\u00eda de calidad, y como tal es nuestro trabajo informar y registrar lo que vemos y ayudar a nuestros clientes en la toma de decisiones con respecto a si enviar el producto o no. Como a menudo no estamos presentes durante la carga de los contenedores y solo tomamos una muestra estad\u00edstica del lote total, no podemos garantizar que se hayan enviado los mismos productos, ni que el tama\u00f1o total del lote cumpla las normas de calidad deseadas. Simplemente estamos ah\u00ed para reducir la posibilidad de problemas futuros. Adem\u00e1s, hay un factor humano implicado. Nos esforzamos por lograr la coherencia a trav\u00e9s de la formaci\u00f3n continua. Si se demuestra que el personal de API no detect\u00f3 ni document\u00f3 defectos y\/o problemas de seguridad durante las inspecciones o comprobaciones de montaje, te devolveremos el importe de la inspecci\u00f3n y, en casos de descuido extremo demostrado, hasta diez veces esta cantidad. Cualquier duda que puedas tener sobre la actuaci\u00f3n del personal de API debes comunicarla inmediatamente para que podamos iniciar una investigaci\u00f3n de la reclamaci\u00f3n, que incluye la comprobaci\u00f3n de las muestras de referencia, las muestras de env\u00edo y toda la documentaci\u00f3n relacionada con la inspecci\u00f3n para verificar d\u00f3nde se produjeron los errores. A continuaci\u00f3n, actualizamos nuestros procedimientos y formaci\u00f3n para evitar que se repitan.<\/p><\/div>\n                <\/div><\/div>\t\t<\/div>\n\t\t\t\t<\/div>\n\t\t\t\t\t<\/div>\n\t\t<\/div>\n\t\t\t\t\t<\/div>\n\t\t<\/section>\n\t\t\t\t<\/div>","protected":false},"excerpt":{"rendered":"<p>How Much Notice Do I Have to Give API Prior to Inspection? API will select an appropriate inspector with experience to suit the client and product. In order to achieve this, we need to receive inspection bookings 2-5 working days before the requested inspection date.However API is a flexible company and we can accommodate client [&hellip;]<\/p>","protected":false},"author":1,"featured_media":0,"parent":0,"menu_order":0,"comment_status":"closed","ping_status":"closed","template":"elementor_header_footer","meta":{"footnotes":""},"class_list":["post-1517","page","type-page","status-publish","hentry"],"yoast_head":"<!-- This site is optimized with the Yoast SEO Premium plugin v22.5 (Yoast SEO v22.5) - https:\/\/yoast.com\/wordpress\/plugins\/seo\/ -->\n<title>Household Goods Quality Inspection Solutions FAQs<\/title>\n<meta name=\"description\" content=\"FAQs about API&#039;s Household Goods Quality Inspection Solutions. How much notice do I have to give prior to Inspection?...\" \/>\n<meta name=\"robots\" content=\"index, follow, max-snippet:-1, max-image-preview:large, max-video-preview:-1\" \/>\n<link rel=\"canonical\" href=\"https:\/\/www.api-hk.com\/es\/soluciones-de-inspeccion-de-calidad-de-articulos-domesticos-faqs\/\" \/>\n<meta property=\"og:locale\" content=\"es_ES\" \/>\n<meta property=\"og:type\" content=\"article\" \/>\n<meta property=\"og:title\" content=\"Household Goods Quality Inspection Solutions FAQs\" \/>\n<meta property=\"og:description\" content=\"FAQs about API&#039;s Household Goods Quality Inspection Solutions. How much notice do I have to give prior to Inspection?...\" \/>\n<meta property=\"og:url\" content=\"https:\/\/www.api-hk.com\/es\/soluciones-de-inspeccion-de-calidad-de-articulos-domesticos-faqs\/\" \/>\n<meta property=\"og:site_name\" content=\"API, The Household Goods and Toys Quality Experts\" \/>\n<meta property=\"article:modified_time\" content=\"2023-12-12T11:04:32+00:00\" \/>\n<script type=\"application\/ld+json\" class=\"yoast-schema-graph\">{\"@context\":\"https:\/\/schema.org\",\"@graph\":[{\"@type\":\"WebPage\",\"@id\":\"https:\/\/www.api-hk.com\/household-goods-quality-inspection-solutions-faqs\/\",\"url\":\"https:\/\/www.api-hk.com\/household-goods-quality-inspection-solutions-faqs\/\",\"name\":\"Household Goods Quality Inspection Solutions FAQs\",\"isPartOf\":{\"@id\":\"https:\/\/www.api-hk.com\/#website\"},\"datePublished\":\"2022-06-04T08:59:19+00:00\",\"dateModified\":\"2023-12-12T11:04:32+00:00\",\"description\":\"FAQs about API's Household Goods Quality Inspection Solutions. How much notice do I have to give prior to Inspection?...\",\"breadcrumb\":{\"@id\":\"https:\/\/www.api-hk.com\/household-goods-quality-inspection-solutions-faqs\/#breadcrumb\"},\"inLanguage\":\"es\",\"potentialAction\":[{\"@type\":\"ReadAction\",\"target\":[\"https:\/\/www.api-hk.com\/household-goods-quality-inspection-solutions-faqs\/\"]}]},{\"@type\":\"BreadcrumbList\",\"@id\":\"https:\/\/www.api-hk.com\/household-goods-quality-inspection-solutions-faqs\/#breadcrumb\",\"itemListElement\":[{\"@type\":\"ListItem\",\"position\":1,\"name\":\"Home\",\"item\":\"https:\/\/www.api-hk.com\/\"},{\"@type\":\"ListItem\",\"position\":2,\"name\":\"Household Goods Quality Inspection Solutions FAQs\"}]},{\"@type\":\"WebSite\",\"@id\":\"https:\/\/www.api-hk.com\/#website\",\"url\":\"https:\/\/www.api-hk.com\/\",\"name\":\"API, The Household Goods and Toys Quality Experts\",\"description\":\"Quality management solutions for household goods and toys\",\"publisher\":{\"@id\":\"https:\/\/www.api-hk.com\/#organization\"},\"potentialAction\":[{\"@type\":\"SearchAction\",\"target\":{\"@type\":\"EntryPoint\",\"urlTemplate\":\"https:\/\/www.api-hk.com\/?s={search_term_string}\"},\"query-input\":\"required name=search_term_string\"}],\"inLanguage\":\"es\"},{\"@type\":\"Organization\",\"@id\":\"https:\/\/www.api-hk.com\/#organization\",\"name\":\"API, The Household Goods and Toys Quality Experts\",\"url\":\"https:\/\/www.api-hk.com\/\",\"logo\":{\"@type\":\"ImageObject\",\"inLanguage\":\"es\",\"@id\":\"https:\/\/www.api-hk.com\/#\/schema\/logo\/image\/\",\"url\":\"https:\/\/www.api-hk.com\/wp-content\/uploads\/2023\/06\/ALL-LOGO-API-NEW-BASE-LINE-EXE-color-scaled-1.jpeg\",\"contentUrl\":\"https:\/\/www.api-hk.com\/wp-content\/uploads\/2023\/06\/ALL-LOGO-API-NEW-BASE-LINE-EXE-color-scaled-1.jpeg\",\"width\":2560,\"height\":704,\"caption\":\"API, The Household Goods and Toys Quality Experts\"},\"image\":{\"@id\":\"https:\/\/www.api-hk.com\/#\/schema\/logo\/image\/\"},\"sameAs\":[\"https:\/\/www.youtube.com\/channel\/UCt1TMbm4WdCJnCknRFmmBSw\",\"https:\/\/www.linkedin.com\/company\/asia-pacific-inspection-ltd-\/\"]}]}<\/script>\n<!-- \/ Yoast SEO Premium plugin. -->","yoast_head_json":{"title":"Preguntas frecuentes sobre soluciones de inspecci\u00f3n de calidad de art\u00edculos dom\u00e9sticos","description":"Preguntas frecuentes sobre las soluciones de inspecci\u00f3n de calidad de bienes dom\u00e9sticos de API. \u00bfCon cu\u00e1nta antelaci\u00f3n debo realizar la inspecci\u00f3n?...","robots":{"index":"index","follow":"follow","max-snippet":"max-snippet:-1","max-image-preview":"max-image-preview:large","max-video-preview":"max-video-preview:-1"},"canonical":"https:\/\/www.api-hk.com\/es\/soluciones-de-inspeccion-de-calidad-de-articulos-domesticos-faqs\/","og_locale":"es_ES","og_type":"article","og_title":"Household Goods Quality Inspection Solutions FAQs","og_description":"FAQs about API's Household Goods Quality Inspection Solutions. How much notice do I have to give prior to Inspection?...","og_url":"https:\/\/www.api-hk.com\/es\/soluciones-de-inspeccion-de-calidad-de-articulos-domesticos-faqs\/","og_site_name":"API, The Household Goods and Toys Quality Experts","article_modified_time":"2023-12-12T11:04:32+00:00","schema":{"@context":"https:\/\/schema.org","@graph":[{"@type":"WebPage","@id":"https:\/\/www.api-hk.com\/household-goods-quality-inspection-solutions-faqs\/","url":"https:\/\/www.api-hk.com\/household-goods-quality-inspection-solutions-faqs\/","name":"Preguntas frecuentes sobre soluciones de inspecci\u00f3n de calidad de art\u00edculos dom\u00e9sticos","isPartOf":{"@id":"https:\/\/www.api-hk.com\/#website"},"datePublished":"2022-06-04T08:59:19+00:00","dateModified":"2023-12-12T11:04:32+00:00","description":"Preguntas frecuentes sobre las soluciones de inspecci\u00f3n de calidad de bienes dom\u00e9sticos de API. \u00bfCon cu\u00e1nta antelaci\u00f3n debo realizar la inspecci\u00f3n?...","breadcrumb":{"@id":"https:\/\/www.api-hk.com\/household-goods-quality-inspection-solutions-faqs\/#breadcrumb"},"inLanguage":"es","potentialAction":[{"@type":"ReadAction","target":["https:\/\/www.api-hk.com\/household-goods-quality-inspection-solutions-faqs\/"]}]},{"@type":"BreadcrumbList","@id":"https:\/\/www.api-hk.com\/household-goods-quality-inspection-solutions-faqs\/#breadcrumb","itemListElement":[{"@type":"ListItem","position":1,"name":"Home","item":"https:\/\/www.api-hk.com\/"},{"@type":"ListItem","position":2,"name":"Household Goods Quality Inspection Solutions FAQs"}]},{"@type":"WebSite","@id":"https:\/\/www.api-hk.com\/#website","url":"https:\/\/www.api-hk.com\/","name":"API, Los Expertos en Calidad de Art\u00edculos para el Hogar y Juguetes","description":"Soluciones de gesti\u00f3n de calidad para art\u00edculos del hogar y juguetes","publisher":{"@id":"https:\/\/www.api-hk.com\/#organization"},"potentialAction":[{"@type":"SearchAction","target":{"@type":"EntryPoint","urlTemplate":"https:\/\/www.api-hk.com\/?s={search_term_string}"},"query-input":"required name=search_term_string"}],"inLanguage":"es"},{"@type":"Organization","@id":"https:\/\/www.api-hk.com\/#organization","name":"API, Los Expertos en Calidad de Art\u00edculos para el Hogar y Juguetes","url":"https:\/\/www.api-hk.com\/","logo":{"@type":"ImageObject","inLanguage":"es","@id":"https:\/\/www.api-hk.com\/#\/schema\/logo\/image\/","url":"https:\/\/www.api-hk.com\/wp-content\/uploads\/2023\/06\/ALL-LOGO-API-NEW-BASE-LINE-EXE-color-scaled-1.jpeg","contentUrl":"https:\/\/www.api-hk.com\/wp-content\/uploads\/2023\/06\/ALL-LOGO-API-NEW-BASE-LINE-EXE-color-scaled-1.jpeg","width":2560,"height":704,"caption":"API, The Household Goods and Toys Quality Experts"},"image":{"@id":"https:\/\/www.api-hk.com\/#\/schema\/logo\/image\/"},"sameAs":["https:\/\/www.youtube.com\/channel\/UCt1TMbm4WdCJnCknRFmmBSw","https:\/\/www.linkedin.com\/company\/asia-pacific-inspection-ltd-\/"]}]}},"_links":{"self":[{"href":"https:\/\/www.api-hk.com\/es\/wp-json\/wp\/v2\/pages\/1517","targetHints":{"allow":["GET"]}}],"collection":[{"href":"https:\/\/www.api-hk.com\/es\/wp-json\/wp\/v2\/pages"}],"about":[{"href":"https:\/\/www.api-hk.com\/es\/wp-json\/wp\/v2\/types\/page"}],"author":[{"embeddable":true,"href":"https:\/\/www.api-hk.com\/es\/wp-json\/wp\/v2\/users\/1"}],"replies":[{"embeddable":true,"href":"https:\/\/www.api-hk.com\/es\/wp-json\/wp\/v2\/comments?post=1517"}],"version-history":[{"count":0,"href":"https:\/\/www.api-hk.com\/es\/wp-json\/wp\/v2\/pages\/1517\/revisions"}],"wp:attachment":[{"href":"https:\/\/www.api-hk.com\/es\/wp-json\/wp\/v2\/media?parent=1517"}],"curies":[{"name":"wp","href":"https:\/\/api.w.org\/{rel}","templated":true}]}}